{"id":16548,"date":"2025-02-19T08:00:44","date_gmt":"2025-02-19T08:00:44","guid":{"rendered":"https:\/\/edukeytech.com\/?post_type=product&#038;p=16548"},"modified":"2025-02-19T08:00:44","modified_gmt":"2025-02-19T08:00:44","slug":"led-recepteur-infrarouge-5mm-940nm","status":"publish","type":"product","link":"https:\/\/edukeytech.com\/en\/product\/led-recepteur-infrarouge-5mm-940nm\/","title":{"rendered":"Led R\u00e9cepteur Infrarouge 5mm 940nm"},"content":{"rendered":"<h5>LED r\u00e9cepteur infrarouge ronde, 5mm 940nm IR<\/h5>\n<h5>Ce composant est un capteur opto\u00e9lectronique compact con\u00e7u pour d\u00e9tecter la lumi\u00e8re infrarouge, avec une sensibilit\u00e9 maximale autour de 940 nm. Con\u00e7u au format 5mm, il est souvent utilis\u00e9 dans des applications telles que les t\u00e9l\u00e9commandes, les syst\u00e8mes de s\u00e9curit\u00e9 ou tout dispositif n\u00e9cessitant la r\u00e9ception de signaux IR.<\/h5>","protected":false},"excerpt":{"rendered":"<h5>LED r\u00e9cepteur infrarouge ronde, 5mm 940nm IR<\/h5>","protected":false},"featured_media":16549,"comment_status":"open","ping_status":"closed","template":"","meta":{"_joinchat":[]},"product_brand":[],"product_cat":[112],"product_tag":[],"class_list":{"0":"post-16548","1":"product","2":"type-product","3":"status-publish","4":"has-post-thumbnail","6":"product_cat-leds","8":"first","9":"instock","10":"shipping-taxable","11":"purchasable","12":"product-type-simple"},"_links":{"self":[{"href":"https:\/\/edukeytech.com\/en\/wp-json\/wp\/v2\/product\/16548","targetHints":{"allow":["GET"]}}],"collection":[{"href":"https:\/\/edukeytech.com\/en\/wp-json\/wp\/v2\/product"}],"about":[{"href":"https:\/\/edukeytech.com\/en\/wp-json\/wp\/v2\/types\/product"}],"replies":[{"embeddable":true,"href":"https:\/\/edukeytech.com\/en\/wp-json\/wp\/v2\/comments?post=16548"}],"version-history":[{"count":1,"href":"https:\/\/edukeytech.com\/en\/wp-json\/wp\/v2\/product\/16548\/revisions"}],"predecessor-version":[{"id":16551,"href":"https:\/\/edukeytech.com\/en\/wp-json\/wp\/v2\/product\/16548\/revisions\/16551"}],"wp:featuredmedia":[{"embeddable":true,"href":"https:\/\/edukeytech.com\/en\/wp-json\/wp\/v2\/media\/16549"}],"wp:attachment":[{"href":"https:\/\/edukeytech.com\/en\/wp-json\/wp\/v2\/media?parent=16548"}],"wp:term":[{"taxonomy":"product_brand","embeddable":true,"href":"https:\/\/edukeytech.com\/en\/wp-json\/wp\/v2\/product_brand?post=16548"},{"taxonomy":"product_cat","embeddable":true,"href":"https:\/\/edukeytech.com\/en\/wp-json\/wp\/v2\/product_cat?post=16548"},{"taxonomy":"product_tag","embeddable":true,"href":"https:\/\/edukeytech.com\/en\/wp-json\/wp\/v2\/product_tag?post=16548"}],"curies":[{"name":"wp","href":"https:\/\/api.w.org\/{rel}","templated":true}]}}