{"id":16530,"date":"2025-02-18T23:37:08","date_gmt":"2025-02-18T23:37:08","guid":{"rendered":"https:\/\/edukeytech.com\/?post_type=product&#038;p=16530"},"modified":"2025-02-18T23:37:08","modified_gmt":"2025-02-18T23:37:08","slug":"afficheur-tactile-3-5%e2%80%b3-480x320-pour-raspberry-pi3","status":"publish","type":"product","link":"https:\/\/edukeytech.com\/en\/product\/afficheur-tactile-3-5%e2%80%b3-480x320-pour-raspberry-pi3\/","title":{"rendered":"Afficheur Tactile 3.5\u2033 (480X320) Pour Raspberry PI3"},"content":{"rendered":"<h5><\/h5>\n<h5>L\u2019afficheur tactile 3.5\u2033 est un \u00e9cran TFT r\u00e9solument con\u00e7u pour le Raspberry Pi 3. Il offre une r\u00e9solution de 480\u00d7320 pixels et utilise une interface SPI.<\/h5>\n<h5>Caract\u00e9ristiques:<\/h5>\n<h5>\nType de LCD : TFT<br \/>\nInterface : SPI<br \/>\nType d\u2019\u00e9cran tactile : R\u00e9sistif<br \/>\nContr\u00f4leur tactile : XPT2046<br \/>\nR\u00e9tro-\u00e9clairage : LED<br \/>\nR\u00e9solution : 480\u00d7320 pixels<br \/>\nRapport d\u2019aspect : 2:3<br \/>\nSupport syst\u00e8me : Raspbian<\/h5>","protected":false},"excerpt":{"rendered":"<h5>Ecran tactile de 3,5 pouces offre une r\u00e9solution de 480 x 320 pixels, ce qui permet d\u2019afficher des interfaces graphiques nettes et d\u00e9taill\u00e9es sur un format compact.<\/h5>","protected":false},"featured_media":16533,"comment_status":"open","ping_status":"closed","template":"","meta":{"_joinchat":[]},"product_brand":[],"product_cat":[111],"product_tag":[],"class_list":{"0":"post-16530","1":"product","2":"type-product","3":"status-publish","4":"has-post-thumbnail","6":"product_cat-afficheurs","8":"first","9":"instock","10":"shipping-taxable","11":"purchasable","12":"product-type-simple"},"_links":{"self":[{"href":"https:\/\/edukeytech.com\/en\/wp-json\/wp\/v2\/product\/16530","targetHints":{"allow":["GET"]}}],"collection":[{"href":"https:\/\/edukeytech.com\/en\/wp-json\/wp\/v2\/product"}],"about":[{"href":"https:\/\/edukeytech.com\/en\/wp-json\/wp\/v2\/types\/product"}],"replies":[{"embeddable":true,"href":"https:\/\/edukeytech.com\/en\/wp-json\/wp\/v2\/comments?post=16530"}],"version-history":[{"count":1,"href":"https:\/\/edukeytech.com\/en\/wp-json\/wp\/v2\/product\/16530\/revisions"}],"predecessor-version":[{"id":16534,"href":"https:\/\/edukeytech.com\/en\/wp-json\/wp\/v2\/product\/16530\/revisions\/16534"}],"wp:featuredmedia":[{"embeddable":true,"href":"https:\/\/edukeytech.com\/en\/wp-json\/wp\/v2\/media\/16533"}],"wp:attachment":[{"href":"https:\/\/edukeytech.com\/en\/wp-json\/wp\/v2\/media?parent=16530"}],"wp:term":[{"taxonomy":"product_brand","embeddable":true,"href":"https:\/\/edukeytech.com\/en\/wp-json\/wp\/v2\/product_brand?post=16530"},{"taxonomy":"product_cat","embeddable":true,"href":"https:\/\/edukeytech.com\/en\/wp-json\/wp\/v2\/product_cat?post=16530"},{"taxonomy":"product_tag","embeddable":true,"href":"https:\/\/edukeytech.com\/en\/wp-json\/wp\/v2\/product_tag?post=16530"}],"curies":[{"name":"wp","href":"https:\/\/api.w.org\/{rel}","templated":true}]}}