{"id":16525,"date":"2025-02-18T23:26:47","date_gmt":"2025-02-18T23:26:47","guid":{"rendered":"https:\/\/edukeytech.com\/?post_type=product&#038;p=16525"},"modified":"2025-03-22T00:24:18","modified_gmt":"2025-03-22T00:24:18","slug":"afficheur-lcd-1602","status":"publish","type":"product","link":"https:\/\/edukeytech.com\/en\/product\/afficheur-lcd-1602\/","title":{"rendered":"Afficheur LCD 1602"},"content":{"rendered":"<h5>Ecran LCD 1602\u00a0 &#8211; 2\u00d716 Bleu, l\u2019accessoire indispensable pour afficher vos donn\u00e9es de mani\u00e8re claire et pr\u00e9cise. Sa taille compacte et son r\u00e9tro-\u00e9clairage bleu en font un outil id\u00e9al pour vos projets \u00e9lectroniques. Optez pour la qualit\u00e9 et la fiabilit\u00e9 avec cet \u00e9cran LCD performant.<\/h5>\n<h5>Caract\u00e9ristiques:<br \/>\nTaille de l\u2019\u00e9cran : 2 lignes x 16 caract\u00e8res<br \/>\nCouleur de l\u2019\u00e9cran : Bleu<br \/>\nTension de fonctionnement : 5V<br \/>\nInterface : I2C<br \/>\nContraste r\u00e9glable<\/h5>","protected":false},"excerpt":{"rendered":"<h5>Afficheur LCD 1602 2\u00d716 Bleu : Ecran de Qualit\u00e9 Sup\u00e9rieure pour Vos Projets \u00c9lectroniques.<\/h5>","protected":false},"featured_media":17962,"comment_status":"open","ping_status":"closed","template":"","meta":{"_joinchat":[]},"product_brand":[],"product_cat":[111],"product_tag":[],"class_list":{"0":"post-16525","1":"product","2":"type-product","3":"status-publish","4":"has-post-thumbnail","6":"product_cat-afficheurs","8":"first","9":"instock","10":"shipping-taxable","11":"purchasable","12":"product-type-simple"},"_links":{"self":[{"href":"https:\/\/edukeytech.com\/en\/wp-json\/wp\/v2\/product\/16525","targetHints":{"allow":["GET"]}}],"collection":[{"href":"https:\/\/edukeytech.com\/en\/wp-json\/wp\/v2\/product"}],"about":[{"href":"https:\/\/edukeytech.com\/en\/wp-json\/wp\/v2\/types\/product"}],"replies":[{"embeddable":true,"href":"https:\/\/edukeytech.com\/en\/wp-json\/wp\/v2\/comments?post=16525"}],"version-history":[{"count":1,"href":"https:\/\/edukeytech.com\/en\/wp-json\/wp\/v2\/product\/16525\/revisions"}],"predecessor-version":[{"id":16529,"href":"https:\/\/edukeytech.com\/en\/wp-json\/wp\/v2\/product\/16525\/revisions\/16529"}],"wp:featuredmedia":[{"embeddable":true,"href":"https:\/\/edukeytech.com\/en\/wp-json\/wp\/v2\/media\/17962"}],"wp:attachment":[{"href":"https:\/\/edukeytech.com\/en\/wp-json\/wp\/v2\/media?parent=16525"}],"wp:term":[{"taxonomy":"product_brand","embeddable":true,"href":"https:\/\/edukeytech.com\/en\/wp-json\/wp\/v2\/product_brand?post=16525"},{"taxonomy":"product_cat","embeddable":true,"href":"https:\/\/edukeytech.com\/en\/wp-json\/wp\/v2\/product_cat?post=16525"},{"taxonomy":"product_tag","embeddable":true,"href":"https:\/\/edukeytech.com\/en\/wp-json\/wp\/v2\/product_tag?post=16525"}],"curies":[{"name":"wp","href":"https:\/\/api.w.org\/{rel}","templated":true}]}}