{"id":16518,"date":"2025-02-18T22:55:19","date_gmt":"2025-02-18T22:55:19","guid":{"rendered":"https:\/\/edukeytech.com\/?post_type=product&#038;p=16518"},"modified":"2025-02-18T22:55:20","modified_gmt":"2025-02-18T22:55:20","slug":"roulette-a-bille-pivotante","status":"publish","type":"product","link":"https:\/\/edukeytech.com\/en\/product\/roulette-a-bille-pivotante\/","title":{"rendered":"Roulette \u00e0 Bille Pivotante"},"content":{"rendered":"<h5>Roulette avec roue \u00e0 bille pivotante.<\/h5>\n<h5>roue libre pour ch\u00e2ssis robot, un accessoire essentiel pour une mobilit\u00e9 optimale et une direction fluide de votre robot. Facile \u00e0 installer et durable, cette roue libre garantit des performances de pointe pour votre projet robotique.<\/h5>\n<h5>Caract\u00e9ristiques :<\/h5>\n<h5>Mat\u00e9riau : Alliage d\u2019aluminium<br \/>\nDiam\u00e8tre : 50 mm<br \/>\nPoids : 100 g<br \/>\nCompatibilit\u00e9 : Ch\u00e2ssis robot standards<br \/>\nCouleur : Argent<\/h5>","protected":false},"excerpt":{"rendered":"<p>Roulette avec roue \u00e0 bille pivotante;<\/p>","protected":false},"featured_media":16521,"comment_status":"open","ping_status":"closed","template":"","meta":{"_joinchat":[]},"product_brand":[],"product_cat":[20,109],"product_tag":[],"class_list":{"0":"post-16518","1":"product","2":"type-product","3":"status-publish","4":"has-post-thumbnail","6":"product_cat-accessories","7":"product_cat-robots","9":"first","10":"instock","11":"shipping-taxable","12":"purchasable","13":"product-type-simple"},"_links":{"self":[{"href":"https:\/\/edukeytech.com\/en\/wp-json\/wp\/v2\/product\/16518","targetHints":{"allow":["GET"]}}],"collection":[{"href":"https:\/\/edukeytech.com\/en\/wp-json\/wp\/v2\/product"}],"about":[{"href":"https:\/\/edukeytech.com\/en\/wp-json\/wp\/v2\/types\/product"}],"replies":[{"embeddable":true,"href":"https:\/\/edukeytech.com\/en\/wp-json\/wp\/v2\/comments?post=16518"}],"version-history":[{"count":2,"href":"https:\/\/edukeytech.com\/en\/wp-json\/wp\/v2\/product\/16518\/revisions"}],"predecessor-version":[{"id":16524,"href":"https:\/\/edukeytech.com\/en\/wp-json\/wp\/v2\/product\/16518\/revisions\/16524"}],"wp:featuredmedia":[{"embeddable":true,"href":"https:\/\/edukeytech.com\/en\/wp-json\/wp\/v2\/media\/16521"}],"wp:attachment":[{"href":"https:\/\/edukeytech.com\/en\/wp-json\/wp\/v2\/media?parent=16518"}],"wp:term":[{"taxonomy":"product_brand","embeddable":true,"href":"https:\/\/edukeytech.com\/en\/wp-json\/wp\/v2\/product_brand?post=16518"},{"taxonomy":"product_cat","embeddable":true,"href":"https:\/\/edukeytech.com\/en\/wp-json\/wp\/v2\/product_cat?post=16518"},{"taxonomy":"product_tag","embeddable":true,"href":"https:\/\/edukeytech.com\/en\/wp-json\/wp\/v2\/product_tag?post=16518"}],"curies":[{"name":"wp","href":"https:\/\/api.w.org\/{rel}","templated":true}]}}