{"id":16512,"date":"2025-02-18T22:12:41","date_gmt":"2025-02-18T22:12:41","guid":{"rendered":"https:\/\/edukeytech.com\/?post_type=product&#038;p=16512"},"modified":"2025-02-18T22:12:41","modified_gmt":"2025-02-18T22:12:41","slug":"roue-pour-voiture-2wd-4wd","status":"publish","type":"product","link":"https:\/\/edukeytech.com\/en\/product\/roue-pour-voiture-2wd-4wd\/","title":{"rendered":"Roue Pour Voiture 2WD\/4WD"},"content":{"rendered":"<h4>Roue Pour Voiture 2WD\/4WD<\/h4>\n<h5>Les roues jaunes pour voitures 2WD\/4WD offrent une performance exceptionnelle gr\u00e2ce \u00e0 leur pneu souple qui am\u00e9liore significativement l\u2019adh\u00e9rence sur diverses surfaces.<\/h5>\n<h5>Diam\u00e8tre : 65 mm<br \/>\n\u00c9paisseur : 26 mm<br \/>\nCouleur : Jaune<br \/>\nMat\u00e9riau : Le moyeu central en plastique de Haute R\u00e9sistance , un rev\u00eatement en caoutchouc<\/h5>","protected":false},"excerpt":{"rendered":"<h5>Roue jaune pour Voiture 2WD\/4WD, \u00e9quip\u00e9e d\u2019un pneu souple procurant une bonne adh\u00e9rence, le moyeu est en plastique de haute r\u00e9sistance.<\/h5>","protected":false},"featured_media":16513,"comment_status":"open","ping_status":"closed","template":"","meta":{"_joinchat":[]},"product_brand":[],"product_cat":[109],"product_tag":[],"class_list":{"0":"post-16512","1":"product","2":"type-product","3":"status-publish","4":"has-post-thumbnail","6":"product_cat-robots","8":"first","9":"instock","10":"shipping-taxable","11":"purchasable","12":"product-type-simple"},"_links":{"self":[{"href":"https:\/\/edukeytech.com\/en\/wp-json\/wp\/v2\/product\/16512","targetHints":{"allow":["GET"]}}],"collection":[{"href":"https:\/\/edukeytech.com\/en\/wp-json\/wp\/v2\/product"}],"about":[{"href":"https:\/\/edukeytech.com\/en\/wp-json\/wp\/v2\/types\/product"}],"replies":[{"embeddable":true,"href":"https:\/\/edukeytech.com\/en\/wp-json\/wp\/v2\/comments?post=16512"}],"version-history":[{"count":1,"href":"https:\/\/edukeytech.com\/en\/wp-json\/wp\/v2\/product\/16512\/revisions"}],"predecessor-version":[{"id":16516,"href":"https:\/\/edukeytech.com\/en\/wp-json\/wp\/v2\/product\/16512\/revisions\/16516"}],"wp:featuredmedia":[{"embeddable":true,"href":"https:\/\/edukeytech.com\/en\/wp-json\/wp\/v2\/media\/16513"}],"wp:attachment":[{"href":"https:\/\/edukeytech.com\/en\/wp-json\/wp\/v2\/media?parent=16512"}],"wp:term":[{"taxonomy":"product_brand","embeddable":true,"href":"https:\/\/edukeytech.com\/en\/wp-json\/wp\/v2\/product_brand?post=16512"},{"taxonomy":"product_cat","embeddable":true,"href":"https:\/\/edukeytech.com\/en\/wp-json\/wp\/v2\/product_cat?post=16512"},{"taxonomy":"product_tag","embeddable":true,"href":"https:\/\/edukeytech.com\/en\/wp-json\/wp\/v2\/product_tag?post=16512"}],"curies":[{"name":"wp","href":"https:\/\/api.w.org\/{rel}","templated":true}]}}