{"id":16507,"date":"2025-02-18T21:44:35","date_gmt":"2025-02-18T21:44:35","guid":{"rendered":"https:\/\/edukeytech.com\/?post_type=product&#038;p=16507"},"modified":"2025-02-18T21:44:38","modified_gmt":"2025-02-18T21:44:38","slug":"moteur-reducteur-pour-voiture-robot-2wd-4wd","status":"publish","type":"product","link":"https:\/\/edukeytech.com\/en\/product\/moteur-reducteur-pour-voiture-robot-2wd-4wd\/","title":{"rendered":"Moteur R\u00e9ducteur Pour Voiture Robot 2WD\/4WD"},"content":{"rendered":"<h5>Moteur R\u00e9ducteur Pour Voiture Robot 2WD\/4WD<\/h5>\n<h5>Moteur r\u00e9ducteur combine un moteur \u00e0 courant continu (DC) avec une bo\u00eete de r\u00e9duction int\u00e9gr\u00e9e.<\/h5>\n<h5>Il est sp\u00e9cialement con\u00e7u pour la robotique mobile, permettant de transformer une vitesse de rotation \u00e9lev\u00e9e en une vitesse plus contr\u00f4l\u00e9e tout en multipliant le couple. Ce syst\u00e8me est indispensable pour les applications robotiques n\u00e9cessitant une bonne traction et une r\u00e9ponse pr\u00e9cise, que ce soit sur un ch\u00e2ssis \u00e0 2 roues motrices (2WD) ou 4 roues motrices (4WD).<\/h5>\n<h5>Tension d\u2019alimentation: 3V \u00e0 12V DC<\/h5>\n<h5>Rapport de r\u00e9duction: 1:48 (pour 3V)<\/h5>","protected":false},"excerpt":{"rendered":"<h5>Moteur R\u00e9ducteur pour voiture robot intelligent 2WD\/4WD.<\/h5>","protected":false},"featured_media":16508,"comment_status":"open","ping_status":"closed","template":"","meta":{"_joinchat":[]},"product_brand":[],"product_cat":[109],"product_tag":[],"class_list":{"0":"post-16507","1":"product","2":"type-product","3":"status-publish","4":"has-post-thumbnail","6":"product_cat-robots","8":"first","9":"instock","10":"shipping-taxable","11":"purchasable","12":"product-type-simple"},"_links":{"self":[{"href":"https:\/\/edukeytech.com\/en\/wp-json\/wp\/v2\/product\/16507","targetHints":{"allow":["GET"]}}],"collection":[{"href":"https:\/\/edukeytech.com\/en\/wp-json\/wp\/v2\/product"}],"about":[{"href":"https:\/\/edukeytech.com\/en\/wp-json\/wp\/v2\/types\/product"}],"replies":[{"embeddable":true,"href":"https:\/\/edukeytech.com\/en\/wp-json\/wp\/v2\/comments?post=16507"}],"version-history":[{"count":1,"href":"https:\/\/edukeytech.com\/en\/wp-json\/wp\/v2\/product\/16507\/revisions"}],"predecessor-version":[{"id":16511,"href":"https:\/\/edukeytech.com\/en\/wp-json\/wp\/v2\/product\/16507\/revisions\/16511"}],"wp:featuredmedia":[{"embeddable":true,"href":"https:\/\/edukeytech.com\/en\/wp-json\/wp\/v2\/media\/16508"}],"wp:attachment":[{"href":"https:\/\/edukeytech.com\/en\/wp-json\/wp\/v2\/media?parent=16507"}],"wp:term":[{"taxonomy":"product_brand","embeddable":true,"href":"https:\/\/edukeytech.com\/en\/wp-json\/wp\/v2\/product_brand?post=16507"},{"taxonomy":"product_cat","embeddable":true,"href":"https:\/\/edukeytech.com\/en\/wp-json\/wp\/v2\/product_cat?post=16507"},{"taxonomy":"product_tag","embeddable":true,"href":"https:\/\/edukeytech.com\/en\/wp-json\/wp\/v2\/product_tag?post=16507"}],"curies":[{"name":"wp","href":"https:\/\/api.w.org\/{rel}","templated":true}]}}