{"id":16501,"date":"2025-02-18T21:25:11","date_gmt":"2025-02-18T21:25:11","guid":{"rendered":"https:\/\/edukeytech.com\/?post_type=product&#038;p=16501"},"modified":"2025-02-18T21:25:15","modified_gmt":"2025-02-18T21:25:15","slug":"kit-chassis-voiture-4wd-smart-robot","status":"publish","type":"product","link":"https:\/\/edukeytech.com\/en\/product\/kit-chassis-voiture-4wd-smart-robot\/","title":{"rendered":"Kit Chassis Voiture 4WD Smart Robot"},"content":{"rendered":"<h4>Kit Chassis Voiture 4WD Smart Robot<\/h4>\n<h5>Kit chassis voiture 4WD robotique motoris\u00e9e compos\u00e9e de 4 moteurs CC, et d\u2019un ch\u00e2ssis 4WD \u00e0 4 roues motrices, et un porte-piles de 4xAA.<\/h5>\n<h5>Ce kit est con\u00e7u pour construire un robot mobile \u00e0 quatre roues motrices (4WD), offrant une excellente traction et stabilit\u00e9 sur divers types de terrains. Id\u00e9al pour les projets de robotique \u00e9ducative, DIY ou de comp\u00e9tition, il permet d&rsquo;exp\u00e9rimenter des concepts de navigation autonome, de commande \u00e0 distance et d&rsquo;int\u00e9gration de divers capteurs.<\/h5>","protected":false},"excerpt":{"rendered":"<h4>Kit Chassis Voiture 4WD Smart Robot<\/h4>","protected":false},"featured_media":16502,"comment_status":"open","ping_status":"closed","template":"","meta":{"_joinchat":[]},"product_brand":[],"product_cat":[109],"product_tag":[],"class_list":{"0":"post-16501","1":"product","2":"type-product","3":"status-publish","4":"has-post-thumbnail","6":"product_cat-robots","8":"first","9":"instock","10":"shipping-taxable","11":"purchasable","12":"product-type-simple"},"_links":{"self":[{"href":"https:\/\/edukeytech.com\/en\/wp-json\/wp\/v2\/product\/16501","targetHints":{"allow":["GET"]}}],"collection":[{"href":"https:\/\/edukeytech.com\/en\/wp-json\/wp\/v2\/product"}],"about":[{"href":"https:\/\/edukeytech.com\/en\/wp-json\/wp\/v2\/types\/product"}],"replies":[{"embeddable":true,"href":"https:\/\/edukeytech.com\/en\/wp-json\/wp\/v2\/comments?post=16501"}],"version-history":[{"count":1,"href":"https:\/\/edukeytech.com\/en\/wp-json\/wp\/v2\/product\/16501\/revisions"}],"predecessor-version":[{"id":16506,"href":"https:\/\/edukeytech.com\/en\/wp-json\/wp\/v2\/product\/16501\/revisions\/16506"}],"wp:featuredmedia":[{"embeddable":true,"href":"https:\/\/edukeytech.com\/en\/wp-json\/wp\/v2\/media\/16502"}],"wp:attachment":[{"href":"https:\/\/edukeytech.com\/en\/wp-json\/wp\/v2\/media?parent=16501"}],"wp:term":[{"taxonomy":"product_brand","embeddable":true,"href":"https:\/\/edukeytech.com\/en\/wp-json\/wp\/v2\/product_brand?post=16501"},{"taxonomy":"product_cat","embeddable":true,"href":"https:\/\/edukeytech.com\/en\/wp-json\/wp\/v2\/product_cat?post=16501"},{"taxonomy":"product_tag","embeddable":true,"href":"https:\/\/edukeytech.com\/en\/wp-json\/wp\/v2\/product_tag?post=16501"}],"curies":[{"name":"wp","href":"https:\/\/api.w.org\/{rel}","templated":true}]}}