{"id":16488,"date":"2025-02-18T20:22:03","date_gmt":"2025-02-18T20:22:03","guid":{"rendered":"https:\/\/edukeytech.com\/?post_type=product&#038;p=16488"},"modified":"2025-02-18T20:22:03","modified_gmt":"2025-02-18T20:22:03","slug":"accessoires-de-fixation-pour-voiture-2wd","status":"publish","type":"product","link":"https:\/\/edukeytech.com\/en\/product\/accessoires-de-fixation-pour-voiture-2wd\/","title":{"rendered":"Accessoires de fixation pour voiture 2WD"},"content":{"rendered":"<h5><strong data-spm-anchor-id=\"a2g0o.detail.1000023.i0.51ab9iiB9iiBEX\">Accessoires de fixation pour voiture 2WD (<\/strong><strong data-spm-anchor-id=\"a2g0o.detail.1000023.i0.51ab9iiB9iiBEX\">des supports de moteur tt avec vis et \u00e9crous)<\/strong><\/h5>\n<h5><strong>Taille du produit taille de t (35mm * 15mm * 3mm ) <\/strong><strong>\u00e9crou M3 vis M3 * 30<\/strong><\/h5>\n<h5><strong>\u00a0principalement utilis\u00e9 pour fixer le moteur de r\u00e9ducteur , avec des vis et des \u00e9crous.<\/strong><\/h5>\n<h5><strong data-spm-anchor-id=\"a2g0o.detail.1000023.i1.51ab9iiB9iiBEX\">Liste de produits: 4 pi\u00e8ces de type T + vis + \u00e9crous<\/strong><\/h5>","protected":false},"excerpt":{"rendered":"<h5>Accessoires de fixation pour voiture 2WD<\/h5>","protected":false},"featured_media":16491,"comment_status":"open","ping_status":"closed","template":"","meta":{"_joinchat":[]},"product_brand":[],"product_cat":[109],"product_tag":[],"class_list":{"0":"post-16488","1":"product","2":"type-product","3":"status-publish","4":"has-post-thumbnail","6":"product_cat-robots","8":"first","9":"instock","10":"shipping-taxable","11":"purchasable","12":"product-type-simple"},"_links":{"self":[{"href":"https:\/\/edukeytech.com\/en\/wp-json\/wp\/v2\/product\/16488","targetHints":{"allow":["GET"]}}],"collection":[{"href":"https:\/\/edukeytech.com\/en\/wp-json\/wp\/v2\/product"}],"about":[{"href":"https:\/\/edukeytech.com\/en\/wp-json\/wp\/v2\/types\/product"}],"replies":[{"embeddable":true,"href":"https:\/\/edukeytech.com\/en\/wp-json\/wp\/v2\/comments?post=16488"}],"version-history":[{"count":1,"href":"https:\/\/edukeytech.com\/en\/wp-json\/wp\/v2\/product\/16488\/revisions"}],"predecessor-version":[{"id":16492,"href":"https:\/\/edukeytech.com\/en\/wp-json\/wp\/v2\/product\/16488\/revisions\/16492"}],"wp:featuredmedia":[{"embeddable":true,"href":"https:\/\/edukeytech.com\/en\/wp-json\/wp\/v2\/media\/16491"}],"wp:attachment":[{"href":"https:\/\/edukeytech.com\/en\/wp-json\/wp\/v2\/media?parent=16488"}],"wp:term":[{"taxonomy":"product_brand","embeddable":true,"href":"https:\/\/edukeytech.com\/en\/wp-json\/wp\/v2\/product_brand?post=16488"},{"taxonomy":"product_cat","embeddable":true,"href":"https:\/\/edukeytech.com\/en\/wp-json\/wp\/v2\/product_cat?post=16488"},{"taxonomy":"product_tag","embeddable":true,"href":"https:\/\/edukeytech.com\/en\/wp-json\/wp\/v2\/product_tag?post=16488"}],"curies":[{"name":"wp","href":"https:\/\/api.w.org\/{rel}","templated":true}]}}