{"id":16481,"date":"2025-02-18T19:43:46","date_gmt":"2025-02-18T19:43:46","guid":{"rendered":"https:\/\/edukeytech.com\/?post_type=product&#038;p=16481"},"modified":"2025-02-18T19:46:02","modified_gmt":"2025-02-18T19:46:02","slug":"plaque-en-acrylique-pour-voiture-2wd","status":"publish","type":"product","link":"https:\/\/edukeytech.com\/en\/product\/plaque-en-acrylique-pour-voiture-2wd\/","title":{"rendered":"Plaque en Acrylique pour Voiture 2WD"},"content":{"rendered":"<p>Plaque en acrylique pour voiture \u00e0 deux roues motrices 2WD, est une composante essentielle pour assembler le ch\u00e2ssis d\u2019un robot voiture \u00e0 deux roues . L&rsquo;acrylique offre une excellente transparence, permettant de visualiser les composants internes tout en assurant une bonne r\u00e9sistance aux chocs et aux intemp\u00e9ries.<\/p>","protected":false},"excerpt":{"rendered":"<p>Plaque en acrylique est sp\u00e9cialement con\u00e7ue pour \u00eatre utilis\u00e9e dans des projets de mod\u00e9lisme ou de robotique, notamment pour les v\u00e9hicules \u00e0 deux roues motrices (2WD).<\/p>","protected":false},"featured_media":16486,"comment_status":"open","ping_status":"closed","template":"","meta":{"_joinchat":[]},"product_brand":[],"product_cat":[109],"product_tag":[],"class_list":{"0":"post-16481","1":"product","2":"type-product","3":"status-publish","4":"has-post-thumbnail","6":"product_cat-robots","8":"first","9":"instock","10":"shipping-taxable","11":"purchasable","12":"product-type-simple"},"_links":{"self":[{"href":"https:\/\/edukeytech.com\/en\/wp-json\/wp\/v2\/product\/16481","targetHints":{"allow":["GET"]}}],"collection":[{"href":"https:\/\/edukeytech.com\/en\/wp-json\/wp\/v2\/product"}],"about":[{"href":"https:\/\/edukeytech.com\/en\/wp-json\/wp\/v2\/types\/product"}],"replies":[{"embeddable":true,"href":"https:\/\/edukeytech.com\/en\/wp-json\/wp\/v2\/comments?post=16481"}],"version-history":[{"count":1,"href":"https:\/\/edukeytech.com\/en\/wp-json\/wp\/v2\/product\/16481\/revisions"}],"predecessor-version":[{"id":16487,"href":"https:\/\/edukeytech.com\/en\/wp-json\/wp\/v2\/product\/16481\/revisions\/16487"}],"wp:featuredmedia":[{"embeddable":true,"href":"https:\/\/edukeytech.com\/en\/wp-json\/wp\/v2\/media\/16486"}],"wp:attachment":[{"href":"https:\/\/edukeytech.com\/en\/wp-json\/wp\/v2\/media?parent=16481"}],"wp:term":[{"taxonomy":"product_brand","embeddable":true,"href":"https:\/\/edukeytech.com\/en\/wp-json\/wp\/v2\/product_brand?post=16481"},{"taxonomy":"product_cat","embeddable":true,"href":"https:\/\/edukeytech.com\/en\/wp-json\/wp\/v2\/product_cat?post=16481"},{"taxonomy":"product_tag","embeddable":true,"href":"https:\/\/edukeytech.com\/en\/wp-json\/wp\/v2\/product_tag?post=16481"}],"curies":[{"name":"wp","href":"https:\/\/api.w.org\/{rel}","templated":true}]}}