{"id":16477,"date":"2025-02-18T19:21:16","date_gmt":"2025-02-18T19:21:16","guid":{"rendered":"https:\/\/edukeytech.com\/?post_type=product&#038;p=16477"},"modified":"2025-02-18T19:21:17","modified_gmt":"2025-02-18T19:21:17","slug":"boitier-transparent-pour-raspberry-pi4","status":"publish","type":"product","link":"https:\/\/edukeytech.com\/en\/product\/boitier-transparent-pour-raspberry-pi4\/","title":{"rendered":"Bo\u00eetier Transparent pour Raspberry PI4"},"content":{"rendered":"<h5>Le bo\u00eetier est fabriqu\u00e9 en acrylique\u00a0 de haute qualit\u00e9. Ce mat\u00e9riau transparent offre une excellente r\u00e9sistance aux chocs tout en permettant de visualiser les composants internes du Raspberry Pi 4.<\/h5>\n<h4>Caract\u00e9ristiques:<\/h4>\n<h5>Mat\u00e9riau: acrylique<br \/>\nPoids: 60g environ (bo\u00eetier) \/ 70g environ (bo\u00eetier avec ventilateur)<br \/>\nCouleur: Transparent<br \/>\nUtilisation pour: Raspberry Pi 4 mod\u00e8le B<\/h5>","protected":false},"excerpt":{"rendered":"<h5>Le bo\u00eetier est fabriqu\u00e9 en acrylique\u00a0 de haute qualit\u00e9. Ce mat\u00e9riau transparent offre une excellente r\u00e9sistance aux chocs tout en permettant de visualiser les composants internes du Raspberry Pi 4.<\/h5>","protected":false},"featured_media":16479,"comment_status":"open","ping_status":"closed","template":"","meta":{"_joinchat":[]},"product_brand":[],"product_cat":[78],"product_tag":[],"class_list":{"0":"post-16477","1":"product","2":"type-product","3":"status-publish","4":"has-post-thumbnail","6":"product_cat-carte-arduino","8":"first","9":"instock","10":"shipping-taxable","11":"purchasable","12":"product-type-simple"},"_links":{"self":[{"href":"https:\/\/edukeytech.com\/en\/wp-json\/wp\/v2\/product\/16477","targetHints":{"allow":["GET"]}}],"collection":[{"href":"https:\/\/edukeytech.com\/en\/wp-json\/wp\/v2\/product"}],"about":[{"href":"https:\/\/edukeytech.com\/en\/wp-json\/wp\/v2\/types\/product"}],"replies":[{"embeddable":true,"href":"https:\/\/edukeytech.com\/en\/wp-json\/wp\/v2\/comments?post=16477"}],"version-history":[{"count":1,"href":"https:\/\/edukeytech.com\/en\/wp-json\/wp\/v2\/product\/16477\/revisions"}],"predecessor-version":[{"id":16480,"href":"https:\/\/edukeytech.com\/en\/wp-json\/wp\/v2\/product\/16477\/revisions\/16480"}],"wp:featuredmedia":[{"embeddable":true,"href":"https:\/\/edukeytech.com\/en\/wp-json\/wp\/v2\/media\/16479"}],"wp:attachment":[{"href":"https:\/\/edukeytech.com\/en\/wp-json\/wp\/v2\/media?parent=16477"}],"wp:term":[{"taxonomy":"product_brand","embeddable":true,"href":"https:\/\/edukeytech.com\/en\/wp-json\/wp\/v2\/product_brand?post=16477"},{"taxonomy":"product_cat","embeddable":true,"href":"https:\/\/edukeytech.com\/en\/wp-json\/wp\/v2\/product_cat?post=16477"},{"taxonomy":"product_tag","embeddable":true,"href":"https:\/\/edukeytech.com\/en\/wp-json\/wp\/v2\/product_tag?post=16477"}],"curies":[{"name":"wp","href":"https:\/\/api.w.org\/{rel}","templated":true}]}}