{"id":16398,"date":"2025-02-12T00:03:11","date_gmt":"2025-02-12T00:03:11","guid":{"rendered":"https:\/\/edukeytech.com\/?post_type=product&#038;p=16398"},"modified":"2025-02-22T18:46:17","modified_gmt":"2025-02-22T18:46:17","slug":"interrupteur-fin-de-course-avec-levier-a-galet-16a-250v","status":"publish","type":"product","link":"https:\/\/edukeytech.com\/en\/product\/interrupteur-fin-de-course-avec-levier-a-galet-16a-250v\/","title":{"rendered":"Interrupteur Fin de Course KW11-3Z 5A250V"},"content":{"rendered":"<h5>Interrupteur Fin de Course avec Levier \u00e0 Galet 16A 250V<br \/>\nL\u2019interrupteur fin de course avec levier \u00e0 galet est un dispositif \u00e9lectrom\u00e9canique utilis\u00e9 pour d\u00e9tecter la position d\u2019un objet en mouvement et d\u00e9clencher une action \u00e9lectrique en cons\u00e9quence.<\/h5>\n<h5>Caract\u00e9ristiques :<br \/>\nType : Interrupteur fin de course (Limit Switch)<br \/>\nActionnement : Levier \u00e0 galet (roue pour faciliter le contact)<br \/>\nTension nominale : 250V<br \/>\nCourant nominal : 16A<br \/>\nNombre de contacts : 1 NO + 1 NC (Normalement Ouvert et Normalement Ferm\u00e9)<br \/>\n\ud83d\udd39 Mat\u00e9riau du bo\u00eetier : Plastique ou m\u00e9tal robuste<br \/>\n\ud83d\udd39 Temp\u00e9rature de fonctionnement : -25\u00b0C \u00e0 +80\u00b0C en g\u00e9n\u00e9ral<\/h5>","protected":false},"excerpt":{"rendered":"<h5>Interrupteur Fin de Course avec Levier \u00e0 Galet 16A 250V<\/h5>","protected":false},"featured_media":16399,"comment_status":"open","ping_status":"closed","template":"","meta":{"_joinchat":[]},"product_brand":[],"product_cat":[120],"product_tag":[],"class_list":{"0":"post-16398","1":"product","2":"type-product","3":"status-publish","4":"has-post-thumbnail","6":"product_cat-commutateurs-boutons","8":"first","9":"instock","10":"shipping-taxable","11":"purchasable","12":"product-type-simple"},"_links":{"self":[{"href":"https:\/\/edukeytech.com\/en\/wp-json\/wp\/v2\/product\/16398","targetHints":{"allow":["GET"]}}],"collection":[{"href":"https:\/\/edukeytech.com\/en\/wp-json\/wp\/v2\/product"}],"about":[{"href":"https:\/\/edukeytech.com\/en\/wp-json\/wp\/v2\/types\/product"}],"replies":[{"embeddable":true,"href":"https:\/\/edukeytech.com\/en\/wp-json\/wp\/v2\/comments?post=16398"}],"version-history":[{"count":2,"href":"https:\/\/edukeytech.com\/en\/wp-json\/wp\/v2\/product\/16398\/revisions"}],"predecessor-version":[{"id":16813,"href":"https:\/\/edukeytech.com\/en\/wp-json\/wp\/v2\/product\/16398\/revisions\/16813"}],"wp:featuredmedia":[{"embeddable":true,"href":"https:\/\/edukeytech.com\/en\/wp-json\/wp\/v2\/media\/16399"}],"wp:attachment":[{"href":"https:\/\/edukeytech.com\/en\/wp-json\/wp\/v2\/media?parent=16398"}],"wp:term":[{"taxonomy":"product_brand","embeddable":true,"href":"https:\/\/edukeytech.com\/en\/wp-json\/wp\/v2\/product_brand?post=16398"},{"taxonomy":"product_cat","embeddable":true,"href":"https:\/\/edukeytech.com\/en\/wp-json\/wp\/v2\/product_cat?post=16398"},{"taxonomy":"product_tag","embeddable":true,"href":"https:\/\/edukeytech.com\/en\/wp-json\/wp\/v2\/product_tag?post=16398"}],"curies":[{"name":"wp","href":"https:\/\/api.w.org\/{rel}","templated":true}]}}