{"id":16394,"date":"2025-02-11T23:19:30","date_gmt":"2025-02-11T23:19:30","guid":{"rendered":"https:\/\/edukeytech.com\/?post_type=product&#038;p=16394"},"modified":"2025-03-09T22:40:37","modified_gmt":"2025-03-09T22:40:37","slug":"interrupteur-on-off-3-broches-6a-250v","status":"publish","type":"product","link":"https:\/\/edukeytech.com\/en\/product\/interrupteur-on-off-3-broches-6a-250v\/","title":{"rendered":"Interrupteur ON\/OFF 3 Broches 6A 250V"},"content":{"rendered":"<h5>Interrupteur ON\/OFF 3 Broches 6A 250V est un interrupteur basculeur\u00a0 utilis\u00e9 pour contr\u00f4ler l\u2019alimentation des appareils \u00e9lectriques et \u00e9lectroniques.<\/h5>\n<h5>Caract\u00e9ristiques :<br \/>\nType : Interrupteur \u00e0 bascule<br \/>\nNombre de broches : 3 broches<br \/>\nFonction : ON-OFF (Marche\/Arr\u00eat)<br \/>\nTension nominale : 250V<br \/>\nCourant nominal : 6A<br \/>\nMat\u00e9riau du bo\u00eetier : Plastique r\u00e9sistant \u00e0 la chaleur<br \/>\nMat\u00e9riau des broches : Cuivre ou alliage m\u00e9tallique conducteur<br \/>\nType de connexion : \u00c0 souder ou \u00e0 cosses<br \/>\nCouleur : G\u00e9n\u00e9ralement noir avec un symbole \u00ab\u00a0I\u00a0\u00bb (ON) et \u00ab\u00a0O\u00a0\u00bb (OFF)<\/h5>","protected":false},"excerpt":{"rendered":"<h5>Interrupteur ON\/OFF 3 Broches 6A 250V est un interrupteur basculeur\u00a0 utilis\u00e9 pour contr\u00f4ler l\u2019alimentation des appareils \u00e9lectriques et \u00e9lectroniques.<\/h5>","protected":false},"featured_media":16395,"comment_status":"open","ping_status":"closed","template":"","meta":{"_joinchat":[]},"product_brand":[],"product_cat":[120],"product_tag":[],"class_list":{"0":"post-16394","1":"product","2":"type-product","3":"status-publish","4":"has-post-thumbnail","6":"product_cat-commutateurs-boutons","8":"first","9":"instock","10":"shipping-taxable","11":"purchasable","12":"product-type-simple"},"_links":{"self":[{"href":"https:\/\/edukeytech.com\/en\/wp-json\/wp\/v2\/product\/16394","targetHints":{"allow":["GET"]}}],"collection":[{"href":"https:\/\/edukeytech.com\/en\/wp-json\/wp\/v2\/product"}],"about":[{"href":"https:\/\/edukeytech.com\/en\/wp-json\/wp\/v2\/types\/product"}],"replies":[{"embeddable":true,"href":"https:\/\/edukeytech.com\/en\/wp-json\/wp\/v2\/comments?post=16394"}],"version-history":[{"count":1,"href":"https:\/\/edukeytech.com\/en\/wp-json\/wp\/v2\/product\/16394\/revisions"}],"predecessor-version":[{"id":16397,"href":"https:\/\/edukeytech.com\/en\/wp-json\/wp\/v2\/product\/16394\/revisions\/16397"}],"wp:featuredmedia":[{"embeddable":true,"href":"https:\/\/edukeytech.com\/en\/wp-json\/wp\/v2\/media\/16395"}],"wp:attachment":[{"href":"https:\/\/edukeytech.com\/en\/wp-json\/wp\/v2\/media?parent=16394"}],"wp:term":[{"taxonomy":"product_brand","embeddable":true,"href":"https:\/\/edukeytech.com\/en\/wp-json\/wp\/v2\/product_brand?post=16394"},{"taxonomy":"product_cat","embeddable":true,"href":"https:\/\/edukeytech.com\/en\/wp-json\/wp\/v2\/product_cat?post=16394"},{"taxonomy":"product_tag","embeddable":true,"href":"https:\/\/edukeytech.com\/en\/wp-json\/wp\/v2\/product_tag?post=16394"}],"curies":[{"name":"wp","href":"https:\/\/api.w.org\/{rel}","templated":true}]}}