{"id":16359,"date":"2025-02-07T23:01:59","date_gmt":"2025-02-07T23:01:59","guid":{"rendered":"https:\/\/edukeytech.com\/?post_type=product&#038;p=16359"},"modified":"2025-02-14T22:20:36","modified_gmt":"2025-02-14T22:20:36","slug":"afficheur-lcd-2-4%e2%80%b3-240x320-tactile","status":"publish","type":"product","link":"https:\/\/edukeytech.com\/en\/product\/afficheur-lcd-2-4%e2%80%b3-240x320-tactile\/","title":{"rendered":"Afficheur LCD 2.4\u2033 240\u00d7320 Tactile"},"content":{"rendered":"<h5>L&rsquo;afficheur LCD tactile 2,4&Prime; 240\u00d7320 est un \u00e9cran TFT compact et interactif, id\u00e9al pour les projets n\u00e9cessitant \u00e0 la fois un affichage haute r\u00e9solution et une interface tactile. Il est largement utilis\u00e9 avec des microcontr\u00f4leurs comme Arduino pour des applications vari\u00e9es.<\/h5>\n<h5>Caract\u00e9ristiques<br \/>\nTaille de l&rsquo;\u00e9cran : 2,4 pouces en diagonale, offrant un bon \u00e9quilibre entre compacit\u00e9 et lisibilit\u00e9.<br \/>\nR\u00e9solution : 240\u00d7320 pixels, assurant un affichage clair pour les textes, images et graphiques.<br \/>\nType d&rsquo;\u00e9cran : TFT (Thin Film Transistor), capable d&rsquo;afficher 65 000 \u00e0 262 000 couleurs pour des visuels lumineux et d\u00e9taill\u00e9s.<br \/>\n\u00c9cran tactile :<br \/>\nR\u00e9sistif : R\u00e9agit \u00e0 la pression, id\u00e9al pour une utilisation avec un stylet ou le doigt.<br \/>\nCapacitif : R\u00e9agit au toucher l\u00e9ger, offrant une meilleure pr\u00e9cision.<br \/>\nInterface : Utilise souvent des connexions SPI ou parall\u00e8le 8 bits\/16 bits pour la communication avec les microcontr\u00f4leurs.<br \/>\nContr\u00f4leur int\u00e9gr\u00e9 : G\u00e9n\u00e9ralement \u00e9quip\u00e9 d&rsquo;un contr\u00f4leur comme ILI9341 ou similaire, facilitant la gestion des donn\u00e9es d&rsquo;affichage.<br \/>\nAlimentation :\u00a0 3,3 V ou 5 V, fonctionnant sans probl\u00e8me avec Arduino ou d&rsquo;autres cartes de d\u00e9veloppement.<br \/>\nDimensions physiques :\u00a0 50\u00d7 70\u00a0 \u00d7 6 mm.<\/h5>","protected":false},"excerpt":{"rendered":"<h5>L&rsquo;afficheur LCD tactile 2,4&Prime; 240\u00d7320 est un \u00e9cran TFT compact et interactif, id\u00e9al pour les projets n\u00e9cessitant \u00e0 la fois un affichage haute r\u00e9solution et une interface tactile.<\/h5>","protected":false},"featured_media":16362,"comment_status":"open","ping_status":"closed","template":"","meta":{"_joinchat":[]},"product_brand":[],"product_cat":[111],"product_tag":[],"class_list":{"0":"post-16359","1":"product","2":"type-product","3":"status-publish","4":"has-post-thumbnail","6":"product_cat-afficheurs","8":"first","9":"instock","10":"shipping-taxable","11":"purchasable","12":"product-type-simple"},"_links":{"self":[{"href":"https:\/\/edukeytech.com\/en\/wp-json\/wp\/v2\/product\/16359","targetHints":{"allow":["GET"]}}],"collection":[{"href":"https:\/\/edukeytech.com\/en\/wp-json\/wp\/v2\/product"}],"about":[{"href":"https:\/\/edukeytech.com\/en\/wp-json\/wp\/v2\/types\/product"}],"replies":[{"embeddable":true,"href":"https:\/\/edukeytech.com\/en\/wp-json\/wp\/v2\/comments?post=16359"}],"version-history":[{"count":1,"href":"https:\/\/edukeytech.com\/en\/wp-json\/wp\/v2\/product\/16359\/revisions"}],"predecessor-version":[{"id":16363,"href":"https:\/\/edukeytech.com\/en\/wp-json\/wp\/v2\/product\/16359\/revisions\/16363"}],"wp:featuredmedia":[{"embeddable":true,"href":"https:\/\/edukeytech.com\/en\/wp-json\/wp\/v2\/media\/16362"}],"wp:attachment":[{"href":"https:\/\/edukeytech.com\/en\/wp-json\/wp\/v2\/media?parent=16359"}],"wp:term":[{"taxonomy":"product_brand","embeddable":true,"href":"https:\/\/edukeytech.com\/en\/wp-json\/wp\/v2\/product_brand?post=16359"},{"taxonomy":"product_cat","embeddable":true,"href":"https:\/\/edukeytech.com\/en\/wp-json\/wp\/v2\/product_cat?post=16359"},{"taxonomy":"product_tag","embeddable":true,"href":"https:\/\/edukeytech.com\/en\/wp-json\/wp\/v2\/product_tag?post=16359"}],"curies":[{"name":"wp","href":"https:\/\/api.w.org\/{rel}","templated":true}]}}