{"id":16345,"date":"2025-02-07T22:05:44","date_gmt":"2025-02-07T22:05:44","guid":{"rendered":"https:\/\/edukeytech.com\/?post_type=product&#038;p=16345"},"modified":"2025-02-14T22:29:44","modified_gmt":"2025-02-14T22:29:44","slug":"afficheur-lcd-2004-avec-module-i2c","status":"publish","type":"product","link":"https:\/\/edukeytech.com\/en\/product\/afficheur-lcd-2004-avec-module-i2c\/","title":{"rendered":"Afficheur LCD 2004 Avec Module I2C"},"content":{"rendered":"<h5>L&rsquo;<strong>afficheur LCD 20\u00d74 \u00e0 \u00e9cran bleu<\/strong> est un dispositif d&rsquo;affichage \u00e0 cristaux liquides capable de pr\u00e9senter jusqu&rsquo;\u00e0 80 caract\u00e8res simultan\u00e9ment, r\u00e9partis sur 4 lignes de 20 caract\u00e8res chacune. Les caract\u00e8res blancs se d\u00e9tachent sur un fond bleu r\u00e9tro\u00e9clair\u00e9, offrant une excellente lisibilit\u00e9, m\u00eame en conditions de faible luminosit\u00e9.<\/h5>\n<h4>Caract\u00e9ristiques<\/h4>\n<h5>Dimensions de l&rsquo;affichage : 20 colonnes sur 4 lignes, soit un total de 80 caract\u00e8res affichables simultan\u00e9ment.<\/h5>\n<h5>Type d&rsquo;affichage : Caract\u00e8res blancs sur fond bleu r\u00e9tro\u00e9clair\u00e9.<\/h5>\n<h5>Alimentation :\u00a0 5 V CC.<\/h5>\n<h5>Interface : Dispose d&rsquo;une interface I2C int\u00e9gr\u00e9e, facilitant la communication avec des microcontr\u00f4leurs tels qu&rsquo;Arduino ou Raspberry Pi.<\/h5>\n<h5>R\u00e9glage du contraste : \u00c9quip\u00e9 d&rsquo;un potentiom\u00e8tre permettant d&rsquo;ajuster le contraste de l&rsquo;affichage pour une lisibilit\u00e9 optimale.<\/h5>\n<h5>Dimensions :\u00a0 98 mm x 60 mm x 10 mm .<\/h5>\n<h5>Avantages de l&rsquo;interface I2C :<\/h5>\n<h5>L&rsquo;int\u00e9gration de l&rsquo;interface I2C r\u00e9duit le nombre de broches n\u00e9cessaires pour la connexion \u00e0 seulement quatre :<\/h5>\n<h5>VCC : Alimentation 5 V.<\/h5>\n<h5>GND : Masse.<\/h5>\n<h5>SDA : Ligne de donn\u00e9es s\u00e9rie.<\/h5>\n<h5>SCL : Ligne d&rsquo;horloge s\u00e9rie.<\/h5>","protected":false},"excerpt":{"rendered":"<h5>L&rsquo;<strong>afficheur LCD 20\u00d74 \u00e0 \u00e9cran bleu<\/strong> est un dispositif d&rsquo;affichage \u00e0 cristaux liquides capable de pr\u00e9senter jusqu&rsquo;\u00e0 80 caract\u00e8res simultan\u00e9ment, r\u00e9partis sur 4 lignes de 20 caract\u00e8res chacune.<\/h5>","protected":false},"featured_media":16347,"comment_status":"open","ping_status":"closed","template":"","meta":{"_joinchat":[]},"product_brand":[],"product_cat":[111],"product_tag":[],"class_list":{"0":"post-16345","1":"product","2":"type-product","3":"status-publish","4":"has-post-thumbnail","6":"product_cat-afficheurs","8":"first","9":"instock","10":"shipping-taxable","11":"purchasable","12":"product-type-simple"},"_links":{"self":[{"href":"https:\/\/edukeytech.com\/en\/wp-json\/wp\/v2\/product\/16345","targetHints":{"allow":["GET"]}}],"collection":[{"href":"https:\/\/edukeytech.com\/en\/wp-json\/wp\/v2\/product"}],"about":[{"href":"https:\/\/edukeytech.com\/en\/wp-json\/wp\/v2\/types\/product"}],"replies":[{"embeddable":true,"href":"https:\/\/edukeytech.com\/en\/wp-json\/wp\/v2\/comments?post=16345"}],"version-history":[{"count":2,"href":"https:\/\/edukeytech.com\/en\/wp-json\/wp\/v2\/product\/16345\/revisions"}],"predecessor-version":[{"id":16349,"href":"https:\/\/edukeytech.com\/en\/wp-json\/wp\/v2\/product\/16345\/revisions\/16349"}],"wp:featuredmedia":[{"embeddable":true,"href":"https:\/\/edukeytech.com\/en\/wp-json\/wp\/v2\/media\/16347"}],"wp:attachment":[{"href":"https:\/\/edukeytech.com\/en\/wp-json\/wp\/v2\/media?parent=16345"}],"wp:term":[{"taxonomy":"product_brand","embeddable":true,"href":"https:\/\/edukeytech.com\/en\/wp-json\/wp\/v2\/product_brand?post=16345"},{"taxonomy":"product_cat","embeddable":true,"href":"https:\/\/edukeytech.com\/en\/wp-json\/wp\/v2\/product_cat?post=16345"},{"taxonomy":"product_tag","embeddable":true,"href":"https:\/\/edukeytech.com\/en\/wp-json\/wp\/v2\/product_tag?post=16345"}],"curies":[{"name":"wp","href":"https:\/\/api.w.org\/{rel}","templated":true}]}}