{"id":16340,"date":"2025-02-07T00:16:04","date_gmt":"2025-02-07T00:16:04","guid":{"rendered":"https:\/\/edukeytech.com\/?post_type=product&#038;p=16340"},"modified":"2025-02-14T22:31:01","modified_gmt":"2025-02-14T22:31:01","slug":"boitier-transparent-pour-afficheur-lcd-1602","status":"publish","type":"product","link":"https:\/\/edukeytech.com\/en\/product\/boitier-transparent-pour-afficheur-lcd-1602\/","title":{"rendered":"Bo\u00eetier Transparent pour Afficheur LCD 1602"},"content":{"rendered":"<h5>Un bo\u00eetier transparent pour afficheur LCD 1602 est con\u00e7u pour prot\u00e9ger et mettre en valeur votre \u00e9cran tout en offrant une visibilit\u00e9 compl\u00e8te de l&rsquo;affichage.\u00a0 Il pr\u00e9sente plusieurs avantages :<\/h5>\n<h5>Protection : Il prot\u00e8ge l&rsquo;\u00e9cran contre les chocs, les rayures, la poussi\u00e8re et les \u00e9claboussures, prolongeant ainsi sa dur\u00e9e de vie.<\/h5>\n<h5>Facilit\u00e9 d&rsquo;installation :\u00a0 le bo\u00eetier est facile \u00e0 assembler, avec la visserie fournie.<\/h5>","protected":false},"excerpt":{"rendered":"<h5>Un bo\u00eetier transparent pour afficheur LCD 1602 est con\u00e7u pour prot\u00e9ger et mettre en valeur votre \u00e9cran tout en offrant une visibilit\u00e9 compl\u00e8te de l&rsquo;affichage.<\/h5>","protected":false},"featured_media":16342,"comment_status":"open","ping_status":"closed","template":"","meta":{"_joinchat":[]},"product_brand":[],"product_cat":[111],"product_tag":[],"class_list":{"0":"post-16340","1":"product","2":"type-product","3":"status-publish","4":"has-post-thumbnail","6":"product_cat-afficheurs","8":"first","9":"instock","10":"shipping-taxable","11":"purchasable","12":"product-type-simple"},"_links":{"self":[{"href":"https:\/\/edukeytech.com\/en\/wp-json\/wp\/v2\/product\/16340","targetHints":{"allow":["GET"]}}],"collection":[{"href":"https:\/\/edukeytech.com\/en\/wp-json\/wp\/v2\/product"}],"about":[{"href":"https:\/\/edukeytech.com\/en\/wp-json\/wp\/v2\/types\/product"}],"replies":[{"embeddable":true,"href":"https:\/\/edukeytech.com\/en\/wp-json\/wp\/v2\/comments?post=16340"}],"version-history":[{"count":1,"href":"https:\/\/edukeytech.com\/en\/wp-json\/wp\/v2\/product\/16340\/revisions"}],"predecessor-version":[{"id":16344,"href":"https:\/\/edukeytech.com\/en\/wp-json\/wp\/v2\/product\/16340\/revisions\/16344"}],"wp:featuredmedia":[{"embeddable":true,"href":"https:\/\/edukeytech.com\/en\/wp-json\/wp\/v2\/media\/16342"}],"wp:attachment":[{"href":"https:\/\/edukeytech.com\/en\/wp-json\/wp\/v2\/media?parent=16340"}],"wp:term":[{"taxonomy":"product_brand","embeddable":true,"href":"https:\/\/edukeytech.com\/en\/wp-json\/wp\/v2\/product_brand?post=16340"},{"taxonomy":"product_cat","embeddable":true,"href":"https:\/\/edukeytech.com\/en\/wp-json\/wp\/v2\/product_cat?post=16340"},{"taxonomy":"product_tag","embeddable":true,"href":"https:\/\/edukeytech.com\/en\/wp-json\/wp\/v2\/product_tag?post=16340"}],"curies":[{"name":"wp","href":"https:\/\/api.w.org\/{rel}","templated":true}]}}