{"id":16329,"date":"2025-02-06T23:37:00","date_gmt":"2025-02-06T23:37:00","guid":{"rendered":"https:\/\/edukeytech.com\/?post_type=product&#038;p=16329"},"modified":"2025-03-22T00:18:50","modified_gmt":"2025-03-22T00:18:50","slug":"afficheur-lcd-1602-avec-module-i2c","status":"publish","type":"product","link":"https:\/\/edukeytech.com\/en\/product\/afficheur-lcd-1602-avec-module-i2c\/","title":{"rendered":"Afficheur LCD 1602 Avec module I2c"},"content":{"rendered":"<h5>L\u2019afficheur LCD 1602 est un \u00e9cran \u00e0 cristaux liquides capable d\u2019afficher 16 caract\u00e8res sur 2 lignes. Gr\u00e2ce au module I2C\u00a0 int\u00e9gr\u00e9, la communication avec votre microcontr\u00f4leur (Arduino, Raspberry Pi, etc.) est grandement simplifi\u00e9e. Au lieu d\u2019utiliser jusqu\u2019\u00e0 8 broches pour un affichage en mode parall\u00e8le, l\u2019interface I2C ne n\u00e9cessite que deux broches de donn\u00e9es (SDA et SCL), en plus de l\u2019alimentation (VCC et GND).<\/h5>\n<h4>Caract\u00e9ristiques<\/h4>\n<ul>\n<li>\n<h5><strong>Affichage<\/strong> :16 colonnes x 2 lignes (soit 32 caract\u00e8res au total)<\/h5>\n<\/li>\n<li>\n<h5><strong>Interface de communication<\/strong> :I2C (g\u00e9n\u00e9ralement avec une adresse par d\u00e9faut souvent de <strong>0x27<\/strong> ou parfois <strong>0x3F<\/strong>, selon la puce utilis\u00e9e comme le PCF8574)<\/h5>\n<\/li>\n<li>\n<h5><strong>Alimentation<\/strong> : 5\u202fV DC<\/h5>\n<\/li>\n<li>\n<h5><strong>R\u00e9tro\u00e9clairage et contraste<\/strong> :<\/h5>\n<ul>\n<li>\n<h5>R\u00e9tro\u00e9clairage LED (souvent de couleur bleue ou avec un fond bleu, offrant un bon contraste pour des caract\u00e8res blancs ou clairs)<\/h5>\n<\/li>\n<li>\n<h5>Potentiom\u00e8tre int\u00e9gr\u00e9 sur le module permettant de r\u00e9gler le contraste de l\u2019affichage<\/h5>\n<\/li>\n<\/ul>\n<\/li>\n<li>\n<h5><strong>Dimensions<\/strong> : 36 x 79 x 20 mm<\/h5>\n<\/li>\n<li>\n<h5>Poids : 40g<\/h5>\n<\/li>\n<\/ul>","protected":false},"excerpt":{"rendered":"<h5>AFFICHEUR LCD 1602 AVEC MODULE I2C<br \/>\nAfficheur LCD 1602 HD44780 (16\u00d702) avec module I2c (soud\u00e9), cet afficheur LCD est tr\u00e8s pratique, fiable, dont la luminosit\u00e9 et le contraste sont r\u00e9glable.<\/h5>","protected":false},"featured_media":17960,"comment_status":"open","ping_status":"closed","template":"","meta":{"_joinchat":[]},"product_brand":[],"product_cat":[111],"product_tag":[],"class_list":{"0":"post-16329","1":"product","2":"type-product","3":"status-publish","4":"has-post-thumbnail","6":"product_cat-afficheurs","8":"first","9":"instock","10":"shipping-taxable","11":"purchasable","12":"product-type-simple"},"_links":{"self":[{"href":"https:\/\/edukeytech.com\/en\/wp-json\/wp\/v2\/product\/16329","targetHints":{"allow":["GET"]}}],"collection":[{"href":"https:\/\/edukeytech.com\/en\/wp-json\/wp\/v2\/product"}],"about":[{"href":"https:\/\/edukeytech.com\/en\/wp-json\/wp\/v2\/types\/product"}],"replies":[{"embeddable":true,"href":"https:\/\/edukeytech.com\/en\/wp-json\/wp\/v2\/comments?post=16329"}],"version-history":[{"count":1,"href":"https:\/\/edukeytech.com\/en\/wp-json\/wp\/v2\/product\/16329\/revisions"}],"predecessor-version":[{"id":16333,"href":"https:\/\/edukeytech.com\/en\/wp-json\/wp\/v2\/product\/16329\/revisions\/16333"}],"wp:featuredmedia":[{"embeddable":true,"href":"https:\/\/edukeytech.com\/en\/wp-json\/wp\/v2\/media\/17960"}],"wp:attachment":[{"href":"https:\/\/edukeytech.com\/en\/wp-json\/wp\/v2\/media?parent=16329"}],"wp:term":[{"taxonomy":"product_brand","embeddable":true,"href":"https:\/\/edukeytech.com\/en\/wp-json\/wp\/v2\/product_brand?post=16329"},{"taxonomy":"product_cat","embeddable":true,"href":"https:\/\/edukeytech.com\/en\/wp-json\/wp\/v2\/product_cat?post=16329"},{"taxonomy":"product_tag","embeddable":true,"href":"https:\/\/edukeytech.com\/en\/wp-json\/wp\/v2\/product_tag?post=16329"}],"curies":[{"name":"wp","href":"https:\/\/api.w.org\/{rel}","templated":true}]}}