{"id":16323,"date":"2025-02-06T23:15:45","date_gmt":"2025-02-06T23:15:45","guid":{"rendered":"https:\/\/edukeytech.com\/?post_type=product&#038;p=16323"},"modified":"2025-02-14T22:34:41","modified_gmt":"2025-02-14T22:34:41","slug":"max7219-module-afficheur-led-matrice-8x32","status":"publish","type":"product","link":"https:\/\/edukeytech.com\/en\/product\/max7219-module-afficheur-led-matrice-8x32\/","title":{"rendered":"MAX7219 Module Afficheur Led Matrice 8\u00d732"},"content":{"rendered":"<h5>Le module MAX7219 Afficheur LED Matrice 8\u00d732 est un syst\u00e8me d&rsquo;affichage bas\u00e9 sur le circuit int\u00e9gr\u00e9 MAX7219, sp\u00e9cialement con\u00e7u pour piloter des matrices de LED. Ce module permet d&rsquo;afficher des textes, des chiffres, des animations et divers graphiques sur une matrice comportant 8 rang\u00e9es et 32 colonnes de LED, soit au total 256 LED.<\/h5>\n<h4>Caract\u00e9ristiques<\/h4>\n<h5>\nAlimentation :\u00a05\u202fV DC, adapt\u00e9e aux syst\u00e8mes microcontr\u00f4leurs (Arduino, ESP8266, ESP32, etc.).<\/h5>\n<h5>Interface de communication :<br \/>\nSPI, n\u00e9cessitant habituellement 3 \u00e0 4 broches (DIN, CLK, CS, et \u00e9ventuellement VCC\/GND d\u00e9j\u00e0 pris en charge).<\/h5>\n<h5>Nombre de LED : 256 LED (8 lignes \u00d7 32 colonnes).<\/h5>\n<h5>Configuration interne :Quatre matrices 8\u00d78 pilot\u00e9es en cascade par un ou plusieurs MAX7219, permettant ainsi un affichage \u00e9tendu.<\/h5>\n<h5>R\u00e9glage de la luminosit\u00e9 :Possibilit\u00e9 de contr\u00f4ler l&rsquo;intensit\u00e9 lumineuse via des registres internes du MAX7219.<\/h5>\n<h5><\/h5>","protected":false},"excerpt":{"rendered":"<h5>Le module MAX7219 Afficheur LED Matrice 8\u00d732 est un syst\u00e8me\u00a0 permet d&rsquo;afficher des textes, des chiffres, des animations et divers graphiques sur une matrice comportant 8 rang\u00e9es et 32 colonnes de LED, soit au total 256 LED.<\/h5>","protected":false},"featured_media":16325,"comment_status":"open","ping_status":"closed","template":"","meta":{"_joinchat":[]},"product_brand":[],"product_cat":[111],"product_tag":[],"class_list":{"0":"post-16323","1":"product","2":"type-product","3":"status-publish","4":"has-post-thumbnail","6":"product_cat-afficheurs","8":"first","9":"instock","10":"shipping-taxable","11":"purchasable","12":"product-type-simple"},"_links":{"self":[{"href":"https:\/\/edukeytech.com\/en\/wp-json\/wp\/v2\/product\/16323","targetHints":{"allow":["GET"]}}],"collection":[{"href":"https:\/\/edukeytech.com\/en\/wp-json\/wp\/v2\/product"}],"about":[{"href":"https:\/\/edukeytech.com\/en\/wp-json\/wp\/v2\/types\/product"}],"replies":[{"embeddable":true,"href":"https:\/\/edukeytech.com\/en\/wp-json\/wp\/v2\/comments?post=16323"}],"version-history":[{"count":1,"href":"https:\/\/edukeytech.com\/en\/wp-json\/wp\/v2\/product\/16323\/revisions"}],"predecessor-version":[{"id":16328,"href":"https:\/\/edukeytech.com\/en\/wp-json\/wp\/v2\/product\/16323\/revisions\/16328"}],"wp:featuredmedia":[{"embeddable":true,"href":"https:\/\/edukeytech.com\/en\/wp-json\/wp\/v2\/media\/16325"}],"wp:attachment":[{"href":"https:\/\/edukeytech.com\/en\/wp-json\/wp\/v2\/media?parent=16323"}],"wp:term":[{"taxonomy":"product_brand","embeddable":true,"href":"https:\/\/edukeytech.com\/en\/wp-json\/wp\/v2\/product_brand?post=16323"},{"taxonomy":"product_cat","embeddable":true,"href":"https:\/\/edukeytech.com\/en\/wp-json\/wp\/v2\/product_cat?post=16323"},{"taxonomy":"product_tag","embeddable":true,"href":"https:\/\/edukeytech.com\/en\/wp-json\/wp\/v2\/product_tag?post=16323"}],"curies":[{"name":"wp","href":"https:\/\/api.w.org\/{rel}","templated":true}]}}