{"id":16318,"date":"2025-02-06T23:00:47","date_gmt":"2025-02-06T23:00:47","guid":{"rendered":"https:\/\/edukeytech.com\/?post_type=product&#038;p=16318"},"modified":"2025-02-14T22:35:28","modified_gmt":"2025-02-14T22:35:28","slug":"max7219-module-afficheur-led-matrice-8x8","status":"publish","type":"product","link":"https:\/\/edukeytech.com\/en\/product\/max7219-module-afficheur-led-matrice-8x8\/","title":{"rendered":"MAX7219 Module Afficheur Led Matrice 8\u00d78"},"content":{"rendered":"<h5>Le module MAX7219 avec une matrice LED 8\u00d78 est un composant \u00e9lectronique tr\u00e8s populaire pour afficher des caract\u00e8res, des chiffres ou des animations. Il est bas\u00e9 sur le driver MAX7219, con\u00e7u pour piloter des affichages LED.<\/h5>\n<h3><strong>Caract\u00e9ristiques :<\/strong><\/h3>\n<ul>\n<li>\n<h5><strong>Dimensions de la matrice<\/strong> :\u00a0 32 mm \u00d7 32 mm.<\/h5>\n<\/li>\n<li>\n<h5><strong>Tension d&rsquo;alimentation<\/strong> : 5V DC.<\/h5>\n<\/li>\n<li>\n<h5><strong>Courant maximal<\/strong> : Environ 330 mA (d\u00e9pendant de la luminosit\u00e9 et du nombre de LEDs allum\u00e9es).<\/h5>\n<\/li>\n<li>\n<h5><strong>Interface de contr\u00f4le<\/strong> : SPI avec les broches suivantes :<\/h5>\n<ul>\n<li>\n<h5><strong>DIN<\/strong> : Donn\u00e9es entrantes.<\/h5>\n<\/li>\n<li>\n<h5><strong>CS<\/strong> : Chip Select.<\/h5>\n<\/li>\n<li>\n<h5><strong>CLK<\/strong> : Horloge.<\/h5>\n<\/li>\n<li>\n<h5><strong>VCC<\/strong> : Alimentation (5V).<\/h5>\n<\/li>\n<li>\n<h5><strong>GND<\/strong> : Masse.<\/h5>\n<\/li>\n<\/ul>\n<\/li>\n<li><strong>Luminosit\u00e9 r\u00e9glable<\/strong> : Via le logiciel ou un potentiom\u00e8tre int\u00e9gr\u00e9.<\/li>\n<\/ul>\n<hr \/>\n<h3><\/h3>","protected":false},"excerpt":{"rendered":"<h5>Le module MAX7219 avec une matrice LED 8\u00d78 est un composant \u00e9lectronique tr\u00e8s populaire pour afficher des caract\u00e8res, des chiffres ou des animations.<\/h5>","protected":false},"featured_media":16320,"comment_status":"open","ping_status":"closed","template":"","meta":{"_joinchat":[]},"product_brand":[],"product_cat":[111],"product_tag":[],"class_list":{"0":"post-16318","1":"product","2":"type-product","3":"status-publish","4":"has-post-thumbnail","6":"product_cat-afficheurs","8":"first","9":"instock","10":"shipping-taxable","11":"purchasable","12":"product-type-simple"},"_links":{"self":[{"href":"https:\/\/edukeytech.com\/en\/wp-json\/wp\/v2\/product\/16318","targetHints":{"allow":["GET"]}}],"collection":[{"href":"https:\/\/edukeytech.com\/en\/wp-json\/wp\/v2\/product"}],"about":[{"href":"https:\/\/edukeytech.com\/en\/wp-json\/wp\/v2\/types\/product"}],"replies":[{"embeddable":true,"href":"https:\/\/edukeytech.com\/en\/wp-json\/wp\/v2\/comments?post=16318"}],"version-history":[{"count":1,"href":"https:\/\/edukeytech.com\/en\/wp-json\/wp\/v2\/product\/16318\/revisions"}],"predecessor-version":[{"id":16322,"href":"https:\/\/edukeytech.com\/en\/wp-json\/wp\/v2\/product\/16318\/revisions\/16322"}],"wp:featuredmedia":[{"embeddable":true,"href":"https:\/\/edukeytech.com\/en\/wp-json\/wp\/v2\/media\/16320"}],"wp:attachment":[{"href":"https:\/\/edukeytech.com\/en\/wp-json\/wp\/v2\/media?parent=16318"}],"wp:term":[{"taxonomy":"product_brand","embeddable":true,"href":"https:\/\/edukeytech.com\/en\/wp-json\/wp\/v2\/product_brand?post=16318"},{"taxonomy":"product_cat","embeddable":true,"href":"https:\/\/edukeytech.com\/en\/wp-json\/wp\/v2\/product_cat?post=16318"},{"taxonomy":"product_tag","embeddable":true,"href":"https:\/\/edukeytech.com\/en\/wp-json\/wp\/v2\/product_tag?post=16318"}],"curies":[{"name":"wp","href":"https:\/\/api.w.org\/{rel}","templated":true}]}}