{"id":16292,"date":"2025-02-06T19:53:15","date_gmt":"2025-02-06T19:53:15","guid":{"rendered":"https:\/\/edukeytech.com\/?post_type=product&#038;p=16292"},"modified":"2025-02-14T23:10:31","modified_gmt":"2025-02-14T23:10:31","slug":"afficheur-7-segments-cathode-commun-2-bits","status":"publish","type":"product","link":"https:\/\/edukeytech.com\/en\/product\/afficheur-7-segments-cathode-commun-2-bits\/","title":{"rendered":"Afficheur 7 Segments Cathode Commune 2 Bits"},"content":{"rendered":"<h5>AFFICHEUR 7 SEGMENTS CATHODE COMMUN 2 BITS<\/h5>\n<h5>Cet afficheur\u00a0 affiche des chiffres (de 0 \u00e0 9 + un point d\u00e9cimal ) ou des lettres simples.<\/h5>\n<h5>Il est de type\u00a0 \u00ab\u00a0cathode commune\u00a0\u00bb(les bornes n\u00e9gatives des leds sont reli\u00e9es ensembles\u00a0 \u00e0 une m\u00eame broche).<\/h5>\n<h4>Caract\u00e9ristiques<\/h4>\n<ul>\n<li>\n<h5>Tension de fonctionnement des segments : Environ 2V (rouge) \u00e0 3V (autres couleurs).<\/h5>\n<\/li>\n<li>\n<h5>Courant par segment : 10 mA \u00e0 20 mA (selon la luminosit\u00e9 souhait\u00e9e).<\/h5>\n<\/li>\n<li>\n<h5>2chiffres<\/h5>\n<\/li>\n<li>\n<h5>Broches :<\/h5>\n<h5>7 broches pour les segments (A, B, C, D, E, F, G).<\/h5>\n<h5>1 broche pour le point d\u00e9cimal (DP), si disponible.<\/h5>\n<h5>1 broche commune (Cathode commune, reli\u00e9e au GND).<\/h5>\n<\/li>\n<\/ul>","protected":false},"excerpt":{"rendered":"<h5>AFFICHEUR 7 SEGMENTS CATHODE COMMUN 2 BITS<\/h5>\n<h5>Cet afficheur\u00a0 affiche des chiffres (de 0 \u00e0 9 + un point d\u00e9cimal ) ou des lettres simples.<\/h5>","protected":false},"featured_media":16293,"comment_status":"open","ping_status":"closed","template":"","meta":{"_joinchat":[]},"product_brand":[],"product_cat":[111],"product_tag":[],"class_list":{"0":"post-16292","1":"product","2":"type-product","3":"status-publish","4":"has-post-thumbnail","6":"product_cat-afficheurs","8":"first","9":"instock","10":"shipping-taxable","11":"purchasable","12":"product-type-simple"},"_links":{"self":[{"href":"https:\/\/edukeytech.com\/en\/wp-json\/wp\/v2\/product\/16292","targetHints":{"allow":["GET"]}}],"collection":[{"href":"https:\/\/edukeytech.com\/en\/wp-json\/wp\/v2\/product"}],"about":[{"href":"https:\/\/edukeytech.com\/en\/wp-json\/wp\/v2\/types\/product"}],"replies":[{"embeddable":true,"href":"https:\/\/edukeytech.com\/en\/wp-json\/wp\/v2\/comments?post=16292"}],"version-history":[{"count":2,"href":"https:\/\/edukeytech.com\/en\/wp-json\/wp\/v2\/product\/16292\/revisions"}],"predecessor-version":[{"id":16311,"href":"https:\/\/edukeytech.com\/en\/wp-json\/wp\/v2\/product\/16292\/revisions\/16311"}],"wp:featuredmedia":[{"embeddable":true,"href":"https:\/\/edukeytech.com\/en\/wp-json\/wp\/v2\/media\/16293"}],"wp:attachment":[{"href":"https:\/\/edukeytech.com\/en\/wp-json\/wp\/v2\/media?parent=16292"}],"wp:term":[{"taxonomy":"product_brand","embeddable":true,"href":"https:\/\/edukeytech.com\/en\/wp-json\/wp\/v2\/product_brand?post=16292"},{"taxonomy":"product_cat","embeddable":true,"href":"https:\/\/edukeytech.com\/en\/wp-json\/wp\/v2\/product_cat?post=16292"},{"taxonomy":"product_tag","embeddable":true,"href":"https:\/\/edukeytech.com\/en\/wp-json\/wp\/v2\/product_tag?post=16292"}],"curies":[{"name":"wp","href":"https:\/\/api.w.org\/{rel}","templated":true}]}}