{"id":16282,"date":"2025-02-06T18:22:39","date_gmt":"2025-02-06T18:22:39","guid":{"rendered":"https:\/\/edukeytech.com\/?post_type=product&#038;p=16282"},"modified":"2025-02-14T23:13:52","modified_gmt":"2025-02-14T23:13:52","slug":"tm1637-afficheur-digital-4bits","status":"publish","type":"product","link":"https:\/\/edukeytech.com\/en\/product\/tm1637-afficheur-digital-4bits\/","title":{"rendered":"TM1637 Afficheur Digital 4Bits"},"content":{"rendered":"<h5>AFFICHEUR DIGITAL 4BITS TM1637<br \/>\nModule d\u2019affichage 4 bits digital \u00e0 LED, id\u00e9al pour affichage de mesures telles que temp\u00e9rature, temps, horloge, voltage, amp\u00e9rage, poids,\u00a0 avec Arduino, Pi ou autres.<\/h5>\n<h4>Caract\u00e9ristiques<\/h4>\n<ul>\n<li>Nombre de caract\u00e8res: 4 + deux points<\/li>\n<li>Tension de fonctionnement: 5V ou 3.3V<\/li>\n<li>Connexion 4 pins: CLK, DIO, VCC,GND.<\/li>\n<li>Dimensions du module: 42 x 25 x 10 mm<\/li>\n<li>Dimensions de l\u2019affichage: 30 x 15 mm (0.36\u2033)<\/li>\n<\/ul>","protected":false},"excerpt":{"rendered":"<h5>\u00a0 \u00a0 AFFICHEUR DIGITAL 4BITS TM1637<br \/>\nModule d\u2019affichage 4 bits digital \u00e0 LED, id\u00e9al pour affichage de mesures telles que temp\u00e9rature, temps, horloge, voltage, amp\u00e9rage, poids<\/h5>","protected":false},"featured_media":16285,"comment_status":"open","ping_status":"closed","template":"","meta":{"_joinchat":[]},"product_brand":[],"product_cat":[111],"product_tag":[],"class_list":{"0":"post-16282","1":"product","2":"type-product","3":"status-publish","4":"has-post-thumbnail","6":"product_cat-afficheurs","8":"first","9":"instock","10":"shipping-taxable","11":"purchasable","12":"product-type-simple"},"_links":{"self":[{"href":"https:\/\/edukeytech.com\/en\/wp-json\/wp\/v2\/product\/16282","targetHints":{"allow":["GET"]}}],"collection":[{"href":"https:\/\/edukeytech.com\/en\/wp-json\/wp\/v2\/product"}],"about":[{"href":"https:\/\/edukeytech.com\/en\/wp-json\/wp\/v2\/types\/product"}],"replies":[{"embeddable":true,"href":"https:\/\/edukeytech.com\/en\/wp-json\/wp\/v2\/comments?post=16282"}],"version-history":[{"count":1,"href":"https:\/\/edukeytech.com\/en\/wp-json\/wp\/v2\/product\/16282\/revisions"}],"predecessor-version":[{"id":16286,"href":"https:\/\/edukeytech.com\/en\/wp-json\/wp\/v2\/product\/16282\/revisions\/16286"}],"wp:featuredmedia":[{"embeddable":true,"href":"https:\/\/edukeytech.com\/en\/wp-json\/wp\/v2\/media\/16285"}],"wp:attachment":[{"href":"https:\/\/edukeytech.com\/en\/wp-json\/wp\/v2\/media?parent=16282"}],"wp:term":[{"taxonomy":"product_brand","embeddable":true,"href":"https:\/\/edukeytech.com\/en\/wp-json\/wp\/v2\/product_brand?post=16282"},{"taxonomy":"product_cat","embeddable":true,"href":"https:\/\/edukeytech.com\/en\/wp-json\/wp\/v2\/product_cat?post=16282"},{"taxonomy":"product_tag","embeddable":true,"href":"https:\/\/edukeytech.com\/en\/wp-json\/wp\/v2\/product_tag?post=16282"}],"curies":[{"name":"wp","href":"https:\/\/api.w.org\/{rel}","templated":true}]}}