{"id":16266,"date":"2025-02-05T23:53:41","date_gmt":"2025-02-05T23:53:41","guid":{"rendered":"https:\/\/edukeytech.com\/?post_type=product&#038;p=16266"},"modified":"2025-02-22T15:34:57","modified_gmt":"2025-02-22T15:34:57","slug":"mg996r-servo-moteur-tower-pro","status":"publish","type":"product","link":"https:\/\/edukeytech.com\/en\/product\/mg996r-servo-moteur-tower-pro\/","title":{"rendered":"MG996R Servo Moteur Tower Pro 180\u00b0"},"content":{"rendered":"<h5>Le MG996R est un servomoteur \u00e0 engrenages m\u00e9talliques avec un couple de d\u00e9crochage maximal de 11 kg \/ cm.<\/h5>\n<h4>Caract\u00e9ristiques<\/h4>\n<ul>\n<li>\n<h5>La tension de fonctionnement est g\u00e9n\u00e9ralement de + 5V<\/h5>\n<h5><\/h5>\n<\/li>\n<li>\n<h5>Courant: 2,5 A (6 V)<\/h5>\n<h5><\/h5>\n<\/li>\n<li>\n<h5>Couple de d\u00e9crochage: 9,4 kg \/ cm (\u00e0 4,8 V)<\/h5>\n<h5><\/h5>\n<\/li>\n<li>\n<h5>Couple de d\u00e9crochage maximal: 11 kg \/ cm (6 V)<\/h5>\n<h5><\/h5>\n<\/li>\n<li>\n<h5>La vitesse de fonctionnement est de 0,17 s \/ 60 \u00b0<\/h5>\n<h5><\/h5>\n<\/li>\n<li>\n<h5>Type d\u2019engrenage: M\u00e9tal<\/h5>\n<h5><\/h5>\n<\/li>\n<li>\n<h5>Rotation: 0 \u00b0 -180 \u00b0<\/h5>\n<h5><\/h5>\n<\/li>\n<li>\n<h5>Poids du moteur: 55gm<\/h5>\n<\/li>\n<\/ul>","protected":false},"excerpt":{"rendered":"<h5>MG996R SERVO MOTEUR TOWER PRO<br \/>\nLe MG996R est un servomoteur \u00e0 engrenages m\u00e9talliques avec un couple de d\u00e9crochage maximal de 11 kg \/ cm.<\/h5>","protected":false},"featured_media":16269,"comment_status":"open","ping_status":"closed","template":"","meta":{"_joinchat":[]},"product_brand":[],"product_cat":[107],"product_tag":[],"class_list":{"0":"post-16266","1":"product","2":"type-product","3":"status-publish","4":"has-post-thumbnail","6":"product_cat-moteurs","8":"first","9":"instock","10":"shipping-taxable","11":"purchasable","12":"product-type-simple"},"_links":{"self":[{"href":"https:\/\/edukeytech.com\/en\/wp-json\/wp\/v2\/product\/16266","targetHints":{"allow":["GET"]}}],"collection":[{"href":"https:\/\/edukeytech.com\/en\/wp-json\/wp\/v2\/product"}],"about":[{"href":"https:\/\/edukeytech.com\/en\/wp-json\/wp\/v2\/types\/product"}],"replies":[{"embeddable":true,"href":"https:\/\/edukeytech.com\/en\/wp-json\/wp\/v2\/comments?post=16266"}],"version-history":[{"count":2,"href":"https:\/\/edukeytech.com\/en\/wp-json\/wp\/v2\/product\/16266\/revisions"}],"predecessor-version":[{"id":16766,"href":"https:\/\/edukeytech.com\/en\/wp-json\/wp\/v2\/product\/16266\/revisions\/16766"}],"wp:featuredmedia":[{"embeddable":true,"href":"https:\/\/edukeytech.com\/en\/wp-json\/wp\/v2\/media\/16269"}],"wp:attachment":[{"href":"https:\/\/edukeytech.com\/en\/wp-json\/wp\/v2\/media?parent=16266"}],"wp:term":[{"taxonomy":"product_brand","embeddable":true,"href":"https:\/\/edukeytech.com\/en\/wp-json\/wp\/v2\/product_brand?post=16266"},{"taxonomy":"product_cat","embeddable":true,"href":"https:\/\/edukeytech.com\/en\/wp-json\/wp\/v2\/product_cat?post=16266"},{"taxonomy":"product_tag","embeddable":true,"href":"https:\/\/edukeytech.com\/en\/wp-json\/wp\/v2\/product_tag?post=16266"}],"curies":[{"name":"wp","href":"https:\/\/api.w.org\/{rel}","templated":true}]}}