{"id":16255,"date":"2025-02-05T23:30:02","date_gmt":"2025-02-05T23:30:02","guid":{"rendered":"https:\/\/edukeytech.com\/?post_type=product&#038;p=16255"},"modified":"2025-02-22T16:03:08","modified_gmt":"2025-02-22T16:03:08","slug":"mg90s-servo-moteur-tower-pro","status":"publish","type":"product","link":"https:\/\/edukeytech.com\/en\/product\/mg90s-servo-moteur-tower-pro\/","title":{"rendered":"MG90S Servo Moteur Tower Pro"},"content":{"rendered":"<h5>Ce servomoteur est utilis\u00e9 surtout pour les mini voitures, bateaux, avions et h\u00e9licopt\u00e8re, le MG90S \u00e0 poids l\u00e9ger, ne fait pas de bruit il fonctionne avec un roulement \u00e0 billes complet et un engrenage m\u00e9tallique, il a aussi un fil du connecteur de longueur 250mm<\/h5>\n<h4>Caract\u00e9ristiques<\/h4>\n<ul>\n<li>\n<h5>Dimensions : 23*12.2*29mm<\/h5>\n<\/li>\n<li>\n<h5>Couple : 2.2kg\/cm(4.8V )2.5kg\/cm(6V)<\/h5>\n<\/li>\n<li>\n<h5>Vitesse : 0.11sec\/60degree(4.8v), 0.10sec\/60degree(6v)<\/h5>\n<\/li>\n<li>\n<h5>Voltage : 4.8-6.0V<\/h5>\n<\/li>\n<li>\n<h5>Dimensions: 22.8*12.2*28.5mm<\/h5>\n<\/li>\n<li>\n<h5>Poids: 12g<\/h5>\n<\/li>\n<\/ul>","protected":false},"excerpt":{"rendered":"<h5>SERVO MOTEUR TOWER PRO MG90S<br \/>\nCe micro servo digital MG90S \u00e0 pignon m\u00e9tallique conviendra parfaitement pour les avions.<\/h5>","protected":false},"featured_media":16257,"comment_status":"open","ping_status":"closed","template":"","meta":{"_joinchat":[]},"product_brand":[],"product_cat":[107],"product_tag":[],"class_list":{"0":"post-16255","1":"product","2":"type-product","3":"status-publish","4":"has-post-thumbnail","6":"product_cat-moteurs","8":"first","9":"outofstock","10":"shipping-taxable","11":"purchasable","12":"product-type-simple"},"_links":{"self":[{"href":"https:\/\/edukeytech.com\/en\/wp-json\/wp\/v2\/product\/16255","targetHints":{"allow":["GET"]}}],"collection":[{"href":"https:\/\/edukeytech.com\/en\/wp-json\/wp\/v2\/product"}],"about":[{"href":"https:\/\/edukeytech.com\/en\/wp-json\/wp\/v2\/types\/product"}],"replies":[{"embeddable":true,"href":"https:\/\/edukeytech.com\/en\/wp-json\/wp\/v2\/comments?post=16255"}],"version-history":[{"count":1,"href":"https:\/\/edukeytech.com\/en\/wp-json\/wp\/v2\/product\/16255\/revisions"}],"predecessor-version":[{"id":16260,"href":"https:\/\/edukeytech.com\/en\/wp-json\/wp\/v2\/product\/16255\/revisions\/16260"}],"wp:featuredmedia":[{"embeddable":true,"href":"https:\/\/edukeytech.com\/en\/wp-json\/wp\/v2\/media\/16257"}],"wp:attachment":[{"href":"https:\/\/edukeytech.com\/en\/wp-json\/wp\/v2\/media?parent=16255"}],"wp:term":[{"taxonomy":"product_brand","embeddable":true,"href":"https:\/\/edukeytech.com\/en\/wp-json\/wp\/v2\/product_brand?post=16255"},{"taxonomy":"product_cat","embeddable":true,"href":"https:\/\/edukeytech.com\/en\/wp-json\/wp\/v2\/product_cat?post=16255"},{"taxonomy":"product_tag","embeddable":true,"href":"https:\/\/edukeytech.com\/en\/wp-json\/wp\/v2\/product_tag?post=16255"}],"curies":[{"name":"wp","href":"https:\/\/api.w.org\/{rel}","templated":true}]}}