{"id":16237,"date":"2025-02-05T22:43:09","date_gmt":"2025-02-05T22:43:09","guid":{"rendered":"https:\/\/edukeytech.com\/?post_type=product&#038;p=16237"},"modified":"2026-04-30T19:19:41","modified_gmt":"2026-04-30T19:19:41","slug":"sg90-servo-moteur-tower-pro","status":"publish","type":"product","link":"https:\/\/edukeytech.com\/en\/product\/sg90-servo-moteur-tower-pro\/","title":{"rendered":"SG90 Servo Moteur Tower Pro"},"content":{"rendered":"<h5>Servomoteur Mini TowerPro SG90 9G s\u2019agit d\u2019un servomoteur num\u00e9rique qui re\u00e7oit et traite le signal PWM plus rapidement et mieux. \u00a0Il \u00e9quipe des engrenages en fibre de carbone qui le rendent beaucoup plus l\u00e9ger que le m\u00eame motor\u00e9ducteur m\u00e9tallique .<\/h5>\n<h4>Caract\u00e9ristiques<\/h4>\n<ul>\n<li>\n<h5>Type : TowerPro SG90<\/h5>\n<\/li>\n<li>\n<h5>Dimensions : 22 x 11,5 x 27 mm<\/h5>\n<\/li>\n<li>\n<h5>Poids : 9g<\/h5>\n<\/li>\n<li>\n<h5>Vitesse: 0.12 sec\/60\u00b0 sous 4.8V<\/h5>\n<\/li>\n<li>\n<h5>Couple: 1.2Kg\/cm sous 4.8V<\/h5>\n<\/li>\n<li>\n<h5>Tension: 4.8V \u2013 6V<\/h5>\n<\/li>\n<li>\n<h5>Prise type: Graupner UNI<\/h5>\n<\/li>\n<\/ul>","protected":false},"excerpt":{"rendered":"<h5>Servomoteur Mini TowerPro SG90 9G s\u2019agit d\u2019un servomoteur num\u00e9rique qui re\u00e7oit et traite le signal PWM plus rapidement et mieux.<\/h5>","protected":false},"featured_media":16238,"comment_status":"open","ping_status":"closed","template":"","meta":{"_joinchat":[]},"product_brand":[],"product_cat":[107],"product_tag":[],"class_list":{"0":"post-16237","1":"product","2":"type-product","3":"status-publish","4":"has-post-thumbnail","6":"product_cat-moteurs","8":"first","9":"instock","10":"shipping-taxable","11":"purchasable","12":"product-type-simple"},"_links":{"self":[{"href":"https:\/\/edukeytech.com\/en\/wp-json\/wp\/v2\/product\/16237","targetHints":{"allow":["GET"]}}],"collection":[{"href":"https:\/\/edukeytech.com\/en\/wp-json\/wp\/v2\/product"}],"about":[{"href":"https:\/\/edukeytech.com\/en\/wp-json\/wp\/v2\/types\/product"}],"replies":[{"embeddable":true,"href":"https:\/\/edukeytech.com\/en\/wp-json\/wp\/v2\/comments?post=16237"}],"version-history":[{"count":1,"href":"https:\/\/edukeytech.com\/en\/wp-json\/wp\/v2\/product\/16237\/revisions"}],"predecessor-version":[{"id":16241,"href":"https:\/\/edukeytech.com\/en\/wp-json\/wp\/v2\/product\/16237\/revisions\/16241"}],"wp:featuredmedia":[{"embeddable":true,"href":"https:\/\/edukeytech.com\/en\/wp-json\/wp\/v2\/media\/16238"}],"wp:attachment":[{"href":"https:\/\/edukeytech.com\/en\/wp-json\/wp\/v2\/media?parent=16237"}],"wp:term":[{"taxonomy":"product_brand","embeddable":true,"href":"https:\/\/edukeytech.com\/en\/wp-json\/wp\/v2\/product_brand?post=16237"},{"taxonomy":"product_cat","embeddable":true,"href":"https:\/\/edukeytech.com\/en\/wp-json\/wp\/v2\/product_cat?post=16237"},{"taxonomy":"product_tag","embeddable":true,"href":"https:\/\/edukeytech.com\/en\/wp-json\/wp\/v2\/product_tag?post=16237"}],"curies":[{"name":"wp","href":"https:\/\/api.w.org\/{rel}","templated":true}]}}