{"id":16231,"date":"2025-02-05T22:33:06","date_gmt":"2025-02-05T22:33:06","guid":{"rendered":"https:\/\/edukeytech.com\/?post_type=product&#038;p=16231"},"modified":"2025-02-22T15:36:58","modified_gmt":"2025-02-22T15:36:58","slug":"moteur-pas-a-pas-5v-28byj-48-driver","status":"publish","type":"product","link":"https:\/\/edukeytech.com\/en\/product\/moteur-pas-a-pas-5v-28byj-48-driver\/","title":{"rendered":"MOTEUR PAS \u00c0 PAS 5V 28BYJ-48 + DRIVER"},"content":{"rendered":"<h5>MOTEUR PAS \u00c0 PAS 5V 28BYJ-48 + DRIVER<br \/>\nMoteur pas-\u00e0-pas 28BYJ-48 unipolaire \u00e0 4 enroulements avec r\u00e9ducteur et driver bas\u00e9 sur un ULN2003A permettant de contr\u00f4ler directement le moteur avec un microcontr\u00f4leur (ex: Arduino) sans interface de puissance.<\/h5>\n<h4>Caract\u00e9ristiques<\/h4>\n<h5>Alimentation : 5 Vcc<br \/>\nR\u00e9sistance: 50 ohms<br \/>\nIntensit\u00e9: 25 mA<br \/>\nR\u00e9duction: 1\/64<br \/>\nNombre de pas: 64 (r\u00e9duction de\u00a04096 en sortie d\u2019axe)<br \/>\nCouple: 340 gf.cm<br \/>\nNiveau sonore: 40 dB.<br \/>\nEntraxe de fixation: 35 mm<br \/>\nAxe: \u00d85 mm avec double m\u00e9plat (\u00e9paisseur 3 mm)<br \/>\nLongueur de l\u2019axe: 8 mm<\/h5>","protected":false},"excerpt":{"rendered":"<h5>MOTEUR PAS \u00c0 PAS 5V 28BYJ-48 + DRIVER<\/h5>","protected":false},"featured_media":16233,"comment_status":"open","ping_status":"closed","template":"","meta":{"_joinchat":[]},"product_brand":[],"product_cat":[107],"product_tag":[],"class_list":{"0":"post-16231","1":"product","2":"type-product","3":"status-publish","4":"has-post-thumbnail","6":"product_cat-moteurs","8":"first","9":"instock","10":"shipping-taxable","11":"purchasable","12":"product-type-simple"},"_links":{"self":[{"href":"https:\/\/edukeytech.com\/en\/wp-json\/wp\/v2\/product\/16231","targetHints":{"allow":["GET"]}}],"collection":[{"href":"https:\/\/edukeytech.com\/en\/wp-json\/wp\/v2\/product"}],"about":[{"href":"https:\/\/edukeytech.com\/en\/wp-json\/wp\/v2\/types\/product"}],"replies":[{"embeddable":true,"href":"https:\/\/edukeytech.com\/en\/wp-json\/wp\/v2\/comments?post=16231"}],"version-history":[{"count":1,"href":"https:\/\/edukeytech.com\/en\/wp-json\/wp\/v2\/product\/16231\/revisions"}],"predecessor-version":[{"id":16236,"href":"https:\/\/edukeytech.com\/en\/wp-json\/wp\/v2\/product\/16231\/revisions\/16236"}],"wp:featuredmedia":[{"embeddable":true,"href":"https:\/\/edukeytech.com\/en\/wp-json\/wp\/v2\/media\/16233"}],"wp:attachment":[{"href":"https:\/\/edukeytech.com\/en\/wp-json\/wp\/v2\/media?parent=16231"}],"wp:term":[{"taxonomy":"product_brand","embeddable":true,"href":"https:\/\/edukeytech.com\/en\/wp-json\/wp\/v2\/product_brand?post=16231"},{"taxonomy":"product_cat","embeddable":true,"href":"https:\/\/edukeytech.com\/en\/wp-json\/wp\/v2\/product_cat?post=16231"},{"taxonomy":"product_tag","embeddable":true,"href":"https:\/\/edukeytech.com\/en\/wp-json\/wp\/v2\/product_tag?post=16231"}],"curies":[{"name":"wp","href":"https:\/\/api.w.org\/{rel}","templated":true}]}}