{"id":16227,"date":"2025-02-05T22:24:48","date_gmt":"2025-02-05T22:24:48","guid":{"rendered":"https:\/\/edukeytech.com\/?post_type=product&#038;p=16227"},"modified":"2025-02-22T15:44:51","modified_gmt":"2025-02-22T15:44:51","slug":"variateur-de-vitesse-pwm-5a-pour-moteur-dc","status":"publish","type":"product","link":"https:\/\/edukeytech.com\/en\/product\/variateur-de-vitesse-pwm-5a-pour-moteur-dc\/","title":{"rendered":"Variateur de Vitesse PWM 10A Pour Moteur DC"},"content":{"rendered":"<h5>VARIATEUR DE VITESSE PWM 5A POUR MOTEUR DC<br \/>\nIL contr\u00f4le la vitesse d\u2019un moteur \u00e0 courant continu. haute efficacit\u00e9, un couple \u00e9lev\u00e9, faible production de chaleur.<\/h5>\n<h4>Caract\u00e9ristiques<\/h4>\n<ul>\n<li>\n<h5>Tension de fonctionnement: DC 4.5V-35V<\/h5>\n<h5><\/h5>\n<\/li>\n<li>\n<h5>Puissance control\u00e9:\u00a090W (maximum)<\/h5>\n<h5><\/h5>\n<\/li>\n<li>\n<h5>Courant: 5A max, 7uA (veille)<\/h5>\n<h5><\/h5>\n<\/li>\n<li>\n<h5>PWM Duty cycle: 1% -100%<\/h5>\n<h5><\/h5>\n<\/li>\n<li>\n<h5>PWM Fr\u00e9quence: 20 khz<\/h5>\n<h5><\/h5>\n<\/li>\n<li>\n<h5>Dimensions: 30 x 26 x 14 mm.<\/h5>\n<\/li>\n<\/ul>","protected":false},"excerpt":{"rendered":"<h5>VARIATEUR DE VITESSE PWM 5A POUR MOTEUR DC<br \/>\nIL contr\u00f4le la vitesse d\u2019un moteur \u00e0 courant continu.<\/h5>","protected":false},"featured_media":16228,"comment_status":"open","ping_status":"closed","template":"","meta":{"_joinchat":[]},"product_brand":[],"product_cat":[107],"product_tag":[],"class_list":{"0":"post-16227","1":"product","2":"type-product","3":"status-publish","4":"has-post-thumbnail","6":"product_cat-moteurs","8":"first","9":"instock","10":"shipping-taxable","11":"purchasable","12":"product-type-simple"},"_links":{"self":[{"href":"https:\/\/edukeytech.com\/en\/wp-json\/wp\/v2\/product\/16227","targetHints":{"allow":["GET"]}}],"collection":[{"href":"https:\/\/edukeytech.com\/en\/wp-json\/wp\/v2\/product"}],"about":[{"href":"https:\/\/edukeytech.com\/en\/wp-json\/wp\/v2\/types\/product"}],"replies":[{"embeddable":true,"href":"https:\/\/edukeytech.com\/en\/wp-json\/wp\/v2\/comments?post=16227"}],"version-history":[{"count":3,"href":"https:\/\/edukeytech.com\/en\/wp-json\/wp\/v2\/product\/16227\/revisions"}],"predecessor-version":[{"id":16767,"href":"https:\/\/edukeytech.com\/en\/wp-json\/wp\/v2\/product\/16227\/revisions\/16767"}],"wp:featuredmedia":[{"embeddable":true,"href":"https:\/\/edukeytech.com\/en\/wp-json\/wp\/v2\/media\/16228"}],"wp:attachment":[{"href":"https:\/\/edukeytech.com\/en\/wp-json\/wp\/v2\/media?parent=16227"}],"wp:term":[{"taxonomy":"product_brand","embeddable":true,"href":"https:\/\/edukeytech.com\/en\/wp-json\/wp\/v2\/product_brand?post=16227"},{"taxonomy":"product_cat","embeddable":true,"href":"https:\/\/edukeytech.com\/en\/wp-json\/wp\/v2\/product_cat?post=16227"},{"taxonomy":"product_tag","embeddable":true,"href":"https:\/\/edukeytech.com\/en\/wp-json\/wp\/v2\/product_tag?post=16227"}],"curies":[{"name":"wp","href":"https:\/\/api.w.org\/{rel}","templated":true}]}}