{"id":16223,"date":"2025-02-05T22:12:26","date_gmt":"2025-02-05T22:12:26","guid":{"rendered":"https:\/\/edukeytech.com\/?post_type=product&#038;p=16223"},"modified":"2025-02-22T15:40:59","modified_gmt":"2025-02-22T15:40:59","slug":"variateur-de-vitesse-pwm-3a-80w-pour-moteur-dc","status":"publish","type":"product","link":"https:\/\/edukeytech.com\/en\/product\/variateur-de-vitesse-pwm-3a-80w-pour-moteur-dc\/","title":{"rendered":"Variateur de Vitesse PWM 3A 80W Pour Moteur DC"},"content":{"rendered":"<h5>Le variateur de vitesse PWM 3A 80W est un dispositif essentiel pour le contr\u00f4le pr\u00e9cis de la vitesse et de la direction des moteurs \u00e0 courant continu (DC).<\/h5>","protected":false},"excerpt":{"rendered":"<h5>Le variateur de vitesse PWM 3A 80W est un dispositif essentiel pour le contr\u00f4le pr\u00e9cis de la vitesse et de la direction des moteurs \u00e0 courant continu (DC).<\/h5>","protected":false},"featured_media":16224,"comment_status":"open","ping_status":"closed","template":"","meta":{"_joinchat":[]},"product_brand":[],"product_cat":[107],"product_tag":[],"class_list":{"0":"post-16223","1":"product","2":"type-product","3":"status-publish","4":"has-post-thumbnail","6":"product_cat-moteurs","8":"first","9":"instock","10":"shipping-taxable","11":"purchasable","12":"product-type-simple"},"_links":{"self":[{"href":"https:\/\/edukeytech.com\/en\/wp-json\/wp\/v2\/product\/16223","targetHints":{"allow":["GET"]}}],"collection":[{"href":"https:\/\/edukeytech.com\/en\/wp-json\/wp\/v2\/product"}],"about":[{"href":"https:\/\/edukeytech.com\/en\/wp-json\/wp\/v2\/types\/product"}],"replies":[{"embeddable":true,"href":"https:\/\/edukeytech.com\/en\/wp-json\/wp\/v2\/comments?post=16223"}],"version-history":[{"count":1,"href":"https:\/\/edukeytech.com\/en\/wp-json\/wp\/v2\/product\/16223\/revisions"}],"predecessor-version":[{"id":16226,"href":"https:\/\/edukeytech.com\/en\/wp-json\/wp\/v2\/product\/16223\/revisions\/16226"}],"wp:featuredmedia":[{"embeddable":true,"href":"https:\/\/edukeytech.com\/en\/wp-json\/wp\/v2\/media\/16224"}],"wp:attachment":[{"href":"https:\/\/edukeytech.com\/en\/wp-json\/wp\/v2\/media?parent=16223"}],"wp:term":[{"taxonomy":"product_brand","embeddable":true,"href":"https:\/\/edukeytech.com\/en\/wp-json\/wp\/v2\/product_brand?post=16223"},{"taxonomy":"product_cat","embeddable":true,"href":"https:\/\/edukeytech.com\/en\/wp-json\/wp\/v2\/product_cat?post=16223"},{"taxonomy":"product_tag","embeddable":true,"href":"https:\/\/edukeytech.com\/en\/wp-json\/wp\/v2\/product_tag?post=16223"}],"curies":[{"name":"wp","href":"https:\/\/api.w.org\/{rel}","templated":true}]}}