{"id":16218,"date":"2025-02-05T21:57:22","date_gmt":"2025-02-05T21:57:22","guid":{"rendered":"https:\/\/edukeytech.com\/?post_type=product&#038;p=16218"},"modified":"2025-02-22T15:43:38","modified_gmt":"2025-02-22T15:43:38","slug":"variateur-de-vitesse-pwm-30a-pour-moteur-dc","status":"publish","type":"product","link":"https:\/\/edukeytech.com\/en\/product\/variateur-de-vitesse-pwm-30a-pour-moteur-dc\/","title":{"rendered":"Variateur de Vitesse PWM 30A Pour Moteur DC"},"content":{"rendered":"<h5>Variateur de vitesse PWM 30A pour moteur DC est utilis\u00e9 pour contr\u00f4ler la vitesse d\u2019un moteur \u00e0 courant continu (DC) en ajustant la largeur des impulsions de tension fournies au moteur.<\/h5>\n<h4>Caract\u00e9ristiques<\/h4>\n<ul>\n<li>\n<h5><strong>Tension d\u2019Entr\u00e9e<\/strong>\u00a0: Compatible avec une plage de 6V \u00e0 60V DC.<\/h5>\n<\/li>\n<li>\n<h5><strong>Courant de Sortie<\/strong>\u00a0: Ajustable de 0A \u00e0 30A, avec une limite maximale de courant continu de 20A pour des performances optimales.<\/h5>\n<\/li>\n<li>\n<h5><strong>Plage de Vitesse<\/strong>\u00a0: Variabilit\u00e9 de 0% \u00e0 100%, permettant un contr\u00f4le pr\u00e9cis de la vitesse du moteur.<\/h5>\n<\/li>\n<li>\n<h5><strong>M\u00e9thode de R\u00e9gulation<\/strong>\u00a0: Contr\u00f4le via potentiom\u00e8tre rotatif (100K avec interrupteur, rotation de 270\u00b0) pour un r\u00e9glage lin\u00e9aire de la vitesse.<\/h5>\n<\/li>\n<li>\n<h5><strong>Fr\u00e9quence de Contr\u00f4le<\/strong>\u00a0: Fonctionne \u00e0 une fr\u00e9quence de modulation de 15KHz.<\/h5>\n<\/li>\n<li>\n<h5><strong>Type de C\u00e2blage<\/strong>\u00a0: Connexion pratique via bornes \u00e0 vis pour un c\u00e2blage rapide et s\u00e9curis\u00e9.<\/h5>\n<\/li>\n<li>\n<h5><strong>Taille Compacte<\/strong>\u00a0: Dimensions de 75 mm x 56 mm x 28 mm pour une int\u00e9gration facile dans divers syst\u00e8mes.<\/h5>\n<\/li>\n<\/ul>","protected":false},"excerpt":{"rendered":"<h5>Variateur de vitesse PWM 30A pour moteur DC est utilis\u00e9 pour contr\u00f4ler la vitesse d\u2019un moteur \u00e0 courant continu (DC) en ajustant la largeur des impulsions de tension fournies au moteur.<\/h5>","protected":false},"featured_media":16219,"comment_status":"open","ping_status":"closed","template":"","meta":{"_joinchat":[]},"product_brand":[],"product_cat":[107],"product_tag":[],"class_list":{"0":"post-16218","1":"product","2":"type-product","3":"status-publish","4":"has-post-thumbnail","6":"product_cat-moteurs","8":"first","9":"outofstock","10":"shipping-taxable","11":"purchasable","12":"product-type-simple"},"_links":{"self":[{"href":"https:\/\/edukeytech.com\/en\/wp-json\/wp\/v2\/product\/16218","targetHints":{"allow":["GET"]}}],"collection":[{"href":"https:\/\/edukeytech.com\/en\/wp-json\/wp\/v2\/product"}],"about":[{"href":"https:\/\/edukeytech.com\/en\/wp-json\/wp\/v2\/types\/product"}],"replies":[{"embeddable":true,"href":"https:\/\/edukeytech.com\/en\/wp-json\/wp\/v2\/comments?post=16218"}],"version-history":[{"count":3,"href":"https:\/\/edukeytech.com\/en\/wp-json\/wp\/v2\/product\/16218\/revisions"}],"predecessor-version":[{"id":16222,"href":"https:\/\/edukeytech.com\/en\/wp-json\/wp\/v2\/product\/16218\/revisions\/16222"}],"wp:featuredmedia":[{"embeddable":true,"href":"https:\/\/edukeytech.com\/en\/wp-json\/wp\/v2\/media\/16219"}],"wp:attachment":[{"href":"https:\/\/edukeytech.com\/en\/wp-json\/wp\/v2\/media?parent=16218"}],"wp:term":[{"taxonomy":"product_brand","embeddable":true,"href":"https:\/\/edukeytech.com\/en\/wp-json\/wp\/v2\/product_brand?post=16218"},{"taxonomy":"product_cat","embeddable":true,"href":"https:\/\/edukeytech.com\/en\/wp-json\/wp\/v2\/product_cat?post=16218"},{"taxonomy":"product_tag","embeddable":true,"href":"https:\/\/edukeytech.com\/en\/wp-json\/wp\/v2\/product_tag?post=16218"}],"curies":[{"name":"wp","href":"https:\/\/api.w.org\/{rel}","templated":true}]}}