{"id":16198,"date":"2025-02-04T23:20:09","date_gmt":"2025-02-04T23:20:09","guid":{"rendered":"https:\/\/edukeytech.com\/?post_type=product&#038;p=16198"},"modified":"2026-01-25T17:20:40","modified_gmt":"2026-01-25T17:20:40","slug":"a4988-shield-pour-cnc","status":"publish","type":"product","link":"https:\/\/edukeytech.com\/en\/product\/a4988-shield-pour-cnc\/","title":{"rendered":"A4988 Shield Pour CNC"},"content":{"rendered":"<h5>Shield V3 CNC est une carte d\u2019extension open-source \u00e9labor\u00e9e pour contr\u00f4ler les moteurs pas \u00e0 pas d\u2019une machine CNC \u00e0 l\u2019aide d\u2019un Arduino. Il permet de piloter jusqu\u2019\u00e0 quatre axes (X, Y, Z et A) et peut \u00eatre utilis\u00e9 pour une vari\u00e9t\u00e9 d\u2019applications.<\/h5>\n<h4>Caract\u00e9ristiques<\/h4>\n<ul>\n<li>\n<h5>Compatible avec Arduino UNO<\/h5>\n<\/li>\n<li>\n<h5>Compatible avec GRBL 0.8 et 0.9<\/h5>\n<\/li>\n<li>\n<h5>Alimentation : 12V-36V DC<\/h5>\n<\/li>\n<li>\n<h5>Contr\u00f4le de 4 axes (X, Y, Z, A)<\/h5>\n<\/li>\n<li>\n<h5>2 entr\u00e9es de fin de course pour chaque axe (6 en tout)<\/h5>\n<\/li>\n<li>\n<h5>Prise pour une connexion I2C et UART (s\u00e9rie)<\/h5>\n<\/li>\n<li>\n<h5>Supporte des drivers de moteurs pas \u00e0 pas amovibles compatibles A4988 ou DRV8825<\/h5>\n<\/li>\n<li>\n<h5>Utilise des jumpers pour configurer le micro-pas des drivers de moteurs pas \u00e0 pas<\/h5>\n<\/li>\n<\/ul>","protected":false},"excerpt":{"rendered":"<h5>Shield V3 CNC est une carte d\u2019extension open-source \u00e9labor\u00e9e pour contr\u00f4ler les moteurs pas \u00e0 pas d\u2019une machine CNC \u00e0 l\u2019aide d\u2019un Arduino. Il permet de piloter jusqu\u2019\u00e0 quatre axes (X, Y, Z et A) et peut \u00eatre utilis\u00e9 pour une vari\u00e9t\u00e9 d\u2019applications.<\/h5>","protected":false},"featured_media":16199,"comment_status":"open","ping_status":"closed","template":"","meta":{"_joinchat":[]},"product_brand":[],"product_cat":[107],"product_tag":[],"class_list":{"0":"post-16198","1":"product","2":"type-product","3":"status-publish","4":"has-post-thumbnail","6":"product_cat-moteurs","8":"first","9":"instock","10":"shipping-taxable","11":"purchasable","12":"product-type-simple"},"_links":{"self":[{"href":"https:\/\/edukeytech.com\/en\/wp-json\/wp\/v2\/product\/16198","targetHints":{"allow":["GET"]}}],"collection":[{"href":"https:\/\/edukeytech.com\/en\/wp-json\/wp\/v2\/product"}],"about":[{"href":"https:\/\/edukeytech.com\/en\/wp-json\/wp\/v2\/types\/product"}],"replies":[{"embeddable":true,"href":"https:\/\/edukeytech.com\/en\/wp-json\/wp\/v2\/comments?post=16198"}],"version-history":[{"count":1,"href":"https:\/\/edukeytech.com\/en\/wp-json\/wp\/v2\/product\/16198\/revisions"}],"predecessor-version":[{"id":16200,"href":"https:\/\/edukeytech.com\/en\/wp-json\/wp\/v2\/product\/16198\/revisions\/16200"}],"wp:featuredmedia":[{"embeddable":true,"href":"https:\/\/edukeytech.com\/en\/wp-json\/wp\/v2\/media\/16199"}],"wp:attachment":[{"href":"https:\/\/edukeytech.com\/en\/wp-json\/wp\/v2\/media?parent=16198"}],"wp:term":[{"taxonomy":"product_brand","embeddable":true,"href":"https:\/\/edukeytech.com\/en\/wp-json\/wp\/v2\/product_brand?post=16198"},{"taxonomy":"product_cat","embeddable":true,"href":"https:\/\/edukeytech.com\/en\/wp-json\/wp\/v2\/product_cat?post=16198"},{"taxonomy":"product_tag","embeddable":true,"href":"https:\/\/edukeytech.com\/en\/wp-json\/wp\/v2\/product_tag?post=16198"}],"curies":[{"name":"wp","href":"https:\/\/api.w.org\/{rel}","templated":true}]}}