{"id":16193,"date":"2025-02-04T23:11:01","date_gmt":"2025-02-04T23:11:01","guid":{"rendered":"https:\/\/edukeytech.com\/?post_type=product&#038;p=16193"},"modified":"2025-02-22T15:48:01","modified_gmt":"2025-02-22T15:48:01","slug":"bts7960-43a-driver-moteur-dc-pas-a-pas-double-pont-h","status":"publish","type":"product","link":"https:\/\/edukeytech.com\/en\/product\/bts7960-43a-driver-moteur-dc-pas-a-pas-double-pont-h\/","title":{"rendered":"BTS7960 43A Driver Moteur DC \u2013 Pas \u00e0 pas Double Pont H"},"content":{"rendered":"<h5>BTS7960 43A driver moteur haute puissance est un module de commande de moteur \u00e0 pont complet haute puissance. Ce produit offre une solution pratique et efficace pour contr\u00f4ler des moteurs CC de grande puissance.<\/h5>\n<h5>Le module pilote de moteur pas \u00e0 pas haute puissance double BTS7960 43 A \u00e0 pont en H fournit\u00a0: une solution optimis\u00e9e en termes de co\u00fbt pour les entra\u00eenements de moteur PWM prot\u00e9g\u00e9s \u00e0 courant \u00e9lev\u00e9 avec une tr\u00e8s faible consommation d\u2019espace sur la carte.<\/h5>\n<h4>Caract\u00e9ristiques\u00a0:<\/h4>\n<ul>\n<li>\n<h5>Tension d\u2019entr\u00e9e : 6 ~ 27 Vcc.<\/h5>\n<\/li>\n<li>\n<h5>Pilote\u00a0: configuration double demi-pont BTS7960H.<\/h5>\n<\/li>\n<li>\n<h5>Courant de pointe\u00a0: 43\u00a0amp\u00e8res.<\/h5>\n<\/li>\n<li>\n<h5>Capacit\u00e9 PWM jusqu\u2019\u00e0 25 kHz.<\/h5>\n<\/li>\n<li>\n<h5>Niveau d\u2019entr\u00e9e de contr\u00f4le : 3,3 ~ 5 V.<\/h5>\n<\/li>\n<li>\n<h5>Mode de contr\u00f4le\u00a0:\u00a0PWM ou niveau<\/h5>\n<\/li>\n<li>\n<h5>Cycle de fonctionnement : 0 ~ 100 %.<\/h5>\n<\/li>\n<li>\n<h5>Verrouillage en cas de surtension. Arr\u00eat en cas de sous-tension.<\/h5>\n<\/li>\n<li>\n<h5>Taille de la planche (LxlxH) : 50 mm x 50 mm x 43 mm.<\/h5>\n<\/li>\n<li>\n<h5>Poids : ~66g.<\/h5>\n<\/li>\n<\/ul>","protected":false},"excerpt":{"rendered":"<h5>BTS7960 43A driver moteur haute puissance est un module de commande de moteur \u00e0 pont complet haute puissance. Ce produit offre une solution pratique et efficace pour contr\u00f4ler des moteurs CC de grande puissance.<\/h5>\n<p>&nbsp;<\/p>","protected":false},"featured_media":16194,"comment_status":"open","ping_status":"closed","template":"","meta":{"_joinchat":[]},"product_brand":[],"product_cat":[107],"product_tag":[],"class_list":{"0":"post-16193","1":"product","2":"type-product","3":"status-publish","4":"has-post-thumbnail","6":"product_cat-moteurs","8":"first","9":"instock","10":"shipping-taxable","11":"purchasable","12":"product-type-simple"},"_links":{"self":[{"href":"https:\/\/edukeytech.com\/en\/wp-json\/wp\/v2\/product\/16193","targetHints":{"allow":["GET"]}}],"collection":[{"href":"https:\/\/edukeytech.com\/en\/wp-json\/wp\/v2\/product"}],"about":[{"href":"https:\/\/edukeytech.com\/en\/wp-json\/wp\/v2\/types\/product"}],"replies":[{"embeddable":true,"href":"https:\/\/edukeytech.com\/en\/wp-json\/wp\/v2\/comments?post=16193"}],"version-history":[{"count":1,"href":"https:\/\/edukeytech.com\/en\/wp-json\/wp\/v2\/product\/16193\/revisions"}],"predecessor-version":[{"id":16197,"href":"https:\/\/edukeytech.com\/en\/wp-json\/wp\/v2\/product\/16193\/revisions\/16197"}],"wp:featuredmedia":[{"embeddable":true,"href":"https:\/\/edukeytech.com\/en\/wp-json\/wp\/v2\/media\/16194"}],"wp:attachment":[{"href":"https:\/\/edukeytech.com\/en\/wp-json\/wp\/v2\/media?parent=16193"}],"wp:term":[{"taxonomy":"product_brand","embeddable":true,"href":"https:\/\/edukeytech.com\/en\/wp-json\/wp\/v2\/product_brand?post=16193"},{"taxonomy":"product_cat","embeddable":true,"href":"https:\/\/edukeytech.com\/en\/wp-json\/wp\/v2\/product_cat?post=16193"},{"taxonomy":"product_tag","embeddable":true,"href":"https:\/\/edukeytech.com\/en\/wp-json\/wp\/v2\/product_tag?post=16193"}],"curies":[{"name":"wp","href":"https:\/\/api.w.org\/{rel}","templated":true}]}}