{"id":16188,"date":"2025-02-04T23:00:12","date_gmt":"2025-02-04T23:00:12","guid":{"rendered":"https:\/\/edukeytech.com\/?post_type=product&#038;p=16188"},"modified":"2025-02-22T15:48:57","modified_gmt":"2025-02-22T15:48:57","slug":"a3967-driver-moteur-pas-a-pas-easydriver","status":"publish","type":"product","link":"https:\/\/edukeytech.com\/en\/product\/a3967-driver-moteur-pas-a-pas-easydriver\/","title":{"rendered":"A3967 Driver Moteur Pas \u00e0 pas EasyDriver"},"content":{"rendered":"<h5>DRIVER MOTEUR PAS \u00c0 PAS EASYDRIVER A3967<br \/>\nEasyDriver Moteur Pas \u00e0 pas A3967.<\/h5>\n<h5>A3967 Microstepping pilote<br \/>\nMS1 et MS2 broches ventil\u00e9s \u00e0 modifier la r\u00e9solution micropas \u00e0 la pleine, demi, quart et huiti\u00e8me \u00e9tapes (par d\u00e9faut huiti\u00e8me)<br \/>\nCompatible avec 4, 6 et 8 moteurs pas \u00e0 pas.<br \/>\nContr\u00f4le de courant r\u00e9glable de 150mA \/ 700mA phase \/ phases<br \/>\nplage d\u2019alimentation \u00e9lectrique de 6V \u00e0 30V.\u00a0Plus la tension est \u00e9lev\u00e9e, plus le couple \u00e0 vitesse \u00e9lev\u00e9e.<\/h5>","protected":false},"excerpt":{"rendered":"<h5>DRIVER MOTEUR PAS \u00c0 PAS EASYDRIVER A3967<br \/>\nEasyDriver Moteur Pas \u00e0 pas A3967.<\/h5>","protected":false},"featured_media":16189,"comment_status":"open","ping_status":"closed","template":"","meta":{"_joinchat":[]},"product_brand":[],"product_cat":[107],"product_tag":[],"class_list":{"0":"post-16188","1":"product","2":"type-product","3":"status-publish","4":"has-post-thumbnail","6":"product_cat-moteurs","8":"first","9":"instock","10":"shipping-taxable","11":"purchasable","12":"product-type-simple"},"_links":{"self":[{"href":"https:\/\/edukeytech.com\/en\/wp-json\/wp\/v2\/product\/16188","targetHints":{"allow":["GET"]}}],"collection":[{"href":"https:\/\/edukeytech.com\/en\/wp-json\/wp\/v2\/product"}],"about":[{"href":"https:\/\/edukeytech.com\/en\/wp-json\/wp\/v2\/types\/product"}],"replies":[{"embeddable":true,"href":"https:\/\/edukeytech.com\/en\/wp-json\/wp\/v2\/comments?post=16188"}],"version-history":[{"count":1,"href":"https:\/\/edukeytech.com\/en\/wp-json\/wp\/v2\/product\/16188\/revisions"}],"predecessor-version":[{"id":16192,"href":"https:\/\/edukeytech.com\/en\/wp-json\/wp\/v2\/product\/16188\/revisions\/16192"}],"wp:featuredmedia":[{"embeddable":true,"href":"https:\/\/edukeytech.com\/en\/wp-json\/wp\/v2\/media\/16189"}],"wp:attachment":[{"href":"https:\/\/edukeytech.com\/en\/wp-json\/wp\/v2\/media?parent=16188"}],"wp:term":[{"taxonomy":"product_brand","embeddable":true,"href":"https:\/\/edukeytech.com\/en\/wp-json\/wp\/v2\/product_brand?post=16188"},{"taxonomy":"product_cat","embeddable":true,"href":"https:\/\/edukeytech.com\/en\/wp-json\/wp\/v2\/product_cat?post=16188"},{"taxonomy":"product_tag","embeddable":true,"href":"https:\/\/edukeytech.com\/en\/wp-json\/wp\/v2\/product_tag?post=16188"}],"curies":[{"name":"wp","href":"https:\/\/api.w.org\/{rel}","templated":true}]}}