{"id":16178,"date":"2025-02-04T22:42:42","date_gmt":"2025-02-04T22:42:42","guid":{"rendered":"https:\/\/edukeytech.com\/?post_type=product&#038;p=16178"},"modified":"2025-02-22T15:50:44","modified_gmt":"2025-02-22T15:50:44","slug":"l298n-driver-moteur-dc-pas-a-pas-double-pont-h","status":"publish","type":"product","link":"https:\/\/edukeytech.com\/en\/product\/l298n-driver-moteur-dc-pas-a-pas-double-pont-h\/","title":{"rendered":"L298N Driver Moteur DC \u2013 Pas \u00e0 pas Double Pont H"},"content":{"rendered":"<h5>Module L298N est un double pont-H destin\u00e9 au contr\u00f4le de moteur (H-Bridge Motor Driver). Il est bas\u00e9 sur le composant L298N. C\u2019est un module utile pour le contr\u00f4le de robots et d\u2019ensembles m\u00e9canis\u00e9s.<\/h5>\n<h4>Caract\u00e9ristiques<\/h4>\n<ul>\n<li>\n<h5>Composant de contr\u00f4le en puissance: L298N<\/h5>\n<\/li>\n<li>\n<h5>Alimentation de la charge: de +6V \u00e0 +35V<\/h5>\n<\/li>\n<li>\n<h5>Courant Max (en pointe): 2A<\/h5>\n<\/li>\n<li>\n<h5>Tension de commande logique Vss: de +5 \u00e0 +7V (alimentation interne de +5V)<\/h5>\n<\/li>\n<li>\n<h5>Courant de commande logique: de 0 \u00e0 36mA<\/h5>\n<\/li>\n<li>\n<h5>Tensions pour contr\u00f4le du sens: Low -0.3V~1.5V, high: 2.3V~Vss<\/h5>\n<\/li>\n<li>\n<h5>Tensions pour contr\u00f4le \u00ab\u00a0Enable\u00a0\u00bb: Low -0.3V~1.5V, high: 2.3V~Vss<\/h5>\n<\/li>\n<li>\n<h5>Puissance Max: 25W (Temp\u00e9rature 75 \u2103)<\/h5>\n<\/li>\n<li>\n<h5>Temp\u00e9rature de fonctionnement: de -25\u2103 \u00e0 +130\u2103<\/h5>\n<\/li>\n<li>\n<h5>Dimensions: 60mm x 54mm<\/h5>\n<\/li>\n<li>\n<h5>Poids: ~48g<\/h5>\n<\/li>\n<\/ul>","protected":false},"excerpt":{"rendered":"<h5>Module L298N est un double pont-H destin\u00e9 au contr\u00f4le de moteur (H-Bridge Motor Driver). Il est bas\u00e9 sur le composant L298N. C\u2019est un module utile pour le contr\u00f4le de robots et d\u2019ensembles m\u00e9canis\u00e9s.<\/h5>","protected":false},"featured_media":16181,"comment_status":"open","ping_status":"closed","template":"","meta":{"_joinchat":[]},"product_brand":[],"product_cat":[107],"product_tag":[],"class_list":{"0":"post-16178","1":"product","2":"type-product","3":"status-publish","4":"has-post-thumbnail","6":"product_cat-moteurs","8":"first","9":"instock","10":"shipping-taxable","11":"purchasable","12":"product-type-simple"},"_links":{"self":[{"href":"https:\/\/edukeytech.com\/en\/wp-json\/wp\/v2\/product\/16178","targetHints":{"allow":["GET"]}}],"collection":[{"href":"https:\/\/edukeytech.com\/en\/wp-json\/wp\/v2\/product"}],"about":[{"href":"https:\/\/edukeytech.com\/en\/wp-json\/wp\/v2\/types\/product"}],"replies":[{"embeddable":true,"href":"https:\/\/edukeytech.com\/en\/wp-json\/wp\/v2\/comments?post=16178"}],"version-history":[{"count":1,"href":"https:\/\/edukeytech.com\/en\/wp-json\/wp\/v2\/product\/16178\/revisions"}],"predecessor-version":[{"id":16182,"href":"https:\/\/edukeytech.com\/en\/wp-json\/wp\/v2\/product\/16178\/revisions\/16182"}],"wp:featuredmedia":[{"embeddable":true,"href":"https:\/\/edukeytech.com\/en\/wp-json\/wp\/v2\/media\/16181"}],"wp:attachment":[{"href":"https:\/\/edukeytech.com\/en\/wp-json\/wp\/v2\/media?parent=16178"}],"wp:term":[{"taxonomy":"product_brand","embeddable":true,"href":"https:\/\/edukeytech.com\/en\/wp-json\/wp\/v2\/product_brand?post=16178"},{"taxonomy":"product_cat","embeddable":true,"href":"https:\/\/edukeytech.com\/en\/wp-json\/wp\/v2\/product_cat?post=16178"},{"taxonomy":"product_tag","embeddable":true,"href":"https:\/\/edukeytech.com\/en\/wp-json\/wp\/v2\/product_tag?post=16178"}],"curies":[{"name":"wp","href":"https:\/\/api.w.org\/{rel}","templated":true}]}}