{"id":16173,"date":"2025-02-04T22:32:33","date_gmt":"2025-02-04T22:32:33","guid":{"rendered":"https:\/\/edukeytech.com\/?post_type=product&#038;p=16173"},"modified":"2025-02-22T15:51:26","modified_gmt":"2025-02-22T15:51:26","slug":"pca9685-driver-servo-moteur-pwm-16-canaux","status":"publish","type":"product","link":"https:\/\/edukeytech.com\/en\/product\/pca9685-driver-servo-moteur-pwm-16-canaux\/","title":{"rendered":"PCA9685 Driver Servo Moteur PWM 16 Canaux"},"content":{"rendered":"<h4>PCA9685 Driver Servo Moteur PWM 16 Canaux<\/h4>\n<h5>\u00a0Driver Servo Moteur PWM 16 Canaux \u00e0 12 bits peut g\u00e9rer un grand nombre de moteurs servo pour diverses applications, notamment les bras robotiques, les hexapodes et les robots.<\/h5>\n<h4>Caract\u00e9ristiques<\/h4>\n<ul>\n<li>\n<h5>Tension d\u2019alimentation : 5V (typique)<\/h5>\n<\/li>\n<li>\n<h5>Nombre de canaux : 16 sorties PWM ind\u00e9pendantes<\/h5>\n<\/li>\n<li>\n<h5>R\u00e9solution : 12 bits par canal, soit 4096 \u00e9tapes de r\u00e9solution<\/h5>\n<\/li>\n<li>\n<h5>Fr\u00e9quence PWM r\u00e9glable : jusqu\u2019\u00e0 environ 1,6 kHz<\/h5>\n<\/li>\n<li>\n<h5>Interface de communication : I2C (Inter-Integrated Circuit)<\/h5>\n<\/li>\n<li>\n<h5>Adressage I2C : 6 bits d\u2019adressage (jusqu\u2019\u00e0 62 adresses s\u00e9lectionnables)<\/h5>\n<\/li>\n<li>\n<h5>Courant de sortie : 25 mA (max) pour chaque canal en mode sink, 10 mA (max) pour chaque canal en mode source<\/h5>\n<\/li>\n<li>\n<h5>Protection contre l\u2019inversion de polarit\u00e9 sur l\u2019entr\u00e9e du bloc terminal<\/h5>\n<\/li>\n<li>\n<h5>Capacit\u00e9 de cha\u00eenage : jusqu\u2019\u00e0 62 modules pour contr\u00f4ler jusqu\u2019\u00e0 992 sorties PWM<\/h5>\n<\/li>\n<li>\n<h5>Dimensions : 2,5\u2033 x 1\u2033 x 0,1\u2033 (62,5 mm x 25,4 mm x 3 mm)<\/h5>\n<\/li>\n<\/ul>","protected":false},"excerpt":{"rendered":"<h5>PCA9685 Driver Servo Moteur PWM 16 Canaux sert \u00e0 contr\u00f4ler un grand nombre de moteurs servo dans diverses applications, telles que les bras robotiques, les hexapodes et les robots. Ce module communique via le protocole I2C, ce qui permet une connexion simple et efficace \u00e0 votre microcontr\u00f4leur\u00a0 en utilisant seulement deux broches.<\/h5>","protected":false},"featured_media":16176,"comment_status":"open","ping_status":"closed","template":"","meta":{"_joinchat":[]},"product_brand":[],"product_cat":[107],"product_tag":[],"class_list":{"0":"post-16173","1":"product","2":"type-product","3":"status-publish","4":"has-post-thumbnail","6":"product_cat-moteurs","8":"first","9":"instock","10":"shipping-taxable","11":"purchasable","12":"product-type-simple"},"_links":{"self":[{"href":"https:\/\/edukeytech.com\/en\/wp-json\/wp\/v2\/product\/16173","targetHints":{"allow":["GET"]}}],"collection":[{"href":"https:\/\/edukeytech.com\/en\/wp-json\/wp\/v2\/product"}],"about":[{"href":"https:\/\/edukeytech.com\/en\/wp-json\/wp\/v2\/types\/product"}],"replies":[{"embeddable":true,"href":"https:\/\/edukeytech.com\/en\/wp-json\/wp\/v2\/comments?post=16173"}],"version-history":[{"count":1,"href":"https:\/\/edukeytech.com\/en\/wp-json\/wp\/v2\/product\/16173\/revisions"}],"predecessor-version":[{"id":16177,"href":"https:\/\/edukeytech.com\/en\/wp-json\/wp\/v2\/product\/16173\/revisions\/16177"}],"wp:featuredmedia":[{"embeddable":true,"href":"https:\/\/edukeytech.com\/en\/wp-json\/wp\/v2\/media\/16176"}],"wp:attachment":[{"href":"https:\/\/edukeytech.com\/en\/wp-json\/wp\/v2\/media?parent=16173"}],"wp:term":[{"taxonomy":"product_brand","embeddable":true,"href":"https:\/\/edukeytech.com\/en\/wp-json\/wp\/v2\/product_brand?post=16173"},{"taxonomy":"product_cat","embeddable":true,"href":"https:\/\/edukeytech.com\/en\/wp-json\/wp\/v2\/product_cat?post=16173"},{"taxonomy":"product_tag","embeddable":true,"href":"https:\/\/edukeytech.com\/en\/wp-json\/wp\/v2\/product_tag?post=16173"}],"curies":[{"name":"wp","href":"https:\/\/api.w.org\/{rel}","templated":true}]}}