{"id":16168,"date":"2025-02-04T22:21:33","date_gmt":"2025-02-04T22:21:33","guid":{"rendered":"https:\/\/edukeytech.com\/?post_type=product&#038;p=16168"},"modified":"2025-02-22T15:52:23","modified_gmt":"2025-02-22T15:52:23","slug":"l293d-shield-driver-moteur-quad-pont-h","status":"publish","type":"product","link":"https:\/\/edukeytech.com\/en\/product\/l293d-shield-driver-moteur-quad-pont-h\/","title":{"rendered":"L293D Shield Driver Moteur Quad Pont H"},"content":{"rendered":"<h4>SHIELD DRIVER MOTEUR QUAD PONT H L293D<br \/>\nModule shield de\u00a0contr\u00f4le de moteurs \u00e0 courant continu\u00a0par 4 ponts en H (Motor Drive Shield L293D). Compatible avec toutes les cartes Arduino.<\/h4>\n<h4>Caract\u00e9ristiques\u00a0:<\/h4>\n<ul>\n<li>\n<h5>2 interfaces pour servomoteurs 5V, connect\u00e9s au timer haute r\u00e9solution de l\u2019Arduino.<\/h5>\n<\/li>\n<li>\n<h5>Peut piloter 4 moteurs \u00e0 courant continu DC, ou 2 moteurs pas \u00e0 pas, ou 2 servo \u00e0 la fois.<\/h5>\n<\/li>\n<li>\n<h5>Jusqu\u2019\u00e0 4 moteurs DC bi-directionnels avec s\u00e9lection de la vitesse individuelle (sur 8 bit).<\/h5>\n<\/li>\n<li>\n<h5>Jusqu\u2019\u00e0 2 moteurs pas \u00e0 pas (unipolaire ou bipolaire) avec une seule bobine, double bobine, ou demi pas.<\/h5>\n<\/li>\n<li>\n<h5>4 pont en H (H-Bridges).<\/h5>\n<\/li>\n<li>\n<h5>Fournit\u00a00,6 A\u00a0par pont (1.2A en courant de cr\u00eate) avec protection thermique.<\/h5>\n<\/li>\n<li>\n<h5>Pilotage des moteurs \u00e0 courant continu de\u00a04.5V \u00e0 36V.<\/h5>\n<\/li>\n<li>\n<h5>Des r\u00e9sistances pull down d\u00e9sactivent les moteurs au cours de la mise sous tension.<\/h5>\n<\/li>\n<li>\n<h5>Bouton de r\u00e9initialisation (Reset).<\/h5>\n<\/li>\n<li>\n<h5>2 interfaces d\u2019alimentation pour s\u00e9parer la partie logique de la partie puissance (moteurs).<\/h5>\n<\/li>\n<\/ul>","protected":false},"excerpt":{"rendered":"<h5>SHIELD DRIVER MOTEUR QUAD PONT H L293D<br \/>\nModule shield de\u00a0contr\u00f4le de moteurs \u00e0 courant continu\u00a0par 4 ponts en H (Motor Drive Shield L293D). Compatible avec toutes les cartes Arduino.<\/h5>","protected":false},"featured_media":16169,"comment_status":"open","ping_status":"closed","template":"","meta":{"_joinchat":[]},"product_brand":[],"product_cat":[107],"product_tag":[],"class_list":{"0":"post-16168","1":"product","2":"type-product","3":"status-publish","4":"has-post-thumbnail","6":"product_cat-moteurs","8":"first","9":"instock","10":"shipping-taxable","11":"purchasable","12":"product-type-simple"},"_links":{"self":[{"href":"https:\/\/edukeytech.com\/en\/wp-json\/wp\/v2\/product\/16168","targetHints":{"allow":["GET"]}}],"collection":[{"href":"https:\/\/edukeytech.com\/en\/wp-json\/wp\/v2\/product"}],"about":[{"href":"https:\/\/edukeytech.com\/en\/wp-json\/wp\/v2\/types\/product"}],"replies":[{"embeddable":true,"href":"https:\/\/edukeytech.com\/en\/wp-json\/wp\/v2\/comments?post=16168"}],"version-history":[{"count":1,"href":"https:\/\/edukeytech.com\/en\/wp-json\/wp\/v2\/product\/16168\/revisions"}],"predecessor-version":[{"id":16172,"href":"https:\/\/edukeytech.com\/en\/wp-json\/wp\/v2\/product\/16168\/revisions\/16172"}],"wp:featuredmedia":[{"embeddable":true,"href":"https:\/\/edukeytech.com\/en\/wp-json\/wp\/v2\/media\/16169"}],"wp:attachment":[{"href":"https:\/\/edukeytech.com\/en\/wp-json\/wp\/v2\/media?parent=16168"}],"wp:term":[{"taxonomy":"product_brand","embeddable":true,"href":"https:\/\/edukeytech.com\/en\/wp-json\/wp\/v2\/product_brand?post=16168"},{"taxonomy":"product_cat","embeddable":true,"href":"https:\/\/edukeytech.com\/en\/wp-json\/wp\/v2\/product_cat?post=16168"},{"taxonomy":"product_tag","embeddable":true,"href":"https:\/\/edukeytech.com\/en\/wp-json\/wp\/v2\/product_tag?post=16168"}],"curies":[{"name":"wp","href":"https:\/\/api.w.org\/{rel}","templated":true}]}}