{"id":16164,"date":"2025-02-04T22:08:40","date_gmt":"2025-02-04T22:08:40","guid":{"rendered":"https:\/\/edukeytech.com\/?post_type=product&#038;p=16164"},"modified":"2025-02-22T15:53:05","modified_gmt":"2025-02-22T15:53:05","slug":"l293d-module-driver-moteur-mini","status":"publish","type":"product","link":"https:\/\/edukeytech.com\/en\/product\/l293d-module-driver-moteur-mini\/","title":{"rendered":"L293D Module Driver Moteur Mini"},"content":{"rendered":"<h4>Caract\u00e9ristiques<\/h4>\n<ul>\n<li>\n<h5><strong>Tension d\u2019entr\u00e9e<\/strong>\u00a0: DC4.5-25V.<\/h5>\n<\/li>\n<li>\n<h5><strong>Capacit\u00e9 de courant de sortie<\/strong>\u00a0: 600 mA par canal.<\/h5>\n<\/li>\n<li>\n<h5><strong>Courant de sortie de cr\u00eate<\/strong>\u00a0: 1.2A (non-r\u00e9p\u00e9titif) par canal.<\/h5>\n<\/li>\n<li>\n<h5><strong>Facilit\u00e9 \u00e0 activer<\/strong>\u00a0: Incluse.<\/h5>\n<\/li>\n<li>\n<h5><strong>Protection contre la surchauffe<\/strong>\u00a0: Incluse.<\/h5>\n<\/li>\n<li>\n<h5><strong>Tension d\u2019entr\u00e9e logique<\/strong>\u00a0: \u201c0\u201d jusqu\u2019\u00e0 1.5V (haute immunit\u00e9 au bruit).<\/h5>\n<\/li>\n<li>\n<h5><strong>Diodes de serrage internes<\/strong>\u00a0: Pr\u00e9sentes.<\/h5>\n<\/li>\n<li>\n<h5><strong>Type de pilote<\/strong>\u00a0: Pilote monolithique int\u00e9gr\u00e9 \u00e0 haute tension, pilote \u00e0 quatre canaux et \u00e0 fort courant.<\/h5>\n<\/li>\n<li>\n<h5><strong>Contr\u00f4le des moteurs<\/strong>\u00a0: Capable de controler des moteurs DC 4 voies ou des moteurs pas \u00e0 pas 2 voies et des servos bidirectionnels, supporte Arduino UNO, Arduino Mega 2560.<\/h5>\n<\/li>\n<\/ul>","protected":false},"excerpt":{"rendered":"<h5>L293D module driver moteur permet de contr\u00f4ler jusqu\u2019\u00e0 deux moteurs \u00e0 courant continu, avec une tension d\u2019entr\u00e9e de 4.5-25V et une capacit\u00e9 de courant de sortie de 600 mA par canal.<\/h5>","protected":false},"featured_media":16165,"comment_status":"open","ping_status":"closed","template":"","meta":{"_joinchat":[]},"product_brand":[],"product_cat":[107],"product_tag":[],"class_list":{"0":"post-16164","1":"product","2":"type-product","3":"status-publish","4":"has-post-thumbnail","6":"product_cat-moteurs","8":"first","9":"instock","10":"shipping-taxable","11":"purchasable","12":"product-type-simple"},"_links":{"self":[{"href":"https:\/\/edukeytech.com\/en\/wp-json\/wp\/v2\/product\/16164","targetHints":{"allow":["GET"]}}],"collection":[{"href":"https:\/\/edukeytech.com\/en\/wp-json\/wp\/v2\/product"}],"about":[{"href":"https:\/\/edukeytech.com\/en\/wp-json\/wp\/v2\/types\/product"}],"replies":[{"embeddable":true,"href":"https:\/\/edukeytech.com\/en\/wp-json\/wp\/v2\/comments?post=16164"}],"version-history":[{"count":1,"href":"https:\/\/edukeytech.com\/en\/wp-json\/wp\/v2\/product\/16164\/revisions"}],"predecessor-version":[{"id":16167,"href":"https:\/\/edukeytech.com\/en\/wp-json\/wp\/v2\/product\/16164\/revisions\/16167"}],"wp:featuredmedia":[{"embeddable":true,"href":"https:\/\/edukeytech.com\/en\/wp-json\/wp\/v2\/media\/16165"}],"wp:attachment":[{"href":"https:\/\/edukeytech.com\/en\/wp-json\/wp\/v2\/media?parent=16164"}],"wp:term":[{"taxonomy":"product_brand","embeddable":true,"href":"https:\/\/edukeytech.com\/en\/wp-json\/wp\/v2\/product_brand?post=16164"},{"taxonomy":"product_cat","embeddable":true,"href":"https:\/\/edukeytech.com\/en\/wp-json\/wp\/v2\/product_cat?post=16164"},{"taxonomy":"product_tag","embeddable":true,"href":"https:\/\/edukeytech.com\/en\/wp-json\/wp\/v2\/product_tag?post=16164"}],"curies":[{"name":"wp","href":"https:\/\/api.w.org\/{rel}","templated":true}]}}