{"id":16160,"date":"2025-02-04T21:57:34","date_gmt":"2025-02-04T21:57:34","guid":{"rendered":"https:\/\/edukeytech.com\/?post_type=product&#038;p=16160"},"modified":"2025-02-22T15:53:53","modified_gmt":"2025-02-22T15:53:53","slug":"pompe-a-eau-240l-h-12v","status":"publish","type":"product","link":"https:\/\/edukeytech.com\/en\/product\/pompe-a-eau-240l-h-12v\/","title":{"rendered":"Pompe \u00e0 eau 240L\/H 12V"},"content":{"rendered":"<h5>La pompe \u00e0 eau AD20P-1230B dot\u00e9e d\u2019un moteur brushless \u00e0 aimant permanent qui lui conf\u00e8re une longue dur\u00e9e de vie, une haute efficacit\u00e9 et un faible bruit. Elle est \u00e9galement amphibie, ce qui signifie qu\u2019elle peut \u00eatre utilis\u00e9e \u00e0 la fois immerg\u00e9e dans l\u2019eau et \u00e0 l\u2019ext\u00e9rieur du r\u00e9servoir d\u2019eau.<\/h5>\n<h4>Caract\u00e9ristiques<\/h4>\n<ul>\n<li>\n<h5>M\u00e9thode de commande : Brushless, Permanent Magnet, 2 phases<\/h5>\n<\/li>\n<li>\n<h5>Mat\u00e9riau de la pompe : plastique<\/h5>\n<\/li>\n<li>\n<h5>Tension utilis\u00e9e : 12 V CC 5 W<\/h5>\n<\/li>\n<li>\n<h5>T\u00eate max : 200 cm \u00e0 250 cm<\/h5>\n<\/li>\n<li>\n<h5>Courant nominal max : 300 mA<\/h5>\n<\/li>\n<li>\n<h5>D\u00e9bit max : 300 L\/H<\/h5>\n<\/li>\n<li>\n<h5>Taille de la connexion de sortie : Diam\u00e8tre int\u00e9rieur : 5 mm &amp; Diam\u00e8tre ext\u00e9rieur : 8 mm<\/h5>\n<\/li>\n<li>\n<h5>Taille de la connexion de sortie : Diam\u00e8tre int\u00e9rieur : 8 mm &amp; Diam\u00e8tre ext\u00e9rieur : 10 mm<\/h5>\n<\/li>\n<li>\n<h5>Bruit : &lt;45 dB<\/h5>\n<\/li>\n<li>\n<h5>Motif : Brushless<\/h5>\n<\/li>\n<\/ul>","protected":false},"excerpt":{"rendered":"<h4 class=\"product_title entry-title wd-entities-title\">Pompe brushless submersible AD20P-1230B 240L\/H, 12 V, 5 W<\/h4>","protected":false},"featured_media":16161,"comment_status":"open","ping_status":"closed","template":"","meta":{"_joinchat":[]},"product_brand":[],"product_cat":[107],"product_tag":[],"class_list":{"0":"post-16160","1":"product","2":"type-product","3":"status-publish","4":"has-post-thumbnail","6":"product_cat-moteurs","8":"first","9":"instock","10":"shipping-taxable","11":"purchasable","12":"product-type-simple"},"_links":{"self":[{"href":"https:\/\/edukeytech.com\/en\/wp-json\/wp\/v2\/product\/16160","targetHints":{"allow":["GET"]}}],"collection":[{"href":"https:\/\/edukeytech.com\/en\/wp-json\/wp\/v2\/product"}],"about":[{"href":"https:\/\/edukeytech.com\/en\/wp-json\/wp\/v2\/types\/product"}],"replies":[{"embeddable":true,"href":"https:\/\/edukeytech.com\/en\/wp-json\/wp\/v2\/comments?post=16160"}],"version-history":[{"count":1,"href":"https:\/\/edukeytech.com\/en\/wp-json\/wp\/v2\/product\/16160\/revisions"}],"predecessor-version":[{"id":16163,"href":"https:\/\/edukeytech.com\/en\/wp-json\/wp\/v2\/product\/16160\/revisions\/16163"}],"wp:featuredmedia":[{"embeddable":true,"href":"https:\/\/edukeytech.com\/en\/wp-json\/wp\/v2\/media\/16161"}],"wp:attachment":[{"href":"https:\/\/edukeytech.com\/en\/wp-json\/wp\/v2\/media?parent=16160"}],"wp:term":[{"taxonomy":"product_brand","embeddable":true,"href":"https:\/\/edukeytech.com\/en\/wp-json\/wp\/v2\/product_brand?post=16160"},{"taxonomy":"product_cat","embeddable":true,"href":"https:\/\/edukeytech.com\/en\/wp-json\/wp\/v2\/product_cat?post=16160"},{"taxonomy":"product_tag","embeddable":true,"href":"https:\/\/edukeytech.com\/en\/wp-json\/wp\/v2\/product_tag?post=16160"}],"curies":[{"name":"wp","href":"https:\/\/api.w.org\/{rel}","templated":true}]}}