{"id":16074,"date":"2025-02-03T00:22:33","date_gmt":"2025-02-03T00:22:33","guid":{"rendered":"https:\/\/edukeytech.com\/?post_type=product&#038;p=16074"},"modified":"2025-02-14T21:57:38","modified_gmt":"2025-02-14T21:57:38","slug":"boitier-transparent-pour-arduino-uno","status":"publish","type":"product","link":"https:\/\/edukeytech.com\/en\/product\/boitier-transparent-pour-arduino-uno\/","title":{"rendered":"Bo\u00eetier Transparent pour Arduino Uno"},"content":{"rendered":"<h5>Bo\u00eetier en acrylique translucide sp\u00e9cialement con\u00e7u pour les cartes Arduino Uno R3 ou compatibles.<\/p>\n<p><strong>Remarque:\u00a0<\/strong>le montage de ce bo\u00eetier n\u00e9cessite l&rsquo;utilisation d&rsquo;une\u00a0cl\u00e9 hexagonale (6 pans).<\/h5>\n<h5>Dimensions: 79 x 65 x 21 mm<\/h5>\n<h5>Poids: 53 g<\/h5>","protected":false},"excerpt":{"rendered":"<h5>Bo\u00eetier en acrylique translucide sp\u00e9cialement con\u00e7u pour les cartes Arduino Uno R3 ou compatible.<\/h5>","protected":false},"featured_media":16077,"comment_status":"open","ping_status":"closed","template":"","meta":{"_joinchat":[]},"product_brand":[],"product_cat":[78],"product_tag":[],"class_list":{"0":"post-16074","1":"product","2":"type-product","3":"status-publish","4":"has-post-thumbnail","6":"product_cat-carte-arduino","8":"first","9":"instock","10":"sale","11":"shipping-taxable","12":"purchasable","13":"product-type-simple"},"_links":{"self":[{"href":"https:\/\/edukeytech.com\/en\/wp-json\/wp\/v2\/product\/16074","targetHints":{"allow":["GET"]}}],"collection":[{"href":"https:\/\/edukeytech.com\/en\/wp-json\/wp\/v2\/product"}],"about":[{"href":"https:\/\/edukeytech.com\/en\/wp-json\/wp\/v2\/types\/product"}],"replies":[{"embeddable":true,"href":"https:\/\/edukeytech.com\/en\/wp-json\/wp\/v2\/comments?post=16074"}],"version-history":[{"count":1,"href":"https:\/\/edukeytech.com\/en\/wp-json\/wp\/v2\/product\/16074\/revisions"}],"predecessor-version":[{"id":16078,"href":"https:\/\/edukeytech.com\/en\/wp-json\/wp\/v2\/product\/16074\/revisions\/16078"}],"wp:featuredmedia":[{"embeddable":true,"href":"https:\/\/edukeytech.com\/en\/wp-json\/wp\/v2\/media\/16077"}],"wp:attachment":[{"href":"https:\/\/edukeytech.com\/en\/wp-json\/wp\/v2\/media?parent=16074"}],"wp:term":[{"taxonomy":"product_brand","embeddable":true,"href":"https:\/\/edukeytech.com\/en\/wp-json\/wp\/v2\/product_brand?post=16074"},{"taxonomy":"product_cat","embeddable":true,"href":"https:\/\/edukeytech.com\/en\/wp-json\/wp\/v2\/product_cat?post=16074"},{"taxonomy":"product_tag","embeddable":true,"href":"https:\/\/edukeytech.com\/en\/wp-json\/wp\/v2\/product_tag?post=16074"}],"curies":[{"name":"wp","href":"https:\/\/api.w.org\/{rel}","templated":true}]}}