{"id":16068,"date":"2025-02-03T00:02:38","date_gmt":"2025-02-03T00:02:38","guid":{"rendered":"https:\/\/edukeytech.com\/?post_type=product&#038;p=16068"},"modified":"2025-02-14T21:57:51","modified_gmt":"2025-02-14T21:57:51","slug":"stm32-f103c-8-t6","status":"publish","type":"product","link":"https:\/\/edukeytech.com\/en\/product\/stm32-f103c-8-t6\/","title":{"rendered":"STM32 F103C 8 T6"},"content":{"rendered":"<h5>Cette carte de d\u00e9veloppement est bas\u00e9 sur le microcontr\u00f4leur STM32F103C8T6 , <span class=\"NormalTextRun SCXW76204338 BCX0\">appel\u00e9 STM32 <\/span><span class=\"NormalTextRun SCXW76204338 BCX0\">\u00a0.<\/span><\/h5>\n<h4>Caract\u00e9ristiques :<\/h4>\n<ul>\n<li>\n<h5>Microcontr\u00f4leur : STM32F103C8T6<\/h5>\n<\/li>\n<li>\n<h5><span class=\"TextRun SCXW109925487 BCX0\" lang=\"FR-FR\" xml:lang=\"FR-FR\" data-contrast=\"none\"><span class=\"NormalTextRun SCXW109925487 BCX0\">Connecteur USB : Type C\u00a0<\/span><\/span><\/h5>\n<\/li>\n<li>\n<h5>Microprocesseur : ARM 32 Cortex-M3<\/h5>\n<\/li>\n<li>\n<h5>Fr\u00e9quence de travail : 72 MHz<\/h5>\n<\/li>\n<li>\n<h5><span class=\"NormalTextRun SCXW24608176 BCX0\">Mode de\u00a0<\/span><span class=\"NormalTextRun SCXW24608176 BCX0\">d\u00e9bogage :<\/span><span class=\"NormalTextRun SCXW24608176 BCX0\"> SWD\u00a0<\/span><\/h5>\n<\/li>\n<li>\n<h5><span class=\"TextRun SCXW149694726 BCX0\" lang=\"FR-FR\" xml:lang=\"FR-FR\" data-contrast=\"none\"><span class=\"NormalTextRun SCXW149694726 BCX0\">Tension de fonctionnement : 3.3V<\/span><\/span><span class=\"EOP SCXW149694726 BCX0\" data-ccp-props=\"{}\">\u00a0<\/span><\/h5>\n<\/li>\n<li>\n<h5><span class=\"TextRun SCXW28468666 BCX0\" lang=\"FR-FR\" xml:lang=\"FR-FR\" data-contrast=\"none\"><span class=\"NormalTextRun SCXW28468666 BCX0\">Broches d\u2019E\/S num\u00e9riques : 37 (avec 15 sont utilis\u00e9 pour PWM)<\/span><\/span><\/h5>\n<\/li>\n<li>\n<h5><span class=\"TextRun SCXW33532521 BCX0\" lang=\"FR-FR\" xml:lang=\"FR-FR\" data-contrast=\"none\"><span class=\"NormalTextRun SCXW33532521 BCX0\">Entr\u00e9es analogiques : 10\u00a0<\/span><\/span><\/h5>\n<\/li>\n<li>\n<h5><span class=\"TextRun SCXW53910837 BCX0\" lang=\"FR-FR\" xml:lang=\"FR-FR\" data-contrast=\"none\"><span class=\"NormalTextRun SCXW53910837 BCX0\">Communication :\u00a0 I2C, SPI, UART, CAN, USB<\/span><\/span><span class=\"EOP SCXW53910837 BCX0\" data-ccp-props=\"{}\">\u00a0<\/span><\/h5>\n<\/li>\n<li>\n<h5>Cristal 4-16 MHz<\/h5>\n<\/li>\n<li>\n<h5><span data-contrast=\"none\">FLASH 64KB\u00a0<\/span><\/h5>\n<\/li>\n<li>\n<h5><span data-contrast=\"none\">SRAM 20KB<\/span><span data-ccp-props=\"{}\">\u00a0<\/span><\/h5>\n<\/li>\n<li>\n<h5><span class=\"TextRun SCXW20145114 BCX0\" lang=\"FR-FR\" xml:lang=\"FR-FR\" data-contrast=\"auto\"><span class=\"NormalTextRun SCXW20145114 BCX0\">Temp\u00e9rature de fonctionnement : -40 \u00b0C \u00e0 85 \u00b0C<\/span><\/span><span class=\"EOP SCXW20145114 BCX0\" data-ccp-props=\"{}\">\u00a0<\/span><\/h5>\n<\/li>\n<li>\n<h5>Taille: 5.3cm x 2.2cm<\/h5>\n<\/li>\n<\/ul>","protected":false},"excerpt":{"rendered":"<h5>STM32 32-BIT ARM CORTEX-M3, 72MHZ 64KB<\/h5>","protected":false},"featured_media":16070,"comment_status":"open","ping_status":"closed","template":"","meta":{"_joinchat":[]},"product_brand":[],"product_cat":[78],"product_tag":[],"class_list":{"0":"post-16068","1":"product","2":"type-product","3":"status-publish","4":"has-post-thumbnail","6":"product_cat-carte-arduino","8":"first","9":"instock","10":"sale","11":"shipping-taxable","12":"purchasable","13":"product-type-simple"},"_links":{"self":[{"href":"https:\/\/edukeytech.com\/en\/wp-json\/wp\/v2\/product\/16068","targetHints":{"allow":["GET"]}}],"collection":[{"href":"https:\/\/edukeytech.com\/en\/wp-json\/wp\/v2\/product"}],"about":[{"href":"https:\/\/edukeytech.com\/en\/wp-json\/wp\/v2\/types\/product"}],"replies":[{"embeddable":true,"href":"https:\/\/edukeytech.com\/en\/wp-json\/wp\/v2\/comments?post=16068"}],"version-history":[{"count":1,"href":"https:\/\/edukeytech.com\/en\/wp-json\/wp\/v2\/product\/16068\/revisions"}],"predecessor-version":[{"id":16072,"href":"https:\/\/edukeytech.com\/en\/wp-json\/wp\/v2\/product\/16068\/revisions\/16072"}],"wp:featuredmedia":[{"embeddable":true,"href":"https:\/\/edukeytech.com\/en\/wp-json\/wp\/v2\/media\/16070"}],"wp:attachment":[{"href":"https:\/\/edukeytech.com\/en\/wp-json\/wp\/v2\/media?parent=16068"}],"wp:term":[{"taxonomy":"product_brand","embeddable":true,"href":"https:\/\/edukeytech.com\/en\/wp-json\/wp\/v2\/product_brand?post=16068"},{"taxonomy":"product_cat","embeddable":true,"href":"https:\/\/edukeytech.com\/en\/wp-json\/wp\/v2\/product_cat?post=16068"},{"taxonomy":"product_tag","embeddable":true,"href":"https:\/\/edukeytech.com\/en\/wp-json\/wp\/v2\/product_tag?post=16068"}],"curies":[{"name":"wp","href":"https:\/\/api.w.org\/{rel}","templated":true}]}}