{"id":16053,"date":"2025-02-02T23:44:41","date_gmt":"2025-02-02T23:44:41","guid":{"rendered":"https:\/\/edukeytech.com\/?post_type=product&#038;p=16053"},"modified":"2025-02-14T21:59:38","modified_gmt":"2025-02-14T21:59:38","slug":"raspberry-pi-pico-dual-core","status":"publish","type":"product","link":"https:\/\/edukeytech.com\/en\/product\/raspberry-pi-pico-dual-core\/","title":{"rendered":"Raspberry PI PICO Dual-Core"},"content":{"rendered":"<h5>Le Raspberry Pi Pico est une carte microcontr\u00f4leur compacte bas\u00e9e sur le processeur dual-core ARM Cortex M0+. Con\u00e7ue pour les projets de contr\u00f4le de petits composants \u00e9lectroniques, elle est id\u00e9ale pour des applications n\u00e9cessitant une grande flexibilit\u00e9 et une faible consommation d\u2019\u00e9nergie.<\/h5>\n<h4>Caract\u00e9ristiques<\/h4>\n<ul>\n<li>\n<h5>Processeur : Dual-core ARM Cortex M0+ \u00e0 133 MHz<\/h5>\n<\/li>\n<li>\n<h5>M\u00e9moire : 264 KB de SRAM, 2 MB de m\u00e9moire flash QSPI externe<\/h5>\n<\/li>\n<li>\n<h5>GPIO : 26 broches multifonctions<\/h5>\n<\/li>\n<li>\n<h5>Interfaces : I2C, SPI, UART, PWM, ADC<\/h5>\n<\/li>\n<li>\n<h5>Alimentation : 1.8V \u00e0 5.5V<\/h5>\n<\/li>\n<li>\n<h5>Dimensions : 21 mm x 51 mm<\/h5>\n<\/li>\n<\/ul>","protected":false},"excerpt":{"rendered":"<h5>Raspberry PI PICO Dual-Core ARM Cortex M0+<\/h5>","protected":false},"featured_media":16060,"comment_status":"open","ping_status":"closed","template":"","meta":{"_joinchat":[]},"product_brand":[],"product_cat":[78],"product_tag":[],"class_list":{"0":"post-16053","1":"product","2":"type-product","3":"status-publish","4":"has-post-thumbnail","6":"product_cat-carte-arduino","8":"first","9":"instock","10":"sale","11":"shipping-taxable","12":"purchasable","13":"product-type-simple"},"_links":{"self":[{"href":"https:\/\/edukeytech.com\/en\/wp-json\/wp\/v2\/product\/16053","targetHints":{"allow":["GET"]}}],"collection":[{"href":"https:\/\/edukeytech.com\/en\/wp-json\/wp\/v2\/product"}],"about":[{"href":"https:\/\/edukeytech.com\/en\/wp-json\/wp\/v2\/types\/product"}],"replies":[{"embeddable":true,"href":"https:\/\/edukeytech.com\/en\/wp-json\/wp\/v2\/comments?post=16053"}],"version-history":[{"count":2,"href":"https:\/\/edukeytech.com\/en\/wp-json\/wp\/v2\/product\/16053\/revisions"}],"predecessor-version":[{"id":16473,"href":"https:\/\/edukeytech.com\/en\/wp-json\/wp\/v2\/product\/16053\/revisions\/16473"}],"wp:featuredmedia":[{"embeddable":true,"href":"https:\/\/edukeytech.com\/en\/wp-json\/wp\/v2\/media\/16060"}],"wp:attachment":[{"href":"https:\/\/edukeytech.com\/en\/wp-json\/wp\/v2\/media?parent=16053"}],"wp:term":[{"taxonomy":"product_brand","embeddable":true,"href":"https:\/\/edukeytech.com\/en\/wp-json\/wp\/v2\/product_brand?post=16053"},{"taxonomy":"product_cat","embeddable":true,"href":"https:\/\/edukeytech.com\/en\/wp-json\/wp\/v2\/product_cat?post=16053"},{"taxonomy":"product_tag","embeddable":true,"href":"https:\/\/edukeytech.com\/en\/wp-json\/wp\/v2\/product_tag?post=16053"}],"curies":[{"name":"wp","href":"https:\/\/api.w.org\/{rel}","templated":true}]}}