{"id":16048,"date":"2025-02-02T23:14:04","date_gmt":"2025-02-02T23:14:04","guid":{"rendered":"https:\/\/edukeytech.com\/?post_type=product&#038;p=16048"},"modified":"2025-03-10T23:39:33","modified_gmt":"2025-03-10T23:39:33","slug":"arduino-prp-mini-5v","status":"publish","type":"product","link":"https:\/\/edukeytech.com\/en\/product\/arduino-prp-mini-5v\/","title":{"rendered":"Arduino Pro MINI 5V"},"content":{"rendered":"<h5>ARDUINO PRO MINI 5V 16MHZ ATMEGA328<br \/>\nL\u2019Arduino Pro Mini est une carte microcontr\u00f4leur compacte bas\u00e9e sur l\u2019ATmega328, con\u00e7ue pour les projets qui n\u00e9cessitent une taille r\u00e9duite et une faible consommation d\u2019\u00e9nergie. Cette version fonctionne \u00e0 5V avec une fr\u00e9quence d\u2019horloge de 16 MHz. La carte est id\u00e9ale pour les projets embarqu\u00e9s et les applications o\u00f9 l\u2019espace est limit\u00e9.<\/h5>\n<h4>Caract\u00e9ristiques<\/h4>\n<ul>\n<li>\n<h5>Microcontr\u00f4leur : ATmega328<\/h5>\n<\/li>\n<li>\n<h5>Tension de fonctionnement : 5V<\/h5>\n<\/li>\n<li>\n<h5>Tension d\u2019entr\u00e9e : 5-12V (via broche RAW)<\/h5>\n<\/li>\n<li>\n<h5>Broches num\u00e9riques : 14 (dont 6 PWM)<\/h5>\n<\/li>\n<li>\n<h5>Broches analogiques : 8<\/h5>\n<\/li>\n<li>\n<h5>M\u00e9moire Flash : 32 KB (ATmega328) dont 2 KB utilis\u00e9s par le bootloader<\/h5>\n<\/li>\n<li>\n<h5>SRAM : 2 KB (ATmega328)<\/h5>\n<\/li>\n<li>\n<h5>EEPROM : 1 KB (ATmega328)<\/h5>\n<\/li>\n<li>\n<h5>Fr\u00e9quence d\u2019horloge : 16 MHz<\/h5>\n<\/li>\n<li>\n<h5>Dimensions : 33 mm x 18 mm<\/h5>\n<\/li>\n<\/ul>","protected":false},"excerpt":{"rendered":"<p>ARDUINO PRO MINI 5V 16MHZ ATMEGA328<\/p>","protected":false},"featured_media":16051,"comment_status":"open","ping_status":"closed","template":"","meta":{"_joinchat":[]},"product_brand":[],"product_cat":[78,20],"product_tag":[255],"class_list":{"0":"post-16048","1":"product","2":"type-product","3":"status-publish","4":"has-post-thumbnail","6":"product_cat-carte-arduino","7":"product_cat-accessories","8":"product_tag-arduino-arduino-pro-mini-arduino-mini-maroc-arduino-prix-arduino-uno-prix-maroc-capteurs-electronique-au-maroc-carte-electronique-au-maroc-composants-electronique-au-maroc","10":"first","11":"instock","12":"sale","13":"shipping-taxable","14":"purchasable","15":"product-type-simple"},"_links":{"self":[{"href":"https:\/\/edukeytech.com\/en\/wp-json\/wp\/v2\/product\/16048","targetHints":{"allow":["GET"]}}],"collection":[{"href":"https:\/\/edukeytech.com\/en\/wp-json\/wp\/v2\/product"}],"about":[{"href":"https:\/\/edukeytech.com\/en\/wp-json\/wp\/v2\/types\/product"}],"replies":[{"embeddable":true,"href":"https:\/\/edukeytech.com\/en\/wp-json\/wp\/v2\/comments?post=16048"}],"version-history":[{"count":2,"href":"https:\/\/edukeytech.com\/en\/wp-json\/wp\/v2\/product\/16048\/revisions"}],"predecessor-version":[{"id":16073,"href":"https:\/\/edukeytech.com\/en\/wp-json\/wp\/v2\/product\/16048\/revisions\/16073"}],"wp:featuredmedia":[{"embeddable":true,"href":"https:\/\/edukeytech.com\/en\/wp-json\/wp\/v2\/media\/16051"}],"wp:attachment":[{"href":"https:\/\/edukeytech.com\/en\/wp-json\/wp\/v2\/media?parent=16048"}],"wp:term":[{"taxonomy":"product_brand","embeddable":true,"href":"https:\/\/edukeytech.com\/en\/wp-json\/wp\/v2\/product_brand?post=16048"},{"taxonomy":"product_cat","embeddable":true,"href":"https:\/\/edukeytech.com\/en\/wp-json\/wp\/v2\/product_cat?post=16048"},{"taxonomy":"product_tag","embeddable":true,"href":"https:\/\/edukeytech.com\/en\/wp-json\/wp\/v2\/product_tag?post=16048"}],"curies":[{"name":"wp","href":"https:\/\/api.w.org\/{rel}","templated":true}]}}