{"id":16012,"date":"2025-02-02T18:39:30","date_gmt":"2025-02-02T18:39:30","guid":{"rendered":"https:\/\/edukeytech.com\/?post_type=product&#038;p=16012"},"modified":"2026-04-30T19:19:41","modified_gmt":"2026-04-30T19:19:41","slug":"arduino-uno-r3-cable-usb","status":"publish","type":"product","link":"https:\/\/edukeytech.com\/en\/product\/arduino-uno-r3-cable-usb\/","title":{"rendered":"Arduino Uno &#8211; R3+ c\u00e2ble USB"},"content":{"rendered":"<h5>Il dispose de 14 entr\u00e9es\/sortes num\u00e9riques (dont 6 peuvent \u00eatre utilis\u00e9es comme sorties PWM), 6 entr\u00e9es analogiques, d&rsquo;un oscillateur \u00e0 quartz de 16 MHz , d&rsquo;une connexion USB, d&rsquo;une prise d&rsquo;alimentation, un connecteur ICSP, et un bouton de reset.<\/h5>\n<h3>Caract\u00e9ristiques<\/h3>\n<ul>\n<li>\n<h5>Micro-contr\u00f4leur : ATmega328<\/h5>\n<\/li>\n<li>\n<h5>Tension de fonctionnement nominale : 5V<\/h5>\n<\/li>\n<li>\n<h5>Tension d&rsquo;alimentation (recommand\u00e9) :7-12V<\/h5>\n<\/li>\n<li>\n<h5>Tension d&rsquo;alimentation (limites) : 6-20V<\/h5>\n<\/li>\n<li>\n<h5>Entr\u00e9es\/sorties digitales : 14 (dont 6 pouvant \u00eatre utilis\u00e9es comme sorties PWM)<\/h5>\n<\/li>\n<li>\n<h5>Entr\u00e9es Analogiques : 6<\/h5>\n<\/li>\n<li>\n<h5>DC Current per I\/O Pin : 40 mA<\/h5>\n<\/li>\n<li>\n<h5>DC Current for 3.3V Pin : 50 mA<\/h5>\n<\/li>\n<li>\n<h5>Memoire Flash\u00a0 : 32 KB (ATmega328) dont 0.5 KB utilis\u00e9 par le bootloader<\/h5>\n<\/li>\n<li>\n<h5>SRAM :2 KB (ATmega328)<\/h5>\n<\/li>\n<li>\n<h5>EEPROM :1 KB (ATmega328)<\/h5>\n<\/li>\n<li>\n<h5>Fr\u00e9quence d&rsquo;horloge\u00a0 :16 MHz<\/h5>\n<\/li>\n<\/ul>","protected":false},"excerpt":{"rendered":"<h5>L\u2019Arduino Uno R3 est l\u2019une des cartes de d\u00e9veloppement les plus populaires de la famille Arduino. Bas\u00e9e sur le microcontr\u00f4leur ATmega328P.<\/h5>","protected":false},"featured_media":16013,"comment_status":"open","ping_status":"closed","template":"","meta":{"_joinchat":[]},"product_brand":[],"product_cat":[78],"product_tag":[99,100,101,102,103,104,105,92,93,95,96],"class_list":{"0":"post-16012","1":"product","2":"type-product","3":"status-publish","4":"has-post-thumbnail","6":"product_cat-carte-arduino","7":"product_tag-arduino","8":"product_tag-arduino-uno","9":"product_tag-arduino-uno-maroc","10":"product_tag-arduino-uno-prix","11":"product_tag-arduino-uno-prix-maroc","12":"product_tag-cable-usb","13":"product_tag-capteurs-electronique-au-maroc","14":"product_tag-carte-electronique-au-maroc","15":"product_tag-composants-electronique-au-maroc","16":"product_tag-materiel-electrique-au-maroc","17":"product_tag-materiel-electronique-au-maroc","19":"first","20":"instock","21":"sale","22":"shipping-taxable","23":"purchasable","24":"product-type-simple"},"_links":{"self":[{"href":"https:\/\/edukeytech.com\/en\/wp-json\/wp\/v2\/product\/16012","targetHints":{"allow":["GET"]}}],"collection":[{"href":"https:\/\/edukeytech.com\/en\/wp-json\/wp\/v2\/product"}],"about":[{"href":"https:\/\/edukeytech.com\/en\/wp-json\/wp\/v2\/types\/product"}],"replies":[{"embeddable":true,"href":"https:\/\/edukeytech.com\/en\/wp-json\/wp\/v2\/comments?post=16012"}],"version-history":[{"count":2,"href":"https:\/\/edukeytech.com\/en\/wp-json\/wp\/v2\/product\/16012\/revisions"}],"predecessor-version":[{"id":16017,"href":"https:\/\/edukeytech.com\/en\/wp-json\/wp\/v2\/product\/16012\/revisions\/16017"}],"wp:featuredmedia":[{"embeddable":true,"href":"https:\/\/edukeytech.com\/en\/wp-json\/wp\/v2\/media\/16013"}],"wp:attachment":[{"href":"https:\/\/edukeytech.com\/en\/wp-json\/wp\/v2\/media?parent=16012"}],"wp:term":[{"taxonomy":"product_brand","embeddable":true,"href":"https:\/\/edukeytech.com\/en\/wp-json\/wp\/v2\/product_brand?post=16012"},{"taxonomy":"product_cat","embeddable":true,"href":"https:\/\/edukeytech.com\/en\/wp-json\/wp\/v2\/product_cat?post=16012"},{"taxonomy":"product_tag","embeddable":true,"href":"https:\/\/edukeytech.com\/en\/wp-json\/wp\/v2\/product_tag?post=16012"}],"curies":[{"name":"wp","href":"https:\/\/api.w.org\/{rel}","templated":true}]}}