{"id":16001,"date":"2025-02-02T18:09:43","date_gmt":"2025-02-02T18:09:43","guid":{"rendered":"https:\/\/edukeytech.com\/?post_type=product&#038;p=16001"},"modified":"2025-02-14T22:07:43","modified_gmt":"2025-02-14T22:07:43","slug":"arduino-mega-2560-avec-cable-usb","status":"publish","type":"product","link":"https:\/\/edukeytech.com\/en\/product\/arduino-mega-2560-avec-cable-usb\/","title":{"rendered":"Arduino MEGA 2560  avec c\u00e2ble usb"},"content":{"rendered":"<h5>Le Arduino MEGA 2560 est bas\u00e9 sur le microcontr\u00f4leur\u00a0 ATmega2560.<\/h5>\n<p>Il dispose de 54 entr\u00e9es\/sortes num\u00e9riques (dont 14 peuvent \u00eatre utilis\u00e9es comme sorties PWM), 16 entr\u00e9es analogiques, 4 UARTS, d&rsquo;un oscillateur \u00e0 quartz de 16 MHz , d&rsquo;une connexion USB, d&rsquo;une prise d&rsquo;alimentation, un connecteur ICSP, et un bouton de reset.<\/p>\n<p>Il contient tout le n\u00e9cessaire pour piloter le microcontr\u00f4leur, il suffit simplement le connecter \u00e0 un ordinateur avec un c\u00e2ble USB pour l&rsquo;utiliser simplement.<\/p>\n<h3><strong>Caract\u00e9ristiques Arduino Mega 2560:<\/strong><\/h3>\n<ul>\n<li>\n<h3>Caract\u00e9ristiques<\/h3>\n<ul>\n<li>\n<h5>\u00a0\u00a0\u00a0 Micro-contr\u00f4lleur : ATmega2560<\/h5>\n<\/li>\n<li>\n<h5>\u00a0\u00a0\u00a0 Tension d&rsquo;alimentation nominale\u00a0 : 5V<\/h5>\n<\/li>\n<li>\n<h5>\u00a0\u00a0\u00a0 Tension d&rsquo;alimentation (recommand\u00e9) : 7-12V<\/h5>\n<\/li>\n<li>\n<h5>\u00a0\u00a0\u00a0 Tension d&rsquo;alimentation (limites) : 6-20V<\/h5>\n<\/li>\n<li>\n<h5>\u00a0\u00a0\u00a0 Entr\u00e9es\/sorties digitales :\u00a0 54 (dont 14 pouvant \u00eatre utilis\u00e9es comme sorties PWN)<\/h5>\n<\/li>\n<li>\n<h5>\u00a0\u00a0\u00a0 Entr\u00e9es Analogiques : 16<\/h5>\n<\/li>\n<li>\n<h5>\u00a0\u00a0\u00a0 UARTS : 4<\/h5>\n<\/li>\n<li>\n<h5>\u00a0\u00a0\u00a0 DC Current per I\/O Pin : 40 mA<\/h5>\n<\/li>\n<li>\n<h5>\u00a0\u00a0\u00a0 DC Current for 3.3V Pin : 50 mA<\/h5>\n<\/li>\n<li>\n<h5>\u00a0\u00a0\u00a0 Memoire Flash\u00a0 :\u00a0 256 KB (ATmega2560) dont 8 KB utilis\u00e9 par le bootloader<\/h5>\n<\/li>\n<li>\n<h5>\u00a0\u00a0\u00a0 SRAM : 8 KB (ATmega2560)<\/h5>\n<\/li>\n<li>\n<h5>\u00a0\u00a0\u00a0 EEPROM : 4 KB (ATmega2560)<\/h5>\n<\/li>\n<li>\n<h5>\u00a0\u00a0\u00a0 Fr\u00e9quence d&rsquo;horloge\u00a0 : 16 MHz<\/h5>\n<\/li>\n<li>\n<h5>Connecteur USB : type B<\/h5>\n<\/li>\n<li>\n<h5>Dimensions : 101,52 mm x 53,3 mm<\/h5>\n<\/li>\n<\/ul>\n<\/li>\n<\/ul>","protected":false},"excerpt":{"rendered":"<h5>Le Arduino MEGA 2560, bas\u00e9 sur le microcontr\u00f4leur ATmega2560, dispose d&rsquo;une multitude d&rsquo;entr\u00e9es\/sorties.<\/h5>\n<h5><\/h5>","protected":false},"featured_media":16002,"comment_status":"open","ping_status":"closed","template":"","meta":{"_joinchat":[]},"product_brand":[],"product_cat":[78],"product_tag":[],"class_list":{"0":"post-16001","1":"product","2":"type-product","3":"status-publish","4":"has-post-thumbnail","6":"product_cat-carte-arduino","8":"first","9":"instock","10":"sale","11":"shipping-taxable","12":"purchasable","13":"product-type-simple"},"_links":{"self":[{"href":"https:\/\/edukeytech.com\/en\/wp-json\/wp\/v2\/product\/16001","targetHints":{"allow":["GET"]}}],"collection":[{"href":"https:\/\/edukeytech.com\/en\/wp-json\/wp\/v2\/product"}],"about":[{"href":"https:\/\/edukeytech.com\/en\/wp-json\/wp\/v2\/types\/product"}],"replies":[{"embeddable":true,"href":"https:\/\/edukeytech.com\/en\/wp-json\/wp\/v2\/comments?post=16001"}],"version-history":[{"count":2,"href":"https:\/\/edukeytech.com\/en\/wp-json\/wp\/v2\/product\/16001\/revisions"}],"predecessor-version":[{"id":16011,"href":"https:\/\/edukeytech.com\/en\/wp-json\/wp\/v2\/product\/16001\/revisions\/16011"}],"wp:featuredmedia":[{"embeddable":true,"href":"https:\/\/edukeytech.com\/en\/wp-json\/wp\/v2\/media\/16002"}],"wp:attachment":[{"href":"https:\/\/edukeytech.com\/en\/wp-json\/wp\/v2\/media?parent=16001"}],"wp:term":[{"taxonomy":"product_brand","embeddable":true,"href":"https:\/\/edukeytech.com\/en\/wp-json\/wp\/v2\/product_brand?post=16001"},{"taxonomy":"product_cat","embeddable":true,"href":"https:\/\/edukeytech.com\/en\/wp-json\/wp\/v2\/product_cat?post=16001"},{"taxonomy":"product_tag","embeddable":true,"href":"https:\/\/edukeytech.com\/en\/wp-json\/wp\/v2\/product_tag?post=16001"}],"curies":[{"name":"wp","href":"https:\/\/api.w.org\/{rel}","templated":true}]}}