{"id":15996,"date":"2025-02-02T17:09:03","date_gmt":"2025-02-02T17:09:03","guid":{"rendered":"https:\/\/edukeytech.com\/?post_type=product&#038;p=15996"},"modified":"2025-03-12T23:26:57","modified_gmt":"2025-03-12T23:26:57","slug":"breadboard-zy-204-1660-points","status":"publish","type":"product","link":"https:\/\/edukeytech.com\/en\/product\/breadboard-zy-204-1660-points\/","title":{"rendered":"BREADBOARD zy-204 &#8211; 1660 points"},"content":{"rendered":"<h5>Breadboard ZY-204 est une platine d\u2019essai sans soudure, pour\u00a0am\u00e9liorer le prototypage et le d\u00e9veloppement de circuits \u00e9lectroniques. Adapt\u00e9e aux projets \u00e9ducatifs et professionnels, pour\u00a0 une construction flexible et rapide des circuits sans n\u00e9cessiter de soudure. Ce produit est particuli\u00e8rement utile pour les prototypes, les tests et les exp\u00e9rimentations.<\/h5>\n<p>&nbsp;<\/p>","protected":false},"excerpt":{"rendered":"<h4>Plaque d\u2019essai ( Breadboard ) 1660 Points, avec 3 connecteur , pour prototypage de vos circuits \u00e9lectroniques.<\/h4>","protected":false},"featured_media":16004,"comment_status":"open","ping_status":"closed","template":"","meta":{"_joinchat":[]},"product_brand":[],"product_cat":[20],"product_tag":[91,92,93,94,95,97,98],"class_list":{"0":"post-15996","1":"product","2":"type-product","3":"status-publish","4":"has-post-thumbnail","6":"product_cat-accessories","7":"product_tag-breadboard","8":"product_tag-carte-electronique-au-maroc","9":"product_tag-composants-electronique-au-maroc","10":"product_tag-labdec","11":"product_tag-materiel-electrique-au-maroc","12":"product_tag-platine","13":"product_tag-testlab","15":"first","16":"outofstock","17":"sale","18":"shipping-taxable","19":"purchasable","20":"product-type-simple"},"_links":{"self":[{"href":"https:\/\/edukeytech.com\/en\/wp-json\/wp\/v2\/product\/15996","targetHints":{"allow":["GET"]}}],"collection":[{"href":"https:\/\/edukeytech.com\/en\/wp-json\/wp\/v2\/product"}],"about":[{"href":"https:\/\/edukeytech.com\/en\/wp-json\/wp\/v2\/types\/product"}],"replies":[{"embeddable":true,"href":"https:\/\/edukeytech.com\/en\/wp-json\/wp\/v2\/comments?post=15996"}],"version-history":[{"count":1,"href":"https:\/\/edukeytech.com\/en\/wp-json\/wp\/v2\/product\/15996\/revisions"}],"predecessor-version":[{"id":15999,"href":"https:\/\/edukeytech.com\/en\/wp-json\/wp\/v2\/product\/15996\/revisions\/15999"}],"wp:featuredmedia":[{"embeddable":true,"href":"https:\/\/edukeytech.com\/en\/wp-json\/wp\/v2\/media\/16004"}],"wp:attachment":[{"href":"https:\/\/edukeytech.com\/en\/wp-json\/wp\/v2\/media?parent=15996"}],"wp:term":[{"taxonomy":"product_brand","embeddable":true,"href":"https:\/\/edukeytech.com\/en\/wp-json\/wp\/v2\/product_brand?post=15996"},{"taxonomy":"product_cat","embeddable":true,"href":"https:\/\/edukeytech.com\/en\/wp-json\/wp\/v2\/product_cat?post=15996"},{"taxonomy":"product_tag","embeddable":true,"href":"https:\/\/edukeytech.com\/en\/wp-json\/wp\/v2\/product_tag?post=15996"}],"curies":[{"name":"wp","href":"https:\/\/api.w.org\/{rel}","templated":true}]}}