{"id":15989,"date":"2025-02-02T16:07:55","date_gmt":"2025-02-02T16:07:55","guid":{"rendered":"https:\/\/edukeytech.com\/?post_type=product&#038;p=15989"},"modified":"2025-03-12T23:25:18","modified_gmt":"2025-03-12T23:25:18","slug":"breaboard-170-points","status":"publish","type":"product","link":"https:\/\/edukeytech.com\/en\/product\/breaboard-170-points\/","title":{"rendered":"Breaboard 170 points"},"content":{"rendered":"<h5>Cette\u00a0<strong>mini\u00a0platine d&rsquo;essais<\/strong>\u00a0(<strong>BreadBoard<\/strong>) 170 points est id\u00e9ale pour r\u00e9aliser vos\u00a0<strong>prototypage<\/strong>.<\/h5>\n<h5>Couleur : Blanche.<\/h5>\n<h5>Ces breadboards disposent d&rsquo;un adh\u00e9sif pour une fixation facile sur l&rsquo;arri\u00e8re.<\/h5>\n<h5><strong style=\"color: #333333;\">Caract\u00e9ristiques:<\/strong><\/h5>\n<h5>\u2022\u00a0Mat\u00e9riel en plastique ABS<\/h5>\n<h5>\u2022\u00a0Plaque en aluminium<\/h5>\n<h5>\u2022\u00a0Coordonn\u00e9e pour un placement facile des composants<\/h5>\n<h5>\u2022\u00a0Accepte un grand nombre de calibres de c\u00e2bles (20 \u00e0 29 AWG)<\/h5>\n<ul>\n<li>\n<h5 style=\"text-align: left;\">Dimensions : 45 mm x 35 mm x 10 mm<\/h5>\n<\/li>\n<\/ul>\n<h5><strong>Avantages:<\/strong><\/h5>\n<h5>-Les diff\u00e9rentes pi\u00e8ces peuvent se r\u00e9utiliser en d\u2019autres projets.<\/h5>\n<h5>-Facile \u00e0 manipuler, pas de soudure.<\/h5>\n<h5>-Permet de modifier les circuits rapidement.<\/h5>\n<h5><\/h5>","protected":false},"excerpt":{"rendered":"<h5>BREADBOARD, PLAQUE D\u2019ESSAI 170 POINTS 6 COULEURS<br \/>\nPlaque d\u2019essai ( Breadboard ), 170 Points en 6 couleurs: rouge, blanc, bleu, vert, noir, jaune pour prototypage de vos circuits \u00e9lectroniques.<\/h5>","protected":false},"featured_media":15991,"comment_status":"open","ping_status":"closed","template":"","meta":{"_joinchat":[]},"product_brand":[],"product_cat":[20],"product_tag":[91,92,93,94,95,96,97,98],"class_list":{"0":"post-15989","1":"product","2":"type-product","3":"status-publish","4":"has-post-thumbnail","6":"product_cat-accessories","7":"product_tag-breadboard","8":"product_tag-carte-electronique-au-maroc","9":"product_tag-composants-electronique-au-maroc","10":"product_tag-labdec","11":"product_tag-materiel-electrique-au-maroc","12":"product_tag-materiel-electronique-au-maroc","13":"product_tag-platine","14":"product_tag-testlab","16":"first","17":"instock","18":"shipping-taxable","19":"purchasable","20":"product-type-simple"},"_links":{"self":[{"href":"https:\/\/edukeytech.com\/en\/wp-json\/wp\/v2\/product\/15989","targetHints":{"allow":["GET"]}}],"collection":[{"href":"https:\/\/edukeytech.com\/en\/wp-json\/wp\/v2\/product"}],"about":[{"href":"https:\/\/edukeytech.com\/en\/wp-json\/wp\/v2\/types\/product"}],"replies":[{"embeddable":true,"href":"https:\/\/edukeytech.com\/en\/wp-json\/wp\/v2\/comments?post=15989"}],"version-history":[{"count":1,"href":"https:\/\/edukeytech.com\/en\/wp-json\/wp\/v2\/product\/15989\/revisions"}],"predecessor-version":[{"id":15994,"href":"https:\/\/edukeytech.com\/en\/wp-json\/wp\/v2\/product\/15989\/revisions\/15994"}],"wp:featuredmedia":[{"embeddable":true,"href":"https:\/\/edukeytech.com\/en\/wp-json\/wp\/v2\/media\/15991"}],"wp:attachment":[{"href":"https:\/\/edukeytech.com\/en\/wp-json\/wp\/v2\/media?parent=15989"}],"wp:term":[{"taxonomy":"product_brand","embeddable":true,"href":"https:\/\/edukeytech.com\/en\/wp-json\/wp\/v2\/product_brand?post=15989"},{"taxonomy":"product_cat","embeddable":true,"href":"https:\/\/edukeytech.com\/en\/wp-json\/wp\/v2\/product_cat?post=15989"},{"taxonomy":"product_tag","embeddable":true,"href":"https:\/\/edukeytech.com\/en\/wp-json\/wp\/v2\/product_tag?post=15989"}],"curies":[{"name":"wp","href":"https:\/\/api.w.org\/{rel}","templated":true}]}}