{"id":15983,"date":"2025-02-02T15:20:40","date_gmt":"2025-02-02T15:20:40","guid":{"rendered":"https:\/\/edukeytech.com\/?post_type=product&#038;p=15983"},"modified":"2025-02-02T16:19:06","modified_gmt":"2025-02-02T16:19:06","slug":"breadboard-830-points","status":"publish","type":"product","link":"https:\/\/edukeytech.com\/en\/product\/breadboard-830-points\/","title":{"rendered":"Breadboard-  830 points."},"content":{"rendered":"<h4>Sur cette plaque on peut ins\u00e9rer les \u00e9l\u00e9ments \u00e9lectroniques et les fils pour le montage et prototypage de circuits \u00e9lectroniques. Elle est fabriqu\u00e9e en deux mat\u00e9riaux, un isolant et un conducteur connectant \u00e9lectriquement les orifices entre eux et suivant un mod\u00e8le horizontal ou vertical. Elle sert \u00e0 cr\u00e9er et \u00e0 tester des prototypes de circuits \u00e9lectroniques avant d\u2019arriver \u00e0 l\u2019impression m\u00e9canique du circuit.<\/h4>\n<h5><strong>Caract\u00e9ristiques:<\/strong><\/h5>\n<h5>\u2022Totalement r\u00e9utilisable<\/h5>\n<h5>\u2022\u00a0Trois bornes de raccordement<\/h5>\n<h5>\u2022\u00a0Mat\u00e9riel en plastique ABS<\/h5>\n<h5>\u2022\u00a0Plaque en aluminium<\/h5>\n<h5>\u2022\u00a0Coordonn\u00e9e pour un placement facile des composants<\/h5>\n<h5>\u2022\u00a0Accepte un grand nombre de calibres de c\u00e2bles (20 \u00e0 29 AWG)<\/h5>\n<ul>\n<li>\n<h5>Poids:69g<\/h5>\n<\/li>\n<li>\n<h5>Dimension:165mm x 55mm x 9mm<\/h5>\n<\/li>\n<\/ul>\n<h5><strong>Avantages:<\/strong><\/h5>\n<h5>-Les diff\u00e9rentes pi\u00e8ces peuvent se r\u00e9utiliser en d\u2019autres projets.<\/h5>\n<h5>-Facile \u00e0 manipuler, pas de soudure.<\/h5>\n<h5>-Permet de modifier les circuits rapidement.<\/h5>","protected":false},"excerpt":{"rendered":"<h1>Breadboard ( Plaque d\u2019essai)<\/h1>\n<ul>\n<li>\n<h3>430 points et 2 lignes de puissances<\/h3>\n<\/li>\n<li>\n<h3>Dimension:165mm x 54mm x 8.5mm<\/h3>\n<\/li>\n<li>\n<h3>Adh\u00e9sive<\/h3>\n<\/li>\n<li>\n<h3>Peut se verrouiller \u00e0 d\u2019autres breadboards pour des projets plus importants<\/h3>\n<\/li>\n<\/ul>","protected":false},"featured_media":15975,"comment_status":"open","ping_status":"closed","template":"","meta":{"_joinchat":[]},"product_brand":[],"product_cat":[20],"product_tag":[91,92,93,94,95,96,97,90,98],"class_list":{"0":"post-15983","1":"product","2":"type-product","3":"status-publish","4":"has-post-thumbnail","6":"product_cat-accessories","7":"product_tag-breadboard","8":"product_tag-carte-electronique-au-maroc","9":"product_tag-composants-electronique-au-maroc","10":"product_tag-labdec","11":"product_tag-materiel-electrique-au-maroc","12":"product_tag-materiel-electronique-au-maroc","13":"product_tag-platine","14":"product_tag-ref","15":"product_tag-testlab","17":"first","18":"instock","19":"sale","20":"shipping-taxable","21":"purchasable","22":"product-type-simple"},"_links":{"self":[{"href":"https:\/\/edukeytech.com\/en\/wp-json\/wp\/v2\/product\/15983","targetHints":{"allow":["GET"]}}],"collection":[{"href":"https:\/\/edukeytech.com\/en\/wp-json\/wp\/v2\/product"}],"about":[{"href":"https:\/\/edukeytech.com\/en\/wp-json\/wp\/v2\/types\/product"}],"replies":[{"embeddable":true,"href":"https:\/\/edukeytech.com\/en\/wp-json\/wp\/v2\/comments?post=15983"}],"version-history":[{"count":2,"href":"https:\/\/edukeytech.com\/en\/wp-json\/wp\/v2\/product\/15983\/revisions"}],"predecessor-version":[{"id":15988,"href":"https:\/\/edukeytech.com\/en\/wp-json\/wp\/v2\/product\/15983\/revisions\/15988"}],"wp:featuredmedia":[{"embeddable":true,"href":"https:\/\/edukeytech.com\/en\/wp-json\/wp\/v2\/media\/15975"}],"wp:attachment":[{"href":"https:\/\/edukeytech.com\/en\/wp-json\/wp\/v2\/media?parent=15983"}],"wp:term":[{"taxonomy":"product_brand","embeddable":true,"href":"https:\/\/edukeytech.com\/en\/wp-json\/wp\/v2\/product_brand?post=15983"},{"taxonomy":"product_cat","embeddable":true,"href":"https:\/\/edukeytech.com\/en\/wp-json\/wp\/v2\/product_cat?post=15983"},{"taxonomy":"product_tag","embeddable":true,"href":"https:\/\/edukeytech.com\/en\/wp-json\/wp\/v2\/product_tag?post=15983"}],"curies":[{"name":"wp","href":"https:\/\/api.w.org\/{rel}","templated":true}]}}