{"id":15967,"date":"2025-02-02T14:10:46","date_gmt":"2025-02-02T14:10:46","guid":{"rendered":"https:\/\/edukeytech.com\/?post_type=product&#038;p=15967"},"modified":"2025-03-12T23:19:13","modified_gmt":"2025-03-12T23:19:13","slug":"plaque-dessai","status":"publish","type":"product","link":"https:\/\/edukeytech.com\/en\/product\/plaque-dessai\/","title":{"rendered":"Breaboard 400 points"},"content":{"rendered":"<h5>Sur cette plaque on peut ins\u00e9rer les \u00e9l\u00e9ments \u00e9lectroniques et les fils pour le montage et le prototypage de circuits \u00e9lectroniques. Elle est fabriqu\u00e9e en deux mat\u00e9riaux, un isolant et un conducteur connectant \u00e9lectriquement les orifices entre eux et suivant un mod\u00e8le horizontal ou vertical. Elle sert \u00e0 cr\u00e9er et \u00e0 tester des prototypes de circuits \u00e9lectroniques avant d&rsquo;arriver \u00e0 l&rsquo;impression m\u00e9canique du circuit.<\/h5>\n<h4><strong>caract\u00e9ristiques\u00a0<\/strong><\/h4>\n<ul>\n<li>\n<h5>Mat\u00e9riel de panneau\u00a0: plastique blanc d&rsquo;ABS<\/h5>\n<\/li>\n<li>\n<h5>400 points de raccordement au total\u00a0: zone de circuit int\u00e9gr\u00e9 de 300 points de raccordement plus quatre rails d&rsquo;alimentation de 25 points de raccordement<\/h5>\n<\/li>\n<li>\n<h5>Type de contact\u00a0: Bandes m\u00e9talliques mixtes<\/h5>\n<\/li>\n<li>\n<h5>Clips d&rsquo;extension\u00a0: Oui (peut s&rsquo;\u00e9tendre avec d&rsquo;autres cartes)<\/h5>\n<\/li>\n<li>\n<h5>Emballage inclus : 3pcs 400 points de connexion<\/h5>\n<\/li>\n<li>\n<h5>Poids:35,9g<\/h5>\n<\/li>\n<li>\n<h5>Dimension:84mm x 55mm x 9mm<\/h5>\n<\/li>\n<\/ul>\n<h4><strong>Avantage\u00a0:<\/strong><\/h4>\n<ul>\n<li>\n<h5>Les diff\u00e9rentes pi\u00e8ces peuvent se r\u00e9utiliser en d&rsquo;autres projets.<\/h5>\n<\/li>\n<li>\n<h5>Facile \u00e0 manipuler, pas de soudure.<\/h5>\n<\/li>\n<li>\n<h5>Permet de modifier rapidement les circuits<\/h5>\n<\/li>\n<\/ul>","protected":false},"excerpt":{"rendered":"<h1>Breadboard ( Plaque d&rsquo;essai)<\/h1>\n<ul>\n<li style=\"text-align: left;\">\n<h3>400 points et 2 lignes de puissances<\/h3>\n<\/li>\n<li>\n<h3>Dimension:84mm x 55mm x 9mm<\/h3>\n<\/li>\n<li>\n<h3>Adh\u00e9sive<\/h3>\n<\/li>\n<li>\n<h3>Peut se verrouiller \u00e0 d\u2019autres breadboards pour des projets plus importants<\/h3>\n<\/li>\n<\/ul>","protected":false},"featured_media":15969,"comment_status":"open","ping_status":"closed","template":"","meta":{"_joinchat":[]},"product_brand":[],"product_cat":[20,81],"product_tag":[91,92,93,94,95,96,97,98],"class_list":{"0":"post-15967","1":"product","2":"type-product","3":"status-publish","4":"has-post-thumbnail","6":"product_cat-accessories","7":"product_cat-robotique-outil","8":"product_tag-breadboard","9":"product_tag-carte-electronique-au-maroc","10":"product_tag-composants-electronique-au-maroc","11":"product_tag-labdec","12":"product_tag-materiel-electrique-au-maroc","13":"product_tag-materiel-electronique-au-maroc","14":"product_tag-platine","15":"product_tag-testlab","17":"first","18":"instock","19":"sale","20":"shipping-taxable","21":"purchasable","22":"product-type-simple"},"_links":{"self":[{"href":"https:\/\/edukeytech.com\/en\/wp-json\/wp\/v2\/product\/15967","targetHints":{"allow":["GET"]}}],"collection":[{"href":"https:\/\/edukeytech.com\/en\/wp-json\/wp\/v2\/product"}],"about":[{"href":"https:\/\/edukeytech.com\/en\/wp-json\/wp\/v2\/types\/product"}],"replies":[{"embeddable":true,"href":"https:\/\/edukeytech.com\/en\/wp-json\/wp\/v2\/comments?post=15967"}],"version-history":[{"count":7,"href":"https:\/\/edukeytech.com\/en\/wp-json\/wp\/v2\/product\/15967\/revisions"}],"predecessor-version":[{"id":15981,"href":"https:\/\/edukeytech.com\/en\/wp-json\/wp\/v2\/product\/15967\/revisions\/15981"}],"wp:featuredmedia":[{"embeddable":true,"href":"https:\/\/edukeytech.com\/en\/wp-json\/wp\/v2\/media\/15969"}],"wp:attachment":[{"href":"https:\/\/edukeytech.com\/en\/wp-json\/wp\/v2\/media?parent=15967"}],"wp:term":[{"taxonomy":"product_brand","embeddable":true,"href":"https:\/\/edukeytech.com\/en\/wp-json\/wp\/v2\/product_brand?post=15967"},{"taxonomy":"product_cat","embeddable":true,"href":"https:\/\/edukeytech.com\/en\/wp-json\/wp\/v2\/product_cat?post=15967"},{"taxonomy":"product_tag","embeddable":true,"href":"https:\/\/edukeytech.com\/en\/wp-json\/wp\/v2\/product_tag?post=15967"}],"curies":[{"name":"wp","href":"https:\/\/api.w.org\/{rel}","templated":true}]}}