{"id":2,"date":"2025-01-05T22:44:54","date_gmt":"2025-01-05T22:44:54","guid":{"rendered":"https:\/\/edukeytech.com\/?page_id=2"},"modified":"2025-01-05T22:45:08","modified_gmt":"2025-01-05T22:45:08","slug":"livraison-retours","status":"publish","type":"page","link":"https:\/\/edukeytech.com\/en\/livraison-retours\/","title":{"rendered":"Shipping &amp; Returns"},"content":{"rendered":"<p>Votre colis est exp\u00e9di\u00e9 avec une protection &amp; un soin particulier.<\/p><h4 class=\"wp-block-heading\">LE TRANSPORT DE VOTRE COLIS :<\/h4><p>Les colis serons exp\u00e9di\u00e9s en 24h apr\u00e8s r\u00e9ception de votre paiement.Les frais d\u2019exp\u00e9dition comprennent l\u2019emballage, la manutention et les frais postaux. Nous vous conseillons de regrouper vos achats en une unique commande.<\/p><p>Votre colis est exp\u00e9di\u00e9 avec une protection, un soin particulier est apport\u00e9 au colis contenant des produits fragiles..<\/p><p>Les colis sont surdimensionn\u00e9s et prot\u00e9g\u00e9s.<\/p><h4 class=\"wp-block-heading\">LES FRAIS DE LIVRAISON :<\/h4><p>LIVRAISON GRATUITE PARTOUT AU MAROC SUR TOUS NOS PRODUITS&nbsp;<\/p>","protected":false},"excerpt":{"rendered":"<p>Votre colis est exp\u00e9di\u00e9 avec une protection &amp; un soin particulier. LE TRANSPORT DE VOTRE COLIS : Les colis serons<\/p>","protected":false},"author":1,"featured_media":0,"parent":0,"menu_order":0,"comment_status":"closed","ping_status":"open","template":"","meta":{"_joinchat":[],"footnotes":""},"class_list":["post-2","page","type-page","status-publish","hentry"],"_links":{"self":[{"href":"https:\/\/edukeytech.com\/en\/wp-json\/wp\/v2\/pages\/2","targetHints":{"allow":["GET"]}}],"collection":[{"href":"https:\/\/edukeytech.com\/en\/wp-json\/wp\/v2\/pages"}],"about":[{"href":"https:\/\/edukeytech.com\/en\/wp-json\/wp\/v2\/types\/page"}],"author":[{"embeddable":true,"href":"https:\/\/edukeytech.com\/en\/wp-json\/wp\/v2\/users\/1"}],"replies":[{"embeddable":true,"href":"https:\/\/edukeytech.com\/en\/wp-json\/wp\/v2\/comments?post=2"}],"version-history":[{"count":2,"href":"https:\/\/edukeytech.com\/en\/wp-json\/wp\/v2\/pages\/2\/revisions"}],"predecessor-version":[{"id":15627,"href":"https:\/\/edukeytech.com\/en\/wp-json\/wp\/v2\/pages\/2\/revisions\/15627"}],"wp:attachment":[{"href":"https:\/\/edukeytech.com\/en\/wp-json\/wp\/v2\/media?parent=2"}],"curies":[{"name":"wp","href":"https:\/\/api.w.org\/{rel}","templated":true}]}}